{"id":222,"date":"2025-12-21T09:18:25","date_gmt":"2025-12-21T09:18:25","guid":{"rendered":"https:\/\/www.vakavasti.fi\/?page_id=222"},"modified":"2025-12-21T12:43:38","modified_gmt":"2025-12-21T12:43:38","slug":"etulehti-eli-kokoelman-tarkein-sivu","status":"publish","type":"page","link":"https:\/\/www.vakavasti.fi\/index.php\/etulehti-eli-kokoelman-tarkein-sivu\/","title":{"rendered":"Etulehti eli kokoelman t\u00e4rkein sivu"},"content":{"rendered":"\n<div class=\"wp-block-group alignfull has-global-padding is-layout-constrained wp-container-core-group-is-layout-4e17e602 wp-block-group-is-layout-constrained\" style=\"padding-top:var(--wp--preset--spacing--superbspacing-medium);padding-right:var(--wp--preset--spacing--superbspacing-small);padding-bottom:var(--wp--preset--spacing--superbspacing-medium);padding-left:var(--wp--preset--spacing--superbspacing-small)\">\n<div class=\"wp-block-group is-layout-flow wp-container-core-group-is-layout-3fbca637 wp-block-group-is-layout-flow\">\n<p class=\"has-superbfont-small-font-size\">Etulehdest\u00e4 on SREV:ss\u00e4 s\u00e4\u00e4d\u00f6ksi\u00e4 ja muodollisesti etulehti vaikuttaa k\u00e4sittely-osa-alueen pistekertym\u00e4\u00e4n, mutta etulehdell\u00e4 on v\u00e4lillisi\u00e4 vaikutuksia. T\u00e4ss\u00e4 osassa n\u00e4hd\u00e4\u00e4n, ett\u00e4 v\u00e4ite kokoelman t\u00e4rkeimm\u00e4st\u00e4 sivusta ei ole perusteeton.<\/p>\n\n\n\n<p class=\"has-superbfont-small-font-size\">Etulehti on paikka kertoa kokoelman<br>&#8211; rakenne,<br>&#8211; rajaus ja<br>&#8211; tavoite.<\/p>\n\n\n\n<p class=\"has-superbfont-small-font-size\">Jos ei ole selvyytt\u00e4, mit\u00e4 kokoelmassa pyrit\u00e4\u00e4n k\u00e4sittelem\u00e4\u00e4n eli miten kokoelma on j\u00e4sennelty, miten kokoelman aihe on rajattu ja mit\u00e4 kokoelmalla halutaan kertoa\/esitt\u00e4\u00e4, kaikkia kokoelman ansaitsemia k\u00e4sittely-pisteit\u00e4 ei saada. Vastaavista syist\u00e4 aiheen merkitys j\u00e4\u00e4 ep\u00e4selv\u00e4ksi, jolloin kaikkia kokoelman muutoin ansaitsemia merkitys-pisteit\u00e4 ei saada.<\/p>\n\n\n\n<p class=\"has-superbfont-small-font-size\">Olen aika ajoin todennut, ett\u00e4 jos haluaa m\u00f6hli\u00e4 kokoelmansa, niin helpoiten se k\u00e4y laatimalla etulehti huonosti. Ilke\u00e4mieliset sanoisivat huitasemalla.<\/p>\n\n\n\n<p class=\"has-superbfont-small-font-size\">Hyv\u00e4n etulehden laatimiseksi tarvitsee huolehtia varsin \u00e4\u00e4rellisest\u00e4 m\u00e4\u00e4r\u00e4st\u00e4 asioita. Seuraavassa k\u00e4yd\u00e4\u00e4n l\u00e4pi n\u00e4m\u00e4 asiat.<\/p>\n\n\n\n<div style=\"height:10px\" aria-hidden=\"true\" class=\"wp-block-spacer\"><\/div>\n\n\n\n<blockquote class=\"wp-block-quote is-layout-flow wp-block-quote-is-layout-flow\">\n<p class=\"has-vivid-cyan-blue-color has-text-color has-link-color wp-elements-bfb70deee95f7f4a1b8d3f94e19b884d\"><em>\u00a0\u201dOttaen huomioon, miten v\u00e4h\u00e4n etulehdelle tarvitaan, niin on k\u00e4sitt\u00e4m\u00e4t\u00f6nt\u00e4, ett\u00e4 tuotakaan v\u00e4h\u00e4\u00e4 ei usein jakseta panostaa!\u201d<\/em><\/p>\n<\/blockquote>\n\n\n\n<div style=\"height:10px\" aria-hidden=\"true\" class=\"wp-block-spacer\"><\/div>\n\n\n\n<p class=\"has-superbfont-small-font-size\">SREV:ss\u00e4 ei moniakaan asioita sanota tarkasti, vaan kuvaillen.&nbsp;<strong>Mit\u00e4 etulehdell\u00e4 tulee olla<\/strong>, niin siit\u00e4 SREV antaa t\u00e4sm\u00e4llisen luettelon. N\u00e4in ollen kaikki nuo asiat tulee olla etulehdell\u00e4 huomioituna. Mit\u00e4\u00e4n noista asioista ei tule j\u00e4tt\u00e4\u00e4 etulehdelt\u00e4 pois.<\/p>\n\n\n\n<p class=\"has-superbfont-small-font-size\">N\u00e4m\u00e4 pakolliset asiat ovat<br>&#8211; kokoelman otsikko<br>&#8211; kuvaus kokoelman tarkoituksesta<br>&#8211; kuvaus kokoelman rajauksesta<br>&#8211; kokoelman sis\u00e4llysluettelo luvuittain tai jaksoittain<br>&#8211; t\u00e4rkeimpien l\u00e4hdeteosten luettelo<br>&#8211; tiedot n\u00e4ytteilleasettajan aiheeseen liittyv\u00e4st\u00e4 omasta tutkimuksesta (jos sellaista on)<\/p>\n\n\n\n<p class=\"has-superbfont-small-font-size\">&#8220;Kokoelman tavoite, aiheen rajaus ja tarina&#8221; -osassa kerrottiin tarinan luontiin liittyvist\u00e4 ydinasioina:<br>&#8211; kokoelman otsikosta,<br>&#8211; kokoelman tarkoituksen yksil\u00f6innist\u00e4 ja<br>&#8211; kokoelman rajauksen m\u00e4\u00e4ritt\u00e4misest\u00e4.<\/p>\n\n\n\n<p class=\"has-superbfont-small-font-size\">N\u00e4m\u00e4 etulehdell\u00e4 vaadittavat asiat kokoelman laatijalla on siis jo tiedossa. Ne vain tulee kirjoittaa etulehdelle.<\/p>\n\n\n\n<p class=\"has-text-align-center has-superbfont-small-font-size\">\/ \/ \/<\/p>\n\n\n\n<p class=\"has-superbfont-small-font-size\">Kokoelman j\u00e4sentelyn eli k\u00e4sitelt\u00e4vien asioiden luettelo laadittiin ensimm\u00e4isen\u00e4 ryhdytt\u00e4ess\u00e4 kirjoittamaan tarinaa, jonka kokoelmasi tulee kertomaan (my\u00f6s t\u00e4m\u00e4 k\u00e4siteltiin t\u00e4m\u00e4n webinaarisarjan ensimm\u00e4isess\u00e4 osassa). Siit\u00e4 saadaan teksti sis\u00e4llysluetteloon. Sivunumerot lis\u00e4t\u00e4\u00e4n, kun kaikki kokoelmalehdet on saatu laadittua.<\/p>\n\n\n\n<p class=\"has-superbfont-small-font-size\">Sis\u00e4llysluettelo tulee esitt\u00e4\u00e4 luvuittain tai jaksoittain, ei kehyksitt\u00e4in:<\/p>\n\n\n\n<figure class=\"wp-block-image size-large\" style=\"margin-right:var(--wp--preset--spacing--superbspacing-xxlarge);margin-left:var(--wp--preset--spacing--superbspacing-xxlarge)\"><img loading=\"lazy\" decoding=\"async\" width=\"997\" height=\"1024\" src=\"https:\/\/www.vakavasti.fi\/wp-content\/uploads\/2025\/12\/etulehti-kuva1-997x1024.jpg\" alt=\"\" class=\"wp-image-36\" srcset=\"https:\/\/www.vakavasti.fi\/wp-content\/uploads\/2025\/12\/etulehti-kuva1-997x1024.jpg 997w, https:\/\/www.vakavasti.fi\/wp-content\/uploads\/2025\/12\/etulehti-kuva1-292x300.jpg 292w, https:\/\/www.vakavasti.fi\/wp-content\/uploads\/2025\/12\/etulehti-kuva1-768x789.jpg 768w, https:\/\/www.vakavasti.fi\/wp-content\/uploads\/2025\/12\/etulehti-kuva1.jpg 1409w\" sizes=\"auto, (max-width: 997px) 100vw, 997px\" \/><\/figure>\n\n\n\n<p class=\"has-text-align-center has-superbfont-small-font-size\">\/ \/ \/<\/p>\n\n\n\n<p class=\"has-superbfont-small-font-size\">Kokoelman tarinan laadinnassa tyypillisest\u00e4 tukeudutaan erilaisiin l\u00e4hteisiin. N\u00e4m\u00e4 \u2013 tai jos niit\u00e4 on hyvin runsaasti, niin t\u00e4rkeimm\u00e4t \u2013 tulee luetella etulehdell\u00e4.<\/p>\n\n\n\n<p class=\"has-superbfont-small-font-size\">Mit\u00e4 paremmin n\u00e4ytteilleasettaja tuntee kokoelmansa aiheen l\u00e4hdeteokset, niin sill\u00e4 on merkityst\u00e4 filateelisia tietoja arvioitaessa.<\/p>\n\n\n\n<p class=\"has-superbfont-small-font-size\">L\u00e4hdekirjallisuuden joukkoon on toivottavaa listata my\u00f6s sellaisia teoksia, jotka ovat kohtuullisen helposti saatavilla olevia. N\u00e4in tuomarit, jotka saavat etulehdet \u2013 tai ainakin ilmoittautumisen yhteydess\u00e4 toimitetut alustavat versio etulehdist\u00e4 \u2013 voivat etsi\u00e4 ne k\u00e4ytt\u00f6\u00f6ns\u00e4 tutustuessaan kokoelman aiheeseen ennen n\u00e4yttely\u00e4.<\/p>\n\n\n\n<p class=\"has-superbfont-small-font-size\">Jos n\u00e4ytteilleasettaja itse on kirjoittanut kokoelmansa aiheesta, niin on eduksi tuoda se selke\u00e4sti esille. T\u00e4ss\u00e4 alla esimerkkin\u00e4 n\u00e4ht\u00e4v\u00e4 Laitisen Ari k\u00e4ytt\u00e4m\u00e4 tapa on varsin kelvollinen.<\/p>\n\n\n\n<figure class=\"wp-block-image size-large\" style=\"margin-right:var(--wp--preset--spacing--superbspacing-medium);margin-left:var(--wp--preset--spacing--superbspacing-medium)\"><img loading=\"lazy\" decoding=\"async\" width=\"1024\" height=\"622\" src=\"https:\/\/www.vakavasti.fi\/wp-content\/uploads\/2025\/12\/etulehti-kuva2-1024x622.jpg\" alt=\"\" class=\"wp-image-37\" srcset=\"https:\/\/www.vakavasti.fi\/wp-content\/uploads\/2025\/12\/etulehti-kuva2-1024x622.jpg 1024w, https:\/\/www.vakavasti.fi\/wp-content\/uploads\/2025\/12\/etulehti-kuva2-300x182.jpg 300w, https:\/\/www.vakavasti.fi\/wp-content\/uploads\/2025\/12\/etulehti-kuva2-768x466.jpg 768w, https:\/\/www.vakavasti.fi\/wp-content\/uploads\/2025\/12\/etulehti-kuva2-1536x933.jpg 1536w, https:\/\/www.vakavasti.fi\/wp-content\/uploads\/2025\/12\/etulehti-kuva2.jpg 1793w\" sizes=\"auto, (max-width: 1024px) 100vw, 1024px\" \/><\/figure>\n\n\n\n<p class=\"has-text-align-center has-superbfont-small-font-size\">\/ \/ \/<\/p>\n\n\n\n<p class=\"has-superbfont-small-font-size\">Jos n\u00e4ytteilleasettaja on kokoelman aiheeseen liittyen tehnyt omaa tutkimusta, niin sit\u00e4 ei kannata j\u00e4tt\u00e4\u00e4 kertomatta. Etevimmill\u00e4\u00e4n t\u00e4m\u00e4 tapahtuu siten, ett\u00e4 laatii tutkimustuloksista artikkelin tai artikkeleita lehteen, liitt\u00e4\u00e4 n\u00e4m\u00e4 artikkelit l\u00e4hdeluetteloon ja henkil\u00f6kohtaisesta tutkimuksesta kerrottaessa viittaa n\u00e4ihin l\u00e4hdeluettelossa mainittuihin teoksiin. T\u00e4lt\u00e4 osin ote Roivaisen Antin kokoelman etulehdest\u00e4 toimii kelpo esimerkkin\u00e4.<\/p>\n\n\n\n<figure class=\"wp-block-image size-large\"><img loading=\"lazy\" decoding=\"async\" width=\"1024\" height=\"222\" src=\"https:\/\/www.vakavasti.fi\/wp-content\/uploads\/2025\/12\/etulehti-kuva3a-1024x222.jpg\" alt=\"\" class=\"wp-image-38\" srcset=\"https:\/\/www.vakavasti.fi\/wp-content\/uploads\/2025\/12\/etulehti-kuva3a-1024x222.jpg 1024w, https:\/\/www.vakavasti.fi\/wp-content\/uploads\/2025\/12\/etulehti-kuva3a-300x65.jpg 300w, https:\/\/www.vakavasti.fi\/wp-content\/uploads\/2025\/12\/etulehti-kuva3a-768x166.jpg 768w, https:\/\/www.vakavasti.fi\/wp-content\/uploads\/2025\/12\/etulehti-kuva3a-1536x332.jpg 1536w, https:\/\/www.vakavasti.fi\/wp-content\/uploads\/2025\/12\/etulehti-kuva3a-2048x443.jpg 2048w\" sizes=\"auto, (max-width: 1024px) 100vw, 1024px\" \/><\/figure>\n\n\n\n<p class=\"has-superbfont-small-font-size\">Jos havaintoja ei ole tavattomasti \u2013 artikkeliin asti \u2013 niin havainnot voi listata etulehdell\u00e4, kuten alla n\u00e4ht\u00e4v\u00e4ss\u00e4 esimerkiss\u00e4 on tehty.<\/p>\n\n\n\n<figure class=\"wp-block-image size-large\" style=\"margin-right:var(--wp--preset--spacing--superbspacing-medium);margin-left:var(--wp--preset--spacing--superbspacing-medium)\"><img loading=\"lazy\" decoding=\"async\" width=\"1024\" height=\"79\" src=\"https:\/\/www.vakavasti.fi\/wp-content\/uploads\/2025\/12\/etulehti-kuva3b-1024x79.jpg\" alt=\"\" class=\"wp-image-39\" srcset=\"https:\/\/www.vakavasti.fi\/wp-content\/uploads\/2025\/12\/etulehti-kuva3b-1024x79.jpg 1024w, https:\/\/www.vakavasti.fi\/wp-content\/uploads\/2025\/12\/etulehti-kuva3b-300x23.jpg 300w, https:\/\/www.vakavasti.fi\/wp-content\/uploads\/2025\/12\/etulehti-kuva3b-768x59.jpg 768w, https:\/\/www.vakavasti.fi\/wp-content\/uploads\/2025\/12\/etulehti-kuva3b-1536x118.jpg 1536w, https:\/\/www.vakavasti.fi\/wp-content\/uploads\/2025\/12\/etulehti-kuva3b.jpg 1755w\" sizes=\"auto, (max-width: 1024px) 100vw, 1024px\" \/><\/figure>\n\n\n\n<p class=\"has-text-align-center\">\/ \/ \/<\/p>\n\n\n\n<p class=\"has-superbfont-small-font-size\">Tilan salliessa napakka johdattelu kokoelman aiheeseen, kokoelman aiheen taustoitus.<\/p>\n\n\n\n<figure class=\"wp-block-image size-large\"><img loading=\"lazy\" decoding=\"async\" width=\"1024\" height=\"317\" src=\"https:\/\/www.vakavasti.fi\/wp-content\/uploads\/2025\/12\/etulehti-kuva4-1024x317.jpg\" alt=\"\" class=\"wp-image-40\" srcset=\"https:\/\/www.vakavasti.fi\/wp-content\/uploads\/2025\/12\/etulehti-kuva4-1024x317.jpg 1024w, https:\/\/www.vakavasti.fi\/wp-content\/uploads\/2025\/12\/etulehti-kuva4-300x93.jpg 300w, https:\/\/www.vakavasti.fi\/wp-content\/uploads\/2025\/12\/etulehti-kuva4-768x238.jpg 768w, https:\/\/www.vakavasti.fi\/wp-content\/uploads\/2025\/12\/etulehti-kuva4-1536x475.jpg 1536w, https:\/\/www.vakavasti.fi\/wp-content\/uploads\/2025\/12\/etulehti-kuva4-2048x633.jpg 2048w\" sizes=\"auto, (max-width: 1024px) 100vw, 1024px\" \/><\/figure>\n\n\n\n<p class=\"has-superbfont-small-font-size\">Se voi my\u00f6s olla kokoelman aiheeseen johdattelua, mit\u00e4 on tapahtunut ennen kokoelman k\u00e4sittelev\u00e4n ajanjakson alkua, mik\u00e4 kehitys on johtanut kokoelmassa esitelt\u00e4v\u00e4n aiheen syntyy yms.<\/p>\n\n\n\n<p class=\"has-superbfont-small-font-size\">Taustasta kertovat tekstin on syyt\u00e4 olla lyhyt ja kuuluttava asiaan. Olen n\u00e4hnyt koko etulehden mittaisia tekstej\u00e4, jossa on kerrottu kaikenlaista, mutta ei juurikaan mit\u00e4\u00e4n kokoelman aiheeseen liittyv\u00e4\u00e4 tai siihen johtavaa.<\/p>\n\n\n\n<p class=\"has-text-align-center has-superbfont-small-font-size\">\/ \/ \/<\/p>\n\n\n\n<p class=\"has-superbfont-small-font-size\">Edelleen, jos etulehden tila sallii, niin voi \u2013 ja on jopa hyv\u00e4ksi \u2013 selitt\u00e4\u00e4 kokoelmassa k\u00e4ytetyt lyhenteet. Jos kokoelman tekstityksess\u00e4 k\u00e4ytt\u00e4\u00e4 eri v\u00e4rej\u00e4 tai kirjasinlajeja, niin niiden tarkoitus on paikallaan my\u00f6s kertoa, kuten n\u00e4ht\u00e4v\u00e4ss\u00e4 esimerkiss\u00e4 on tehty.<\/p>\n\n\n\n<figure class=\"wp-block-image size-large\"><img loading=\"lazy\" decoding=\"async\" width=\"1024\" height=\"163\" src=\"https:\/\/www.vakavasti.fi\/wp-content\/uploads\/2025\/12\/etulehti-kuva5-1024x163.jpg\" alt=\"\" class=\"wp-image-41\" srcset=\"https:\/\/www.vakavasti.fi\/wp-content\/uploads\/2025\/12\/etulehti-kuva5-1024x163.jpg 1024w, https:\/\/www.vakavasti.fi\/wp-content\/uploads\/2025\/12\/etulehti-kuva5-300x48.jpg 300w, https:\/\/www.vakavasti.fi\/wp-content\/uploads\/2025\/12\/etulehti-kuva5-768x122.jpg 768w, https:\/\/www.vakavasti.fi\/wp-content\/uploads\/2025\/12\/etulehti-kuva5-1536x244.jpg 1536w, https:\/\/www.vakavasti.fi\/wp-content\/uploads\/2025\/12\/etulehti-kuva5-2048x326.jpg 2048w\" sizes=\"auto, (max-width: 1024px) 100vw, 1024px\" \/><\/figure>\n\n\n\n<div style=\"height:10px\" aria-hidden=\"true\" class=\"wp-block-spacer\"><\/div>\n\n\n\n<hr class=\"wp-block-separator has-alpha-channel-opacity\"\/>\n\n\n\n<div style=\"height:10px\" aria-hidden=\"true\" class=\"wp-block-spacer\"><\/div>\n\n\n\n<p class=\"has-superbfont-small-font-size\">Katsokaamme edell\u00e4 esiteltyj\u00e4 seikkoja esimerkin kautta [koko esimerkkin\u00e4 k\u00e4ytett\u00e4v\u00e4 etulehti aukeaa isompana omaan ikkunaansa t\u00e4st\u00e4\u00a0<a href=\"https:\/\/www.vakavasti.fi\/wp-content\/uploads\/2025\/12\/etulehti-esimerkki1.pdf\" data-type=\"link\" data-id=\"https:\/\/www.vakavasti.fi\/wp-content\/uploads\/2025\/12\/etulehti-esimerkki1.pdf\" target=\"_blank\" rel=\"noreferrer noopener\">linkist\u00e4<\/a>.]:<\/p>\n\n\n\n<figure class=\"wp-block-image size-large\"><img loading=\"lazy\" decoding=\"async\" width=\"1024\" height=\"492\" src=\"https:\/\/www.vakavasti.fi\/wp-content\/uploads\/2025\/12\/etulehti-kuva6-1024x492.jpg\" alt=\"\" class=\"wp-image-42\" srcset=\"https:\/\/www.vakavasti.fi\/wp-content\/uploads\/2025\/12\/etulehti-kuva6-1024x492.jpg 1024w, https:\/\/www.vakavasti.fi\/wp-content\/uploads\/2025\/12\/etulehti-kuva6-300x144.jpg 300w, https:\/\/www.vakavasti.fi\/wp-content\/uploads\/2025\/12\/etulehti-kuva6-768x369.jpg 768w, https:\/\/www.vakavasti.fi\/wp-content\/uploads\/2025\/12\/etulehti-kuva6-1536x737.jpg 1536w, https:\/\/www.vakavasti.fi\/wp-content\/uploads\/2025\/12\/etulehti-kuva6-2048x983.jpg 2048w\" sizes=\"auto, (max-width: 1024px) 100vw, 1024px\" \/><\/figure>\n\n\n\n<p class=\"has-superbfont-small-font-size\"><em>Otsikko<\/em>&nbsp;\u2013 Se selke\u00e4sti esille sivulla ylimm\u00e4ksi. Otsikon laadinnasta on kerrottu enemm\u00e4n webinaarisarjan ensimm\u00e4isess\u00e4 osassa.<\/p>\n\n\n\n<p class=\"has-superbfont-small-font-size\"><em>Rajaus<\/em>&nbsp;\u2013 T\u00e4ss\u00e4 rajaus k\u00e4y ilmi otsikosta, mik\u00e4 on etevin tapa. Jos rajaus on pidempi, tai haluaa t\u00e4sment\u00e4\u00e4 otsikkoon kirjoitettua, sen voi esitt\u00e4\u00e4 muutamalla lauseella omana kappaleenaan tekstin alussa. Kokoelman aiheen rajaamisesta on my\u00f6s kerrottu enemm\u00e4n webinaarisarjan ensimm\u00e4isess\u00e4 osassa.<\/p>\n\n\n\n<p class=\"has-superbfont-small-font-size\"><em>Tarkoitus<\/em>&nbsp;\u2013 Kokoelman nimi ei v\u00e4ltt\u00e4m\u00e4tt\u00e4 kerro riitt\u00e4v\u00e4sti, mit\u00e4 kokoelma esitt\u00e4\u00e4 esimerkiksi aiheeseen perehtym\u00e4tt\u00f6m\u00e4lle katsojalle \u2013 n\u00e4yttelytuomareista nyt puhumattakaan. T\u00e4m\u00e4n vuoksi kokoelman tavoite eli tarkoitus on hyv\u00e4 kertoa lyhyesti eli ytimekk\u00e4\u00e4sti. My\u00f6s tarkoituksesta on kerrottu enemm\u00e4n webinaarisarjan ensimm\u00e4isess\u00e4 osassa.<\/p>\n\n\n\n<p class=\"has-superbfont-small-font-size\"><em>Sis\u00e4llysluettelo<\/em>&nbsp;\u2013 Tavalla, josta puhuttiin muutama dia sitten, eli luvuittain tai jaksoittain<\/p>\n\n\n\n<p class=\"has-superbfont-small-font-size\"><em>Oma tutkimus<\/em>&nbsp;\u2013 Tiivistys omasta tutkimuksesta, jos sit\u00e4 on tehnyt, ja viittaus, mist\u00e4 siit\u00e4 on luettavissa enemm\u00e4n.<\/p>\n\n\n\n<div style=\"height:10px\" aria-hidden=\"true\" class=\"wp-block-spacer\"><\/div>\n\n\n\n<figure class=\"wp-block-image size-large\"><img loading=\"lazy\" decoding=\"async\" width=\"1024\" height=\"513\" src=\"https:\/\/www.vakavasti.fi\/wp-content\/uploads\/2025\/12\/etulehti-kuva7-1024x513.jpg\" alt=\"\" class=\"wp-image-43\" srcset=\"https:\/\/www.vakavasti.fi\/wp-content\/uploads\/2025\/12\/etulehti-kuva7-1024x513.jpg 1024w, https:\/\/www.vakavasti.fi\/wp-content\/uploads\/2025\/12\/etulehti-kuva7-300x150.jpg 300w, https:\/\/www.vakavasti.fi\/wp-content\/uploads\/2025\/12\/etulehti-kuva7-768x385.jpg 768w, https:\/\/www.vakavasti.fi\/wp-content\/uploads\/2025\/12\/etulehti-kuva7-1536x770.jpg 1536w, https:\/\/www.vakavasti.fi\/wp-content\/uploads\/2025\/12\/etulehti-kuva7-2048x1027.jpg 2048w\" sizes=\"auto, (max-width: 1024px) 100vw, 1024px\" \/><\/figure>\n\n\n\n<p class=\"has-superbfont-small-font-size\"><em>Postihistoriallista taustaa<\/em>&nbsp;\u2013 T\u00e4ss\u00e4 tapauksessa on lyhyesti esitelty kokoelman aiheen kaikkein keskeisimm\u00e4t tapahtumat.<\/p>\n\n\n\n<p class=\"has-superbfont-small-font-size\"><em>T\u00e4rkeimm\u00e4t l\u00e4hdeteokset<\/em>&nbsp;\u2013 Mainiten teoksen kirjoittaja, teoksen nimi ja julkaisuvuosi.<\/p>\n\n\n\n<div style=\"height:10px\" aria-hidden=\"true\" class=\"wp-block-spacer\"><\/div>\n\n\n\n<hr class=\"wp-block-separator has-alpha-channel-opacity\"\/>\n\n\n\n<div style=\"height:10px\" aria-hidden=\"true\" class=\"wp-block-spacer\"><\/div>\n\n\n\n<p class=\"has-superbfont-small-font-size\">T\u00e4ss\u00e4 on esimerkki toisen kokoelman etulehdest\u00e4 [koko esimerkkin\u00e4 k\u00e4ytett\u00e4v\u00e4 etulehti aukeaa isompana omaan ikkunaansa t\u00e4st\u00e4\u00a0<a href=\"https:\/\/www.vakavasti.fi\/wp-content\/uploads\/2025\/12\/etulehti-esimerkki2.pdf\" data-type=\"link\" data-id=\"https:\/\/www.vakavasti.fi\/wp-content\/uploads\/2025\/12\/etulehti-esimerkki2.pdf\" target=\"_blank\" rel=\"noreferrer noopener\">linkist\u00e4<\/a>.]:<\/p>\n\n\n\n<figure class=\"wp-block-image size-large\"><img loading=\"lazy\" decoding=\"async\" width=\"1024\" height=\"552\" src=\"https:\/\/www.vakavasti.fi\/wp-content\/uploads\/2025\/12\/etulehti-kuva8-1024x552.jpg\" alt=\"\" class=\"wp-image-44\" srcset=\"https:\/\/www.vakavasti.fi\/wp-content\/uploads\/2025\/12\/etulehti-kuva8-1024x552.jpg 1024w, https:\/\/www.vakavasti.fi\/wp-content\/uploads\/2025\/12\/etulehti-kuva8-300x162.jpg 300w, https:\/\/www.vakavasti.fi\/wp-content\/uploads\/2025\/12\/etulehti-kuva8-768x414.jpg 768w, https:\/\/www.vakavasti.fi\/wp-content\/uploads\/2025\/12\/etulehti-kuva8-1536x829.jpg 1536w, https:\/\/www.vakavasti.fi\/wp-content\/uploads\/2025\/12\/etulehti-kuva8-2048x1105.jpg 2048w\" sizes=\"auto, (max-width: 1024px) 100vw, 1024px\" \/><\/figure>\n\n\n\n<p class=\"has-superbfont-small-font-size\">[Koko esimerkkin\u00e4 k\u00e4ytett\u00e4v\u00e4 etulehti aukeaa isompana omaan ikkunaansa t\u00e4st\u00e4 linkist\u00e4.]<\/p>\n\n\n\n<p class=\"has-superbfont-small-font-size\">Edellisest\u00e4 esimerkist\u00e4 poiketen t\u00e4m\u00e4 etulehti on kaksisivuinen.<\/p>\n\n\n\n<p class=\"has-superbfont-small-font-size\"><em>Otsikko ja rajaus<\/em>&nbsp;\u2013 Kuten edellisess\u00e4 esimerkiss\u00e4.<\/p>\n\n\n\n<p class=\"has-superbfont-small-font-size\"><em>Tarkoitus<\/em>&nbsp;\u2013 Tarkoituksen kertominen on vaatinut hiukan enemm\u00e4n kertomista.<\/p>\n\n\n\n<p class=\"has-superbfont-small-font-size\"><em>Postihistoriallista taustaa<\/em>&nbsp;\u2013 T\u00e4ss\u00e4 tapauksessa on lyhyesti esitelty Lontoon postiolojen kehittyminen ennen kokoelman k\u00e4sittelem\u00e4\u00e4 ajanjaksoa.<\/p>\n\n\n\n<div style=\"height:10px\" aria-hidden=\"true\" class=\"wp-block-spacer\"><\/div>\n\n\n\n<figure class=\"wp-block-image size-large\"><img loading=\"lazy\" decoding=\"async\" width=\"1024\" height=\"542\" src=\"https:\/\/www.vakavasti.fi\/wp-content\/uploads\/2025\/12\/etulehti-kuva9-1024x542.jpg\" alt=\"\" class=\"wp-image-45\" srcset=\"https:\/\/www.vakavasti.fi\/wp-content\/uploads\/2025\/12\/etulehti-kuva9-1024x542.jpg 1024w, https:\/\/www.vakavasti.fi\/wp-content\/uploads\/2025\/12\/etulehti-kuva9-300x159.jpg 300w, https:\/\/www.vakavasti.fi\/wp-content\/uploads\/2025\/12\/etulehti-kuva9-768x407.jpg 768w, https:\/\/www.vakavasti.fi\/wp-content\/uploads\/2025\/12\/etulehti-kuva9-1536x813.jpg 1536w, https:\/\/www.vakavasti.fi\/wp-content\/uploads\/2025\/12\/etulehti-kuva9-2048x1084.jpg 2048w\" sizes=\"auto, (max-width: 1024px) 100vw, 1024px\" \/><\/figure>\n\n\n\n<p class=\"has-superbfont-small-font-size\"><em>Sivujen layout<\/em>, asettelu, noudattavaa tietty\u00e4 kaavaa ja se on kerrottu yll\u00e4 olevassa esimerkiss\u00e4.<\/p>\n\n\n\n<div style=\"height:10px\" aria-hidden=\"true\" class=\"wp-block-spacer\"><\/div>\n\n\n\n<figure class=\"wp-block-image size-large\"><img loading=\"lazy\" decoding=\"async\" width=\"1024\" height=\"443\" src=\"https:\/\/www.vakavasti.fi\/wp-content\/uploads\/2025\/12\/etulehti-kuva10-1024x443.jpg\" alt=\"\" class=\"wp-image-46\" srcset=\"https:\/\/www.vakavasti.fi\/wp-content\/uploads\/2025\/12\/etulehti-kuva10-1024x443.jpg 1024w, https:\/\/www.vakavasti.fi\/wp-content\/uploads\/2025\/12\/etulehti-kuva10-300x130.jpg 300w, https:\/\/www.vakavasti.fi\/wp-content\/uploads\/2025\/12\/etulehti-kuva10-768x332.jpg 768w, https:\/\/www.vakavasti.fi\/wp-content\/uploads\/2025\/12\/etulehti-kuva10-1536x664.jpg 1536w, https:\/\/www.vakavasti.fi\/wp-content\/uploads\/2025\/12\/etulehti-kuva10-2048x886.jpg 2048w\" sizes=\"auto, (max-width: 1024px) 100vw, 1024px\" \/><\/figure>\n\n\n\n<p class=\"has-superbfont-small-font-size\">T\u00e4ss\u00e4 kokoelmassa&nbsp;<em>oma tutkimus<\/em>&nbsp;on ollut uusien leimatyyppien ja uusien k\u00e4ytt\u00f6aikojen l\u00f6yt\u00e4mist\u00e4. Ne on esitett\u00e4viss\u00e4 luetelmana, joka on sijoitettu etulehdelle.<\/p>\n\n\n\n<div style=\"height:10px\" aria-hidden=\"true\" class=\"wp-block-spacer\"><\/div>\n\n\n\n<hr class=\"wp-block-separator has-alpha-channel-opacity\"\/>\n\n\n\n<div style=\"height:10px\" aria-hidden=\"true\" class=\"wp-block-spacer\"><\/div>\n\n\n\n<p class=\"has-superbfont-small-font-size\">SREV ei kiell\u00e4, etteik\u00f6 etulehti voisi olla kaksisivuinen. K\u00e4yt\u00e4nn\u00f6n asennoituminen tuomareiden keskuudessa on jossain m\u00e4\u00e4rin muotoutunut sellaiseksi, ett\u00e4 enint\u00e4\u00e4n viiden kehyksen kokoelman etulehden olisi syyt\u00e4 olla yksisivuinen, ja laajempien kokoelmien etulehti voisi olla kaksisivuinen. Sen sijaan kolme sivua tai enemm\u00e4n etulehden mittana on ehdottomasti liikaan.<\/p>\n\n\n\n<p class=\"has-superbfont-small-font-size\">Etulehdell\u00e4 kertovan tekstin kirjaintyylin\u00e4 ja -kokona toimii sama, kuin kokoelman tarinassa. Jos t\u00e4ss\u00e4 tekstiss\u00e4 k\u00e4ytt\u00e4\u00e4 v\u00e4liotsikoita, niin ne on syyt\u00e4 lihavoida, mutta kirjasinkoko voi olla sama kuin itse tekstiss\u00e4. Kokoelman nimen kohdalla on hyv\u00e4 k\u00e4ytt\u00e4\u00e4 selv\u00e4sti isompaa kirjasinkokoa ja lihavointia; esimerkiksi 28-32 pistett\u00e4 toimii usein.<\/p>\n<\/div>\n<\/div>\n","protected":false},"excerpt":{"rendered":"<p>Etulehdest\u00e4 on SREV:ss\u00e4 s\u00e4\u00e4d\u00f6ksi\u00e4 ja muodollisesti etulehti vaikuttaa k\u00e4sittely-osa-alueen pistekertym\u00e4\u00e4n, mutta etulehdell\u00e4 on v\u00e4lillisi\u00e4 vaikutuksia. T\u00e4ss\u00e4 osassa n\u00e4hd\u00e4\u00e4n, ett\u00e4 v\u00e4ite kokoelman t\u00e4rkeimm\u00e4st\u00e4 sivusta ei ole perusteeton. Etulehti on paikka kertoa kokoelman&#8211; rakenne,&#8211; rajaus ja&#8211; tavoite. Jos ei ole selvyytt\u00e4, mit\u00e4 kokoelmassa pyrit\u00e4\u00e4n k\u00e4sittelem\u00e4\u00e4n eli miten kokoelma on j\u00e4sennelty, miten kokoelman aihe on rajattu ja mit\u00e4 [&hellip;]<\/p>\n","protected":false},"author":1,"featured_media":0,"parent":0,"menu_order":0,"comment_status":"closed","ping_status":"closed","template":"","meta":{"footnotes":""},"class_list":["post-222","page","type-page","status-publish","hentry"],"_links":{"self":[{"href":"https:\/\/www.vakavasti.fi\/index.php\/wp-json\/wp\/v2\/pages\/222","targetHints":{"allow":["GET"]}}],"collection":[{"href":"https:\/\/www.vakavasti.fi\/index.php\/wp-json\/wp\/v2\/pages"}],"about":[{"href":"https:\/\/www.vakavasti.fi\/index.php\/wp-json\/wp\/v2\/types\/page"}],"author":[{"embeddable":true,"href":"https:\/\/www.vakavasti.fi\/index.php\/wp-json\/wp\/v2\/users\/1"}],"replies":[{"embeddable":true,"href":"https:\/\/www.vakavasti.fi\/index.php\/wp-json\/wp\/v2\/comments?post=222"}],"version-history":[{"count":7,"href":"https:\/\/www.vakavasti.fi\/index.php\/wp-json\/wp\/v2\/pages\/222\/revisions"}],"predecessor-version":[{"id":259,"href":"https:\/\/www.vakavasti.fi\/index.php\/wp-json\/wp\/v2\/pages\/222\/revisions\/259"}],"wp:attachment":[{"href":"https:\/\/www.vakavasti.fi\/index.php\/wp-json\/wp\/v2\/media?parent=222"}],"curies":[{"name":"wp","href":"https:\/\/api.w.org\/{rel}","templated":true}]}}