{"id":218,"date":"2025-12-21T09:18:03","date_gmt":"2025-12-21T09:18:03","guid":{"rendered":"https:\/\/www.vakavasti.fi\/?page_id=218"},"modified":"2025-12-21T12:01:03","modified_gmt":"2025-12-21T12:01:03","slug":"tietamyksen-osoittaminen-ja-henkilokohtainen-tutkimus","status":"publish","type":"page","link":"https:\/\/www.vakavasti.fi\/index.php\/tietamyksen-osoittaminen-ja-henkilokohtainen-tutkimus\/","title":{"rendered":"Tiet\u00e4myksen osoittaminen ja henkil\u00f6kohtainen tutkimus"},"content":{"rendered":"\n<div class=\"wp-block-group alignfull has-global-padding is-layout-constrained wp-container-core-group-is-layout-4e17e602 wp-block-group-is-layout-constrained\" style=\"padding-top:var(--wp--preset--spacing--superbspacing-medium);padding-right:var(--wp--preset--spacing--superbspacing-small);padding-bottom:var(--wp--preset--spacing--superbspacing-medium);padding-left:var(--wp--preset--spacing--superbspacing-small)\">\n<div class=\"wp-block-group is-layout-flow wp-container-core-group-is-layout-3fbca637 wp-block-group-is-layout-flow\">\n<p class=\"has-superbfont-small-font-size\">Tiet\u00e4myst\u00e4 ja henkil\u00f6kohtaista tutkimusta arvioidaan kolmea kautta:<br>1) varsinainen filateelinen tiet\u00e4mys<br>2) henkil\u00f6kohtainen aiheeseen perehtyminen ja<br>3) uusi tutkimus.<\/p>\n\n\n\n<p class=\"has-superbfont-small-font-size\">K\u00e4sitett\u00e4 \u201dfilateelinen tieto\u201d ei tule s\u00e4ik\u00e4ht\u00e4\u00e4, sill\u00e4 kaikilla n\u00e4ytteilleasettajilla on sit\u00e4, koska he ovat ker\u00e4nneet ja opiskelleet jonkin aikaa ja k\u00e4ytt\u00e4neet osan s\u00e4\u00e4st\u00f6ist\u00e4\u00e4n kokoelman materiaalin hankintaan. Paljon on kyse siit\u00e4, miten t\u00e4m\u00e4 tieto tuodaan esille, miten se esitet\u00e4\u00e4n.<\/p>\n\n\n\n<p class=\"has-superbfont-small-font-size\">Tiet\u00e4myst\u00e4 osoitetaan<br>&#8211; valitsemalla kokoelmaan kohteita, jotka osoittavat valitun aiheen tuntemusta<br>&#8211; analysoimalla kohteet hyvin<br>&#8211; k\u00e4ytt\u00e4m\u00e4ll\u00e4 ja oikein tulkitsemalla valittua aihetta k\u00e4sittelev\u00e4\u00e4 kirjallisuutta<br>&#8211; ymm\u00e4rt\u00e4m\u00e4ll\u00e4 valittua aihetta kokonaisvaltaisesti ja t\u00e4sm\u00e4llisesti<br>&#8211; esitt\u00e4m\u00e4ll\u00e4 oikein taksoitettuja ja k\u00e4ytettyj\u00e4 kohteita, jotka kuvaavat aiheen t\u00e4rkeimpi\u00e4 filateelisia elementtej\u00e4<\/p>\n\n\n\n<div style=\"height:10px\" aria-hidden=\"true\" class=\"wp-block-spacer\"><\/div>\n\n\n\n<hr class=\"wp-block-separator has-alpha-channel-opacity\"\/>\n\n\n\n<div style=\"height:10px\" aria-hidden=\"true\" class=\"wp-block-spacer\"><\/div>\n\n\n\n<figure class=\"wp-block-image size-large\" style=\"margin-right:var(--wp--preset--spacing--superbspacing-xsmall);margin-left:var(--wp--preset--spacing--superbspacing-xsmall)\"><img loading=\"lazy\" decoding=\"async\" width=\"1024\" height=\"591\" src=\"https:\/\/www.vakavasti.fi\/wp-content\/uploads\/2025\/12\/tietamys-kuva1-1024x591.jpg\" alt=\"\" class=\"wp-image-114\" srcset=\"https:\/\/www.vakavasti.fi\/wp-content\/uploads\/2025\/12\/tietamys-kuva1-1024x591.jpg 1024w, https:\/\/www.vakavasti.fi\/wp-content\/uploads\/2025\/12\/tietamys-kuva1-300x173.jpg 300w, https:\/\/www.vakavasti.fi\/wp-content\/uploads\/2025\/12\/tietamys-kuva1-768x444.jpg 768w, https:\/\/www.vakavasti.fi\/wp-content\/uploads\/2025\/12\/tietamys-kuva1-1536x887.jpg 1536w, https:\/\/www.vakavasti.fi\/wp-content\/uploads\/2025\/12\/tietamys-kuva1.jpg 2000w\" sizes=\"auto, (max-width: 1024px) 100vw, 1024px\" \/><\/figure>\n\n\n\n<p class=\"has-superbfont-small-font-size\">Yll\u00e4 olevassa taulukossa on joitakin esimerkkej\u00e4 tilanteista, jotka osoittavat puutteita filateelisissa tiedossa.<\/p>\n\n\n\n<p class=\"has-superbfont-small-font-size\">Kuvatut k\u00f6mm\u00e4hdykset ovat my\u00f6s aika perustavanlaatuisia, sill\u00e4 niiden my\u00f6t\u00e4 menett\u00e4\u00e4 pisteit\u00e4 my\u00f6s k\u00e4sittelyss\u00e4 ja merkityksess\u00e4, kun kokoelman aihe ei tule kattavasti k\u00e4sitelty\u00e4.<\/p>\n\n\n\n<div style=\"height:10px\" aria-hidden=\"true\" class=\"wp-block-spacer\"><\/div>\n\n\n\n<hr class=\"wp-block-separator has-alpha-channel-opacity\"\/>\n\n\n\n<div style=\"height:10px\" aria-hidden=\"true\" class=\"wp-block-spacer\"><\/div>\n\n\n\n<p class=\"has-superbfont-small-font-size\"><strong>Henkil\u00f6kohtainen aiheeseen perehtyminen<\/strong>&nbsp;ilmenee siten, ett\u00e4 kokoelman rakennetta ja kerrottua tarinaa ohjaavat keskeiset postihistorialliset n\u00e4k\u00f6kohdat on analysoitu ja kuvattu tarkasti ja kaikki postihistorian kannalta merkitykselliset n\u00e4k\u00f6kohdat kuten taksat, reitit, s\u00e4\u00e4d\u00f6kset ja merkinn\u00e4t, on tuotu esiin.<\/p>\n\n\n\n<p class=\"has-superbfont-small-font-size\">Oikea taksan kuvaus sis\u00e4lt\u00e4\u00e4 tiedon (ks. alemman kuvan analyysitekstiss\u00e4 katkoviivalla laatikoitu teksti)<br>&#8211; mit\u00e4 on l\u00e4hetetty (kuten kirje tai postikortti),<br>&#8211; mik\u00e4 on l\u00e4hetyksen postimaksu ja m\u00e4\u00e4r\u00e4ytymisperusteet (kuten painorajat) ja mist\u00e4 mahdollisista osatekij\u00f6ist\u00e4 se koostuu sek\u00e4 t\u00e4ll\u00f6in osatekij\u00f6iden taksat, ja<br>&#8211; tarkka ajanjakso (tarkka alku- ja loppup\u00e4iv\u00e4m\u00e4\u00e4r\u00e4t), jolloin taksa \u2013 osatekij\u00f6iden tapauksessa osatekij\u00e4t \u2013 oli voimassa.<\/p>\n\n\n\n<p class=\"has-superbfont-small-font-size\">Oikea reitin kuvaus sis\u00e4lt\u00e4\u00e4 tiedon<br>&#8211; l\u00e4hetyksen kulkemasta reitist\u00e4 eli mist\u00e4 minne ja mahdolliset oleelliset v\u00e4lietapit,<br>&#8211; milloin postireitti oli toiminnassa ja,<br>&#8211; jos reitin k\u00e4ytt\u00f6 on lakannut, niin mit\u00e4 lakkauttamisesta seurasi.<\/p>\n\n\n\n<p class=\"has-superbfont-small-font-size\">Oikea markofiilinen eli leiman kuvaus pit\u00e4\u00e4 sis\u00e4ll\u00e4\u00e4n<br>&#8211; k\u00e4ytt\u00f6paikkakunnan tai, jos liikkuva toimisto, k\u00e4ytt\u00f6paikan tai -reitin,<br>&#8211; leiman aikaisimman ja viimeisimm\u00e4n tiedossa olevan k\u00e4ytt\u00f6p\u00e4iv\u00e4m\u00e4\u00e4r\u00e4,<br>&#8211; painanteen v\u00e4rin tai muun tiedon alalajista (jos alalajeja on) ja<br>&#8211; muun mahdollisen oleellisen tiedon, kuten ep\u00e4tavallinen k\u00e4ytt\u00f6.<\/p>\n\n\n\n<p class=\"has-superbfont-small-font-size\">Alla kaksi esimerkki\u00e4 kohteiden analyysist\u00e4.<\/p>\n\n\n\n<figure class=\"wp-block-image size-large\"><img loading=\"lazy\" decoding=\"async\" width=\"1024\" height=\"516\" src=\"https:\/\/www.vakavasti.fi\/wp-content\/uploads\/2025\/12\/tietamys-kuva2-1024x516.jpg\" alt=\"\" class=\"wp-image-115\" srcset=\"https:\/\/www.vakavasti.fi\/wp-content\/uploads\/2025\/12\/tietamys-kuva2-1024x516.jpg 1024w, https:\/\/www.vakavasti.fi\/wp-content\/uploads\/2025\/12\/tietamys-kuva2-300x151.jpg 300w, https:\/\/www.vakavasti.fi\/wp-content\/uploads\/2025\/12\/tietamys-kuva2-768x387.jpg 768w, https:\/\/www.vakavasti.fi\/wp-content\/uploads\/2025\/12\/tietamys-kuva2-1536x773.jpg 1536w, https:\/\/www.vakavasti.fi\/wp-content\/uploads\/2025\/12\/tietamys-kuva2.jpg 2000w\" sizes=\"auto, (max-width: 1024px) 100vw, 1024px\" \/><\/figure>\n\n\n\n<figure class=\"wp-block-image size-large\" style=\"margin-right:var(--wp--preset--spacing--superbspacing-small);margin-left:var(--wp--preset--spacing--superbspacing-small)\"><img loading=\"lazy\" decoding=\"async\" width=\"1024\" height=\"518\" src=\"https:\/\/www.vakavasti.fi\/wp-content\/uploads\/2025\/12\/tietamys-kuva3-1024x518.jpg\" alt=\"\" class=\"wp-image-116\" srcset=\"https:\/\/www.vakavasti.fi\/wp-content\/uploads\/2025\/12\/tietamys-kuva3-1024x518.jpg 1024w, https:\/\/www.vakavasti.fi\/wp-content\/uploads\/2025\/12\/tietamys-kuva3-300x152.jpg 300w, https:\/\/www.vakavasti.fi\/wp-content\/uploads\/2025\/12\/tietamys-kuva3-768x388.jpg 768w, https:\/\/www.vakavasti.fi\/wp-content\/uploads\/2025\/12\/tietamys-kuva3-1536x776.jpg 1536w, https:\/\/www.vakavasti.fi\/wp-content\/uploads\/2025\/12\/tietamys-kuva3.jpg 2000w\" sizes=\"auto, (max-width: 1024px) 100vw, 1024px\" \/><\/figure>\n\n\n\n<p class=\"has-superbfont-small-font-size\">Kohteen analyysin eli kohteiseen liittyv\u00e4n kuvauksen&nbsp;<strong>muistis\u00e4\u00e4nt\u00f6: \u201d3 x R\u201d<\/strong>:<br><em>remarks<\/em>&nbsp;\u2013 eli l\u00e4hetyksell\u00e4 olevat merkinn\u00e4t, niin leimasimilla tehdyt kuin k\u00e4sin kirjoitetut, selitettyn\u00e4 ja m\u00e4\u00e4ritettyn\u00e4<br><em>routes<\/em>&nbsp;\u2013 eli l\u00e4hetyksen kulkema reitti<br><em>rates<\/em>&nbsp;\u2013 eli l\u00e4hetyksen postitaksa<\/p>\n\n\n\n<p class=\"has-superbfont-small-font-size\">Miksi l\u00e4hetys on tullut valittua ja juuri kyseiseen kohtaan tarinaan, niin jokin edell\u00e4 mainituista seikoista muodostaa sille perusteen eli kytkenn\u00e4n tarinaan. (Ylemm\u00e4n esimerkkikohteen tapauksessa se on &#8220;remarks&#8221;.)\/ \/ \/<\/p>\n\n\n\n<p class=\"has-superbfont-small-font-size\">Kyseeseen voi tulla viel\u00e4 nelj\u00e4s \u201dR\u201d (=&nbsp;<em>remarkables<\/em>) selitt\u00e4m\u00e4\u00e4n, miksi kohde on harvinainen tai muutoin erityisesti huomion arvoinen. Jos sill\u00e4 perustellaan, miksi kohdetta korostetaan erityisell\u00e4 kehyksell\u00e4, niin k\u00e4ytt\u00e4en selitteeseen samaa v\u00e4ri\u00e4 kuin kehyksess\u00e4, selite kytkeytyy korostukseen (ks. kuva alla).<\/p>\n\n\n\n<figure class=\"wp-block-image size-large\"><img loading=\"lazy\" decoding=\"async\" width=\"1024\" height=\"551\" src=\"https:\/\/www.vakavasti.fi\/wp-content\/uploads\/2025\/12\/tietamys-kuva4-1024x551.jpg\" alt=\"\" class=\"wp-image-117\" srcset=\"https:\/\/www.vakavasti.fi\/wp-content\/uploads\/2025\/12\/tietamys-kuva4-1024x551.jpg 1024w, https:\/\/www.vakavasti.fi\/wp-content\/uploads\/2025\/12\/tietamys-kuva4-300x162.jpg 300w, https:\/\/www.vakavasti.fi\/wp-content\/uploads\/2025\/12\/tietamys-kuva4-768x414.jpg 768w, https:\/\/www.vakavasti.fi\/wp-content\/uploads\/2025\/12\/tietamys-kuva4-1536x827.jpg 1536w, https:\/\/www.vakavasti.fi\/wp-content\/uploads\/2025\/12\/tietamys-kuva4.jpg 2000w\" sizes=\"auto, (max-width: 1024px) 100vw, 1024px\" \/><\/figure>\n\n\n\n<div style=\"height:10px\" aria-hidden=\"true\" class=\"wp-block-spacer\"><\/div>\n\n\n\n<hr class=\"wp-block-separator has-alpha-channel-opacity\"\/>\n\n\n\n<div style=\"height:10px\" aria-hidden=\"true\" class=\"wp-block-spacer\"><\/div>\n\n\n\n<p class=\"has-superbfont-small-font-size\">Tilaa ei koskaan ole ruhtinaallisesti. T\u00e4m\u00e4n vuoksi tulee aloittaa&nbsp;<strong>kokoelman aiheen kannalta t\u00e4rkeimmist\u00e4 asioista<\/strong>.<\/p>\n\n\n\n<p class=\"has-superbfont-small-font-size\">1. Asia miksi kohde on esill\u00e4 juuri t\u00e4ll\u00e4 kohdalla eli itse asia.<\/p>\n\n\n\n<p class=\"has-superbfont-small-font-size\">2. Muut kokoelman aiheeseen liittyv\u00e4t asiat, jotka eiv\u00e4t ole suoraan n\u00e4ht\u00e4viss\u00e4 tai luettavissa kohteelta. T\u00e4llaisia ovat esimerkiksi taksat ja kuljetusreitit (kuljetusreiteist\u00e4 siis v\u00e4livaiheet, ei v\u00e4in p\u00e4\u00e4tepisteet, jotka on n\u00e4ht\u00e4vill\u00e4 l\u00e4hetykselt\u00e4).<\/p>\n\n\n\n<p class=\"has-superbfont-small-font-size\">3. Muut asiat, jotka eiv\u00e4t ole suoraan n\u00e4ht\u00e4viss\u00e4 tai luettavissa kohteelta, kuten k\u00e4\u00e4nt\u00f6puolen leimat.<\/p>\n\n\n\n<p class=\"has-superbfont-small-font-size\">4. Muut kokoelman aiheeseen liittyv\u00e4t asiat, jotka on suoraan n\u00e4ht\u00e4viss\u00e4 tai luettavissa kohteelta. T\u00e4llaisia ovat esimerkiksi kohteen esill\u00e4 olevan puolen postileimat ja muut merkinn\u00e4t.<\/p>\n\n\n\n<p class=\"has-superbfont-small-font-size\">Jos k\u00e4ytett\u00e4viss\u00e4 oleva tila sen sallii ja kaikki olennaiset postihistorialliset n\u00e4k\u00f6kohdat on asianmukaisesti kuvattu, kohteen kuvauksen loppuun voi lis\u00e4t\u00e4 lyhyen maininnan k\u00e4ytettyjen postimerkkien tai ehi\u00f6n perinteiseen filateliaan liittyvist\u00e4 piirteist\u00e4. T\u00e4ll\u00f6in tulee kuitenkin varoa, ettei mene syv\u00e4lle yksityiskohtiin postimerkeist\u00e4 tai ehi\u00f6ist\u00e4, sill\u00e4 tuomarit saattavat ajatella, ett\u00e4 n\u00e4ytteilleasettaja n\u00e4ytt\u00e4\u00e4 perinteist\u00e4 filateliaa tai ehi\u00f6it\u00e4.<\/p>\n\n\n\n<div style=\"height:10px\" aria-hidden=\"true\" class=\"wp-block-spacer\"><\/div>\n\n\n\n<hr class=\"wp-block-separator has-alpha-channel-opacity\"\/>\n\n\n\n<div style=\"height:10px\" aria-hidden=\"true\" class=\"wp-block-spacer\"><\/div>\n\n\n\n<p class=\"has-superbfont-small-font-size\"><strong>Henkil\u00f6kohtaisella tutkimuksella<\/strong>&nbsp;tarkoitetaan, ett\u00e4 kokoelmassa esitet\u00e4\u00e4n aiheeseen liittyv\u00e4\u00e4 uutta tietoa<\/p>\n\n\n\n<p class=\"has-superbfont-small-font-size\">Jos aiheesta on saatavilla laajasti aikaisempaa tutkittua tietoa, niin ei ole j\u00e4rkev\u00e4\u00e4 vaatia n\u00e4ytteilleasettajalta uusia l\u00f6yt\u00f6j\u00e4 laajasti tutkitusta aiheesta. Siksi t\u00e4llaisen aihepiirin kokoelmaa ei rangaista henkil\u00f6kohtaisen tutkimuksen puutteesta. Tuomari arvioi, kuinka hyvin t\u00e4t\u00e4 tietoa on kokoelmassa hy\u00f6dynnetty kohteiden valinnassa ja niiden analysoinneissa.<\/p>\n\n\n\n<p class=\"has-superbfont-small-font-size\">Jos aihetta on kokoelmissa paljon k\u00e4sitelty, mutta kokoelmassa on aiheesta kyetty esitt\u00e4m\u00e4\u00e4n uusi, tuore tapa k\u00e4sitell\u00e4 sit\u00e4, niin t\u00e4m\u00e4 tuo pisteit\u00e4.<\/p>\n\n\n\n<p class=\"has-superbfont-small-font-size\">T\u00e4ysin uuden tiedon, havaintojen, esitt\u00e4minen palkitaan erityisesti.<\/p>\n\n\n\n<p class=\"has-superbfont-small-font-size\">K\u00e4yt\u00e4nn\u00f6llinen tapa esitt\u00e4\u00e4 henkil\u00f6kohtainen tutkimus voi olla<br>&#8211; varhaisimpien ja\/tai my\u00f6h\u00e4isimpien k\u00e4ytt\u00f6aikojen osoittaminen tai<br>&#8211; k\u00e4ytt\u00f6paikan esitt\u00e4minen, mik\u00e4li se ei k\u00e4y suoraan ilmi kohteelta (esim. tekstitt\u00f6mien kuvioleimojen ja numeroleimojen tietojen selvitt\u00e4minen).<\/p>\n\n\n\n<p class=\"has-superbfont-small-font-size\">Uusille havainnoille tulee antaa huomio niiden t\u00e4rkeyden mukaisesti. Suuret l\u00f6yd\u00f6t ansaitsevat t\u00e4rke\u00e4n huomion, kun taas pienet l\u00f6yd\u00f6t eiv\u00e4t saa saada yliotetta kokoelmassa.<\/p>\n\n\n\n<p class=\"has-superbfont-small-font-size\">Kokoelmissa, joissa on ilmeisesti tehty paljon todellista tutkimusta (eli valittuun aiheeseen liittyvien uusien faktojen esitt\u00e4minen), t\u00e4st\u00e4 tutkimuksesta voidaan antaa eritt\u00e4in suuri osa tiet\u00e4myksen kokonaispisteist\u00e4.<\/p>\n\n\n\n<p class=\"has-superbfont-small-font-size\">Tarvittaessa voidaan viitata n\u00e4ytteilleasettajan omaan tai muuhun aiemmin julkaistuun tietoon. N\u00e4m\u00e4 voisivat olla:<br>&#8211; maininta johdantosivun tekstiss\u00e4<br>&#8211; sijoitetaan omaksi luettelokseen johdantosivulla<br>&#8211; asiaankuuluvalla n\u00e4yttelysivulla<br>&#8211; mainitaan synopsiksessa<\/p>\n\n\n\n<div style=\"height:10px\" aria-hidden=\"true\" class=\"wp-block-spacer\"><\/div>\n\n\n\n<hr class=\"wp-block-separator has-alpha-channel-opacity\"\/>\n\n\n\n<div style=\"height:10px\" aria-hidden=\"true\" class=\"wp-block-spacer\"><\/div>\n\n\n\n<figure class=\"wp-block-image size-large\"><img loading=\"lazy\" decoding=\"async\" width=\"1024\" height=\"288\" src=\"https:\/\/www.vakavasti.fi\/wp-content\/uploads\/2025\/12\/tietamys-kuva5-1024x288.jpg\" alt=\"\" class=\"wp-image-118\" srcset=\"https:\/\/www.vakavasti.fi\/wp-content\/uploads\/2025\/12\/tietamys-kuva5-1024x288.jpg 1024w, https:\/\/www.vakavasti.fi\/wp-content\/uploads\/2025\/12\/tietamys-kuva5-300x84.jpg 300w, https:\/\/www.vakavasti.fi\/wp-content\/uploads\/2025\/12\/tietamys-kuva5-768x216.jpg 768w, https:\/\/www.vakavasti.fi\/wp-content\/uploads\/2025\/12\/tietamys-kuva5-1536x432.jpg 1536w, https:\/\/www.vakavasti.fi\/wp-content\/uploads\/2025\/12\/tietamys-kuva5.jpg 2000w\" sizes=\"auto, (max-width: 1024px) 100vw, 1024px\" \/><\/figure>\n\n\n\n<p class=\"has-superbfont-small-font-size\">T\u00e4ss\u00e4 on varsin kelvollinen esimerkki, mill\u00e4 tavoin omasta tutkimuksestaan voi kertoa.<\/p>\n\n\n\n<p class=\"has-superbfont-small-font-size\">Faktoihin, siis perusteltuun tietoon, perustuva harvinaisuuksien tunnistaminen on my\u00f6s tiet\u00e4myst\u00e4. Muutoinkin, jos kokoelmassa on v\u00e4h\u00e4nkin harvinaisempia kohteita, niin niist\u00e4 ei kannata vaieta.<\/p>\n\n\n\n<div style=\"height:10px\" aria-hidden=\"true\" class=\"wp-block-spacer\"><\/div>\n\n\n\n<hr class=\"wp-block-separator has-alpha-channel-opacity\"\/>\n\n\n\n<div style=\"height:10px\" aria-hidden=\"true\" class=\"wp-block-spacer\"><\/div>\n\n\n\n<p class=\"has-superbfont-small-font-size\">Postihistorialliseen kokoelmaan on joskus sijoitettava tavallista runsaammin teksti\u00e4, tai tarinaa on tuettava ei-postihistoriallisella taikka ei-filateelisella materiaalilla, jotta tarina tulee ymm\u00e4rrett\u00e4v\u00e4ksi.<\/p>\n\n\n\n<p class=\"has-superbfont-small-font-size\">Tekstin tulee kuitenkin aina olla tiivist\u00e4 ja selke\u00e4\u00e4. n\u00e4ytteilleasettajan tulee aina huolehtia siit\u00e4, ettei teksti vie liikaa tilaa filateeliselta materiaalilta.<\/p>\n\n\n\n<p class=\"has-superbfont-small-font-size\">Kokoelmaan liitettyjen ei-postihistoriallisten ja ei-filateelisten kohteiden tulee parantaa postihistoriallisen tarinan ymm\u00e4rt\u00e4mist\u00e4.<\/p>\n\n\n\n<p class=\"has-superbfont-small-font-size\">Vaikka aikaisemmin henkil\u00f6kohtaisen perehtymisen yhteydess\u00e4 totesin, ett\u00e4 &#8220;keskeiset postihistorialliset n\u00e4k\u00f6kohdat on analysoitu ja kuvattu tarkasti&#8221;, niin on pidett\u00e4v\u00e4 vara, ettei teksti valloita p\u00e4\u00e4osaa kokoelmasta. Kaiken mahdollisen l\u00f6ydetyn tiedon oksentaminen tekstiksi tarkoittaa, ett\u00e4 kaikki mahdollinen tieto on vain kopioitu l\u00e4hteist\u00e4 mukaan, koska aihe ei ole hallinnassa. Oikeanlainen tiivist\u00e4minen kertoo my\u00f6s aiheen hyv\u00e4st\u00e4 hallinnasta.<\/p>\n<\/div>\n<\/div>\n","protected":false},"excerpt":{"rendered":"<p>Tiet\u00e4myst\u00e4 ja henkil\u00f6kohtaista tutkimusta arvioidaan kolmea kautta:1) varsinainen filateelinen tiet\u00e4mys2) henkil\u00f6kohtainen aiheeseen perehtyminen ja3) uusi tutkimus. K\u00e4sitett\u00e4 \u201dfilateelinen tieto\u201d ei tule s\u00e4ik\u00e4ht\u00e4\u00e4, sill\u00e4 kaikilla n\u00e4ytteilleasettajilla on sit\u00e4, koska he ovat ker\u00e4nneet ja opiskelleet jonkin aikaa ja k\u00e4ytt\u00e4neet osan s\u00e4\u00e4st\u00f6ist\u00e4\u00e4n kokoelman materiaalin hankintaan. Paljon on kyse siit\u00e4, miten t\u00e4m\u00e4 tieto tuodaan esille, miten se esitet\u00e4\u00e4n. Tiet\u00e4myst\u00e4 [&hellip;]<\/p>\n","protected":false},"author":1,"featured_media":0,"parent":0,"menu_order":0,"comment_status":"closed","ping_status":"closed","template":"","meta":{"footnotes":""},"class_list":["post-218","page","type-page","status-publish","hentry"],"_links":{"self":[{"href":"https:\/\/www.vakavasti.fi\/index.php\/wp-json\/wp\/v2\/pages\/218","targetHints":{"allow":["GET"]}}],"collection":[{"href":"https:\/\/www.vakavasti.fi\/index.php\/wp-json\/wp\/v2\/pages"}],"about":[{"href":"https:\/\/www.vakavasti.fi\/index.php\/wp-json\/wp\/v2\/types\/page"}],"author":[{"embeddable":true,"href":"https:\/\/www.vakavasti.fi\/index.php\/wp-json\/wp\/v2\/users\/1"}],"replies":[{"embeddable":true,"href":"https:\/\/www.vakavasti.fi\/index.php\/wp-json\/wp\/v2\/comments?post=218"}],"version-history":[{"count":4,"href":"https:\/\/www.vakavasti.fi\/index.php\/wp-json\/wp\/v2\/pages\/218\/revisions"}],"predecessor-version":[{"id":249,"href":"https:\/\/www.vakavasti.fi\/index.php\/wp-json\/wp\/v2\/pages\/218\/revisions\/249"}],"wp:attachment":[{"href":"https:\/\/www.vakavasti.fi\/index.php\/wp-json\/wp\/v2\/media?parent=218"}],"curies":[{"name":"wp","href":"https:\/\/api.w.org\/{rel}","templated":true}]}}