{"id":216,"date":"2025-12-21T09:17:50","date_gmt":"2025-12-21T09:17:50","guid":{"rendered":"https:\/\/www.vakavasti.fi\/?page_id=216"},"modified":"2025-12-21T16:41:14","modified_gmt":"2025-12-21T16:41:14","slug":"kokoelman-kohteiden-laatu","status":"publish","type":"page","link":"https:\/\/www.vakavasti.fi\/index.php\/kokoelman-kohteiden-laatu\/","title":{"rendered":"Kokoelman kohteiden laatu"},"content":{"rendered":"\n<div class=\"wp-block-group alignfull has-global-padding is-layout-constrained wp-container-core-group-is-layout-4e17e602 wp-block-group-is-layout-constrained\" style=\"padding-top:var(--wp--preset--spacing--superbspacing-medium);padding-right:var(--wp--preset--spacing--superbspacing-small);padding-bottom:var(--wp--preset--spacing--superbspacing-medium);padding-left:var(--wp--preset--spacing--superbspacing-small)\">\n<div class=\"wp-block-group is-layout-flow wp-container-core-group-is-layout-3fbca637 wp-block-group-is-layout-flow\">\n<p class=\"has-superbfont-small-font-size\">Laatu on viel\u00e4 suhteellisempi k\u00e4site kuin harvinaisuus. Kokoelman laadusta puhuttaessa on paikallaan pit\u00e4\u00e4 mieless\u00e4 taannoinen mets\u00e4\/niitty-vertailu (ks. &#8220;N\u00e4k\u00f6kulma kohteiden hankinnassa: suhteellinen harvinaisuus&#8221; -osa).<\/p>\n\n\n\n<p class=\"has-superbfont-small-font-size\">SREV:ss\u00e4 viisaasti korostetaan, ett\u00e4 laatu voi vaihdella huomattavastikin riippuen l\u00e4ht\u00f6maasta, ajanjaksosta sek\u00e4 kuljetusolosuhteista. Ei ole siis absoluuttista mittaa, joka toimisi l\u00e4pi koko filatelian kent\u00e4n. Laatua punnittaessa verrataan kokoelman kohteiden laatua saatavilla olevan materiaalin keskim\u00e4\u00e4r\u00e4iseen laatuun.<\/p>\n\n\n\n<p class=\"has-superbfont-small-font-size\">\u201cKeskim\u00e4\u00e4rin saatavilla\u201d = mink\u00e4 laatuista materiaalia aina kulloinkin kyseess\u00e4 olevasta aiheesta on saatavilla esimerkiksi eBay:ss\u00e4 tai Systeemi.net:ss\u00e4 olevat saman aiheen kohteet.<\/p>\n\n\n\n<p class=\"has-superbfont-small-font-size\">Jos siis kokoelman kohteet ovat laadultaan parempia kuin keskim\u00e4\u00e4rin saatavilla olevien saman aiheen kohteiden laatu, niin kokoelma on keskim\u00e4\u00e4r\u00e4ist\u00e4 laadukkaampi.<\/p>\n\n\n\n<p class=\"has-superbfont-small-font-size\">Esimerkkin\u00e4 laadun punninnasta ven\u00e4l\u00e4isleimojen laatu (ks. kuva alla). Vasemmalta lukien toinen leimapainanne lienee sen laatuinen, jota keskim\u00e4\u00e4rin saatavilla olevat ven\u00e4l\u00e4isleimat ovat laatuaan. Tuosta painanteesta oikealle olevat kohteet ovat ven\u00e4l\u00e4isleimojen tapauksessa keskim\u00e4\u00e4r\u00e4ist\u00e4 laadukkaampia.<\/p>\n\n\n\n<figure class=\"wp-block-image size-large\" style=\"margin-right:var(--wp--preset--spacing--superbspacing-xsmall);margin-left:var(--wp--preset--spacing--superbspacing-xsmall)\"><img loading=\"lazy\" decoding=\"async\" width=\"1024\" height=\"224\" src=\"https:\/\/www.vakavasti.fi\/wp-content\/uploads\/2025\/12\/laatu-kuva1-1024x224.jpg\" alt=\"\" class=\"wp-image-72\" srcset=\"https:\/\/www.vakavasti.fi\/wp-content\/uploads\/2025\/12\/laatu-kuva1-1024x224.jpg 1024w, https:\/\/www.vakavasti.fi\/wp-content\/uploads\/2025\/12\/laatu-kuva1-300x66.jpg 300w, https:\/\/www.vakavasti.fi\/wp-content\/uploads\/2025\/12\/laatu-kuva1-768x168.jpg 768w, https:\/\/www.vakavasti.fi\/wp-content\/uploads\/2025\/12\/laatu-kuva1-1536x336.jpg 1536w, https:\/\/www.vakavasti.fi\/wp-content\/uploads\/2025\/12\/laatu-kuva1.jpg 1689w\" sizes=\"auto, (max-width: 1024px) 100vw, 1024px\" \/><\/figure>\n\n\n\n<div style=\"height:10px\" aria-hidden=\"true\" class=\"wp-block-spacer\"><\/div>\n\n\n\n<hr class=\"wp-block-separator has-alpha-channel-opacity\"\/>\n\n\n\n<div style=\"height:10px\" aria-hidden=\"true\" class=\"wp-block-spacer\"><\/div>\n\n\n\n<p class=\"has-superbfont-small-font-size\">T\u00e4ydet pisteet saa, kun kohteiden laatu on parasta laatua, mit\u00e4 esitett\u00e4v\u00e4st\u00e4 materiaalista tiedet\u00e4\u00e4n olevan. Jos kohde ei ole tuota \u201dparasta tiedossa olevaa\u201d laatua, niin laatupisteet v\u00e4henev\u00e4t.<\/p>\n\n\n\n<p class=\"has-superbfont-small-font-size\">Laatua arvioidaan siis suhteellisena \u2013 asteikko vaihtelee riippuen<br>&#8211; l\u00e4ht\u00f6maasta<br>&#8211; ajanjaksosta<br>&#8211; kuljetusolosuhteista<br>&#8211; materiaaleittain<\/p>\n\n\n\n<p class=\"has-superbfont-small-font-size\">Helposti saatavan materiaalin pit\u00e4\u00e4 l\u00e4ht\u00f6kohtaisesti olla laadultaan aina eritt\u00e4in hyv\u00e4\u00e4: kauttaaltaan pudas, ja tahraton, selke\u00e4t leimaukset, merkkien hammastus ehj\u00e4, ei rumia taitteita jne.<\/p>\n\n\n\n<p class=\"has-superbfont-small-font-size\">Niukemmin saatavan materiaalin suhteen voi olla pient\u00e4 my\u00f6nnytyst\u00e4, joskin jos my\u00f6s n\u00e4iden tapauksessa laadun saa pidetty\u00e4 hyv\u00e4n\u00e4, niin se on eduksi kokoelmalle.<\/p>\n\n\n\n<p class=\"has-text-align-center has-superbfont-small-font-size\">\/ \/ \/<\/p>\n\n\n\n<p class=\"has-superbfont-small-font-size\">Pisteytyksest\u00e4 er\u00e4s n\u00e4kemys, joka on esitetty FIP:n postihistoriakomission j\u00e4rjest\u00e4m\u00e4ss\u00e4 seminaarissa esitelm\u00f6itsij\u00e4n suulla:<br>&#8211; keskim\u00e4\u00e4r\u00e4inen laatu tuottaa 7 pistett\u00e4, kun maksimi laadun osalta on siis 10 pistett\u00e4<br>&#8211; keskim\u00e4\u00e4r\u00e4ist\u00e4 parempi saa 8 pistett\u00e4<br>&#8211; keskim\u00e4\u00e4r\u00e4ist\u00e4 heikompi saa 6 pistett\u00e4<br>&#8211; 9-10 pisteen saamiseksi tarvitaan, ett\u00e4 1) tavallinen materiaali poikkeuksellisen hyv\u00e4ss\u00e4 kunnossa&nbsp;ja&nbsp;2) harvinainen materiaali on parhaassa mahdollisessa kunnossa. Kaikkien kohteiden laatu huomioidaan (puhtaus, selke\u00e4t leimat, ei rumia tahroja, ei rumia taitoksia jne.).<\/p>\n\n\n\n<div style=\"height:10px\" aria-hidden=\"true\" class=\"wp-block-spacer\"><\/div>\n\n\n\n<hr class=\"wp-block-separator has-alpha-channel-opacity\"\/>\n\n\n\n<div style=\"height:10px\" aria-hidden=\"true\" class=\"wp-block-spacer\"><\/div>\n\n\n\n<p class=\"has-superbfont-small-font-size\">Laadulla ja harvinaisuudella on kytkent\u00e4. T\u00e4st\u00e4 esimerkkin\u00e4 olkoon leima, joka on ollut k\u00e4yt\u00f6ss\u00e4 esimerkiksi 8 vuotta ja leimapainanteita on markkinoilla hyvin runsaasti. Oletetaan, ett\u00e4 tuon 8 vuoden aikana leimaukset ovat varsin vaatimattomia lukuun ottamatta tietty\u00e4 kahden kuukauden ajanjaksoa. Leimapainanne tuolta kahden kuukauden ajanjaksolta on sek\u00e4 laadukas ett\u00e4 harvinainen<\/p>\n<\/div>\n<\/div>\n","protected":false},"excerpt":{"rendered":"<p>Laatu on viel\u00e4 suhteellisempi k\u00e4site kuin harvinaisuus. Kokoelman laadusta puhuttaessa on paikallaan pit\u00e4\u00e4 mieless\u00e4 taannoinen mets\u00e4\/niitty-vertailu (ks. &#8220;N\u00e4k\u00f6kulma kohteiden hankinnassa: suhteellinen harvinaisuus&#8221; -osa). SREV:ss\u00e4 viisaasti korostetaan, ett\u00e4 laatu voi vaihdella huomattavastikin riippuen l\u00e4ht\u00f6maasta, ajanjaksosta sek\u00e4 kuljetusolosuhteista. Ei ole siis absoluuttista mittaa, joka toimisi l\u00e4pi koko filatelian kent\u00e4n. Laatua punnittaessa verrataan kokoelman kohteiden laatua saatavilla olevan [&hellip;]<\/p>\n","protected":false},"author":1,"featured_media":0,"parent":0,"menu_order":0,"comment_status":"closed","ping_status":"closed","template":"","meta":{"footnotes":""},"class_list":["post-216","page","type-page","status-publish","hentry"],"_links":{"self":[{"href":"https:\/\/www.vakavasti.fi\/index.php\/wp-json\/wp\/v2\/pages\/216","targetHints":{"allow":["GET"]}}],"collection":[{"href":"https:\/\/www.vakavasti.fi\/index.php\/wp-json\/wp\/v2\/pages"}],"about":[{"href":"https:\/\/www.vakavasti.fi\/index.php\/wp-json\/wp\/v2\/types\/page"}],"author":[{"embeddable":true,"href":"https:\/\/www.vakavasti.fi\/index.php\/wp-json\/wp\/v2\/users\/1"}],"replies":[{"embeddable":true,"href":"https:\/\/www.vakavasti.fi\/index.php\/wp-json\/wp\/v2\/comments?post=216"}],"version-history":[{"count":2,"href":"https:\/\/www.vakavasti.fi\/index.php\/wp-json\/wp\/v2\/pages\/216\/revisions"}],"predecessor-version":[{"id":271,"href":"https:\/\/www.vakavasti.fi\/index.php\/wp-json\/wp\/v2\/pages\/216\/revisions\/271"}],"wp:attachment":[{"href":"https:\/\/www.vakavasti.fi\/index.php\/wp-json\/wp\/v2\/media?parent=216"}],"curies":[{"name":"wp","href":"https:\/\/api.w.org\/{rel}","templated":true}]}}