{"id":214,"date":"2025-12-21T09:17:39","date_gmt":"2025-12-21T09:17:39","guid":{"rendered":"https:\/\/www.vakavasti.fi\/?page_id=214"},"modified":"2025-12-21T16:54:51","modified_gmt":"2025-12-21T16:54:51","slug":"nakokulma-kohteiden-hankinnassa-suhteellinen-harvinaisuus","status":"publish","type":"page","link":"https:\/\/www.vakavasti.fi\/index.php\/nakokulma-kohteiden-hankinnassa-suhteellinen-harvinaisuus\/","title":{"rendered":"N\u00e4k\u00f6kulma kohteiden hankinnassa: suhteellinen harvinaisuus"},"content":{"rendered":"\n<div class=\"wp-block-group alignfull has-global-padding is-layout-constrained wp-container-core-group-is-layout-4e17e602 wp-block-group-is-layout-constrained\" style=\"padding-top:var(--wp--preset--spacing--superbspacing-medium);padding-right:var(--wp--preset--spacing--superbspacing-small);padding-bottom:var(--wp--preset--spacing--superbspacing-medium);padding-left:var(--wp--preset--spacing--superbspacing-small)\">\n<div class=\"wp-block-group is-layout-flow wp-container-core-group-is-layout-3fbca637 wp-block-group-is-layout-flow\">\n<p class=\"has-superbfont-small-font-size\">Harvinaisuus on suoraan verrannollinen esitetyn materiaalin suhteelliseen saatavuuteen. Toisin sanoen kohteen harvinaisuuteen vaikuttaa se, kuinka monta vastaavaa kohdetta tunnetaan ja kuinka laajasta n\u00e4k\u00f6kulmasta niit\u00e4 pidet\u00e4\u00e4n harvinaisina.<\/p>\n\n\n\n<p class=\"has-superbfont-small-font-size\">Kohteen harvinaisuutta ei voi perustella sen kalleudella. Kallis kohde ei siis v\u00e4ltt\u00e4m\u00e4tt\u00e4 ole harvinainen ja harvinaisen kohteen ei tarvitse olla hankittaessa kallis.<\/p>\n\n\n\n<div style=\"height:10px\" aria-hidden=\"true\" class=\"wp-block-spacer\"><\/div>\n\n\n\n<hr class=\"wp-block-separator has-alpha-channel-opacity\"\/>\n\n\n\n<div style=\"height:10px\" aria-hidden=\"true\" class=\"wp-block-spacer\"><\/div>\n\n\n\n<figure class=\"wp-block-image size-large\"><img loading=\"lazy\" decoding=\"async\" width=\"1024\" height=\"333\" src=\"https:\/\/www.vakavasti.fi\/wp-content\/uploads\/2025\/12\/harvinaisuus-kuva1-1024x333.jpg\" alt=\"\" class=\"wp-image-55\" srcset=\"https:\/\/www.vakavasti.fi\/wp-content\/uploads\/2025\/12\/harvinaisuus-kuva1-1024x333.jpg 1024w, https:\/\/www.vakavasti.fi\/wp-content\/uploads\/2025\/12\/harvinaisuus-kuva1-300x98.jpg 300w, https:\/\/www.vakavasti.fi\/wp-content\/uploads\/2025\/12\/harvinaisuus-kuva1-768x250.jpg 768w, https:\/\/www.vakavasti.fi\/wp-content\/uploads\/2025\/12\/harvinaisuus-kuva1-1536x500.jpg 1536w, https:\/\/www.vakavasti.fi\/wp-content\/uploads\/2025\/12\/harvinaisuus-kuva1.jpg 2000w\" sizes=\"auto, (max-width: 1024px) 100vw, 1024px\" \/><\/figure>\n\n\n\n<p class=\"has-superbfont-small-font-size\">Ajatellaan katseltavan yl\u00e4puolella olevista kuvista vasemmanpuoleisen kuvan esitt\u00e4m\u00e4lle niitylle. Vaikka n\u00e4kym\u00e4ss\u00e4 olisi muutama puu, niin p\u00e4\u00e4asiallinen n\u00e4kym\u00e4 on edelleen niitty. Vasta silloin, kun puut liki t\u00e4ytt\u00e4v\u00e4t n\u00e4kym\u00e4n, voidaan puhua kyseess\u00e4 olevan mets\u00e4n, kuten oikeanpuoleisessa kuvassa.<\/p>\n\n\n\n<p class=\"has-superbfont-small-font-size\">Kuvattakoon hein\u00e4ll\u00e4 v\u00e4hemm\u00e4n harvinaisia kohteita ja puulla enemm\u00e4n harvinaisia kohteita. Jos kokoelmassa valtaosa kohteita on v\u00e4hemm\u00e4n harvinaisia, niin jokusen enemm\u00e4n harvinaisen kohteen mukaan saaminen ei tee kokoelmasta enemm\u00e4n harvinaista \u2013 eli mets\u00e4\u00e4.<\/p>\n\n\n\n<p class=\"has-superbfont-small-font-size\">Jokunen enemm\u00e4n harvinainen kohde saattaa tulla huomatuksi \u2013 kuten muutama puukin niityll\u00e4 \u2013 mutta yleisn\u00e4kym\u00e4 kokoelmassa on kuitenkin yh\u00e4 v\u00e4hemm\u00e4n harvinainen \u2013 eli niitty. Vasta silloin, kun enemm\u00e4n harvinaisilla kohteilla on kokoelmassa selv\u00e4 p\u00e4\u00e4paino, kokoelman harvinaisuuden voidaan sanoa selv\u00e4sti nousseen \u2013 eli niityst\u00e4 on tullut mets\u00e4.<\/p>\n\n\n\n<p class=\"has-superbfont-small-font-size\">Vastaavasti yhden, kahden tai kolmen todella suuren harvinaisuuden \u2013 vrt. korkea puu \u2013 saaminen kokoelmaan ei nosta harvinaisuuspisteit\u00e4 huippuunsa \u2013 kyse on yh\u00e4 enemm\u00e4n matalien puiden mets\u00e4st\u00e4 vaikka jokunen korkea puu n\u00e4kym\u00e4ss\u00e4 h\u00e4\u00e4m\u00f6tt\u00e4isikin.<\/p>\n\n\n\n<p class=\"has-text-align-center has-superbfont-small-font-size\">\/ \/ \/<\/p>\n\n\n\n<p class=\"has-superbfont-small-font-size\">Vastaava vertaus p\u00e4tee arvioitaessa kokoelman laatutasoa. Muutama laadukas kohde ei tee kokoelmasta korkealaatuista \u2013 eli mets\u00e4\u00e4 \u2013 jos valtaosa materiaalista on laadultaan vaatimatonta \u2013 eli niitty\u00e4.<\/p>\n\n\n\n<div style=\"height:10px\" aria-hidden=\"true\" class=\"wp-block-spacer\"><\/div>\n\n\n\n<hr class=\"wp-block-separator has-alpha-channel-opacity\"\/>\n\n\n\n<div style=\"height:10px\" aria-hidden=\"true\" class=\"wp-block-spacer\"><\/div>\n\n\n\n<figure class=\"wp-block-image size-large\"><img loading=\"lazy\" decoding=\"async\" width=\"1024\" height=\"593\" src=\"https:\/\/www.vakavasti.fi\/wp-content\/uploads\/2025\/12\/harvinaisuus-kuva2-1024x593.jpg\" alt=\"\" class=\"wp-image-56\" srcset=\"https:\/\/www.vakavasti.fi\/wp-content\/uploads\/2025\/12\/harvinaisuus-kuva2-1024x593.jpg 1024w, https:\/\/www.vakavasti.fi\/wp-content\/uploads\/2025\/12\/harvinaisuus-kuva2-300x174.jpg 300w, https:\/\/www.vakavasti.fi\/wp-content\/uploads\/2025\/12\/harvinaisuus-kuva2-768x445.jpg 768w, https:\/\/www.vakavasti.fi\/wp-content\/uploads\/2025\/12\/harvinaisuus-kuva2-1536x890.jpg 1536w, https:\/\/www.vakavasti.fi\/wp-content\/uploads\/2025\/12\/harvinaisuus-kuva2.jpg 2017w\" sizes=\"auto, (max-width: 1024px) 100vw, 1024px\" \/><\/figure>\n\n\n\n<p class=\"has-superbfont-small-font-size\">Harvinaisen materiaalin osuutta kokoelmassa havainnollistaa yll\u00e4 oleva kaavio (kyse on siis suuntaa-antavasta esimerkist\u00e4, prosenttiosuuksien ja pistem\u00e4\u00e4rien vastaavuutta ei saa tulkita absoluuttisena totuutena). Jos valtaosa kokoelman materiaalista on helposti hankittavaa, niin harvinaisuuden pistekertym\u00e4 j\u00e4\u00e4 alhaiseksi. Jos kokoelmassa on huomattava osuus harvinaista materiaalia, harvinaisuuden pistekertym\u00e4 nousee korkealle.<\/p>\n\n\n\n<p class=\"has-superbfont-small-font-size\">Mik\u00e4 on \u2019hyvin helposti hankittavaa\u2019. Sen voisi ajatella olevan sellaista tavaraa, jota l\u00f6ytyy aina, kun n\u00e4yttelyiss\u00e4 menee kauppiaiden laatikoiden \u00e4\u00e4reen.<\/p>\n\n\n\n<p class=\"has-superbfont-small-font-size\">Mik\u00e4 on \u2019helposti hankittavaa\u2019. Sen voisi ajatella olevan sellaista tavaraa, jota ei l\u00f6ydy kauppiaden laatikoista, mutta on vakiotarjontana huutokaupoissa.<\/p>\n\n\n\n<p class=\"has-superbfont-small-font-size\">SREV:ss\u00e4 luki, ett\u00e4 katsotaan, kuinka vaikeaa on l\u00f6yt\u00e4\u00e4 kokoelmaan soveltuvaa mielenkiintoista materiaalia.<br>&#8211; Kohteet voivat olla varsin hinnakkaita, mutta jos niit\u00e4 on jatkuvasti tarjolla, ne eiv\u00e4t ole harvinaisia.<br>&#8211; Kohteita saa huokeaan hintaan, kun niit\u00e4 onnistuu l\u00f6yt\u00e4m\u00e4\u00e4n, mutta vaikeus onkin siin\u00e4, ett\u00e4 niit\u00e4 ei markkinoilla juuri liiku. T\u00e4m\u00e4 lis\u00e4\u00e4 kohteen harvinaisuutta.<\/p>\n\n\n\n<div style=\"height:10px\" aria-hidden=\"true\" class=\"wp-block-spacer\"><\/div>\n\n\n\n<hr class=\"wp-block-separator has-alpha-channel-opacity\"\/>\n\n\n\n<div style=\"height:10px\" aria-hidden=\"true\" class=\"wp-block-spacer\"><\/div>\n\n\n\n<figure class=\"wp-block-image size-full\" style=\"margin-right:var(--wp--preset--spacing--superbspacing-large);margin-left:var(--wp--preset--spacing--superbspacing-large)\"><img loading=\"lazy\" decoding=\"async\" width=\"1000\" height=\"736\" src=\"https:\/\/www.vakavasti.fi\/wp-content\/uploads\/2025\/12\/Rakentaminen-Hanki-kuva4.jpg\" alt=\"\" class=\"wp-image-87\" srcset=\"https:\/\/www.vakavasti.fi\/wp-content\/uploads\/2025\/12\/Rakentaminen-Hanki-kuva4.jpg 1000w, https:\/\/www.vakavasti.fi\/wp-content\/uploads\/2025\/12\/Rakentaminen-Hanki-kuva4-300x221.jpg 300w, https:\/\/www.vakavasti.fi\/wp-content\/uploads\/2025\/12\/Rakentaminen-Hanki-kuva4-768x565.jpg 768w\" sizes=\"auto, (max-width: 1000px) 100vw, 1000px\" \/><\/figure>\n\n\n\n<p class=\"has-superbfont-small-font-size\">Tulee huomata, ett\u00e4 vain&nbsp;<strong>kokoelman aiheeseen liittyv\u00e4ll\u00e4 harvinaisuudella<\/strong>&nbsp;on merkityst\u00e4. Esimerkkin\u00e4 k\u00e4y yll\u00e4 kuvattu kohde:<br>&#8211;&nbsp;<em>Perinteisen filatelian<\/em>&nbsp;kannalta \u201dmustat kympit\u201d tekev\u00e4t kohteen harvinaiseksi.<br>&#8211;&nbsp;<em>Postihistoriallisesti<\/em>&nbsp;kohteen tekee harvinaiseksi korkea postivakuutuksen m\u00e4\u00e4r\u00e4 (349. vakuutusm\u00e4\u00e4r\u00e4luokka), eiv\u00e4t \u201dmustat kympit\u201d.<\/p>\n\n\n\n<p class=\"has-superbfont-small-font-size\">Jos kokoelmassa on jo useimmat k\u00e4sitelt\u00e4v\u00e4n aiheen avainkohteet, harvinaisuutta voi t\u00e4ll\u00f6in viel\u00e4 lis\u00e4t\u00e4 esitt\u00e4m\u00e4ll\u00e4 perinteisen filatelian harvinaisuuksia kuten harvinaisen ehi\u00f6n tai postimerkin, suurimman tunnetun frankeerauksen, sekapostitteen, varhaisimman tunnetun k\u00e4yt\u00f6n, ylivoimaisen laadukkaan kohteen tai muuta vastaavaa.<\/p>\n\n\n\n<div style=\"height:10px\" aria-hidden=\"true\" class=\"wp-block-spacer\"><\/div>\n\n\n\n<hr class=\"wp-block-separator has-alpha-channel-opacity\"\/>\n\n\n\n<div style=\"height:10px\" aria-hidden=\"true\" class=\"wp-block-spacer\"><\/div>\n\n\n\n<p class=\"has-superbfont-small-font-size\">On tullut tavaksi varustaa kokoelmissa kohteet mit\u00e4 erilaisimmin\u00a0<strong>harvinaisuudenilmaisimin<\/strong>. Mitk\u00e4 tavat n\u00e4ist\u00e4 ovat parhaita?<\/p>\n\n\n\n<p class=\"has-superbfont-small-font-size\">\u201dHarvinainen kohde\u201d tai \u201deritt\u00e4in harvoin tavattava\u201d \u2013 T\u00e4llaiset maininnat eiv\u00e4t sano mit\u00e4\u00e4n t\u00e4sm\u00e4llist\u00e4 kuinka harvinainen kohden on. Kyseess\u00e4 on vain v\u00e4itt\u00e4m\u00e4.<\/p>\n\n\n\n<p class=\"has-superbfont-small-font-size\">\u201dAinoa olemassa oleva\u201d tai \u201dUniikki\u201d \u2013 T\u00e4llaiset maininnat ovat vaarallisia. On tapahtunut niin, ett\u00e4 n\u00e4yttelyss\u00e4 yhdess\u00e4 kokoelmassa uniikiksi v\u00e4itetyst\u00e4 kohteesta l\u00f6ytyy duplikaatti toisesta samassa n\u00e4yttelyss\u00e4 olevasta kokoelmasta. Ja t\u00e4ss\u00e4 toisessa kokoelmassa my\u00f6s v\u00e4itet\u00e4\u00e4n kohteen olevan ainoa olemassa oleva. Jos n\u00e4ytteilleasettaja on noin v\u00e4\u00e4r\u00e4ss\u00e4 yhden kohteen osalta, niin ovatko h\u00e4nen muutkaan kuvaukset uskottavia.<\/p>\n\n\n\n<p class=\"has-superbfont-small-font-size\">\u201dAinoa tiedossa oleva\u201d \u2013 T\u00e4ss\u00e4 viitataan laskentaan, jonka n\u00e4ytteilleasettaja itse on tehnyt. Ei kuitenkaan tiedet\u00e4, kuinka monta kokoelmaa n\u00e4ytteilleasettaja on n\u00e4hnyt.<\/p>\n\n\n\n<p class=\"has-superbfont-small-font-size\">\u201dAinoa rekister\u00f6ity\u201d \u2013 T\u00e4m\u00e4 kertoo, ett\u00e4 rekister\u00f6inti\u00e4 on tehty. Kokoelman etulehdell\u00e4 tulee t\u00e4ll\u00f6in selvitt\u00e4\u00e4, mink\u00e4 laajuisesta rekister\u00f6innist\u00e4 on kyse. Onko rekister\u00f6innin suorittanut n\u00e4ytteilleasettaja itse? Onko kaikki tiedossa olevat kyseisen alueen kokoelmat ja keskeisten huutokauppahuoneiden tarjonta huomioitu? Jos on, niin kuinka monen vuoden ajalta rekister\u00f6inti\u00e4 on tehty? Onko rekister\u00f6innin tulokset julkaistu niin, ett\u00e4 tulokset on altistettu yleiselle tarkastelulle?<\/p>\n\n\n\n<div style=\"height:10px\" aria-hidden=\"true\" class=\"wp-block-spacer\"><\/div>\n\n\n\n<hr class=\"wp-block-separator has-alpha-channel-opacity\"\/>\n\n\n\n<div style=\"height:10px\" aria-hidden=\"true\" class=\"wp-block-spacer\"><\/div>\n\n\n\n<figure class=\"wp-block-image size-large\" style=\"margin-right:var(--wp--preset--spacing--superbspacing-large);margin-left:var(--wp--preset--spacing--superbspacing-large)\"><img loading=\"lazy\" decoding=\"async\" width=\"1024\" height=\"227\" src=\"https:\/\/www.vakavasti.fi\/wp-content\/uploads\/2025\/12\/harvinaisuus-kuva4-1024x227.jpg\" alt=\"\" class=\"wp-image-58\" srcset=\"https:\/\/www.vakavasti.fi\/wp-content\/uploads\/2025\/12\/harvinaisuus-kuva4-1024x227.jpg 1024w, https:\/\/www.vakavasti.fi\/wp-content\/uploads\/2025\/12\/harvinaisuus-kuva4-300x66.jpg 300w, https:\/\/www.vakavasti.fi\/wp-content\/uploads\/2025\/12\/harvinaisuus-kuva4-768x170.jpg 768w, https:\/\/www.vakavasti.fi\/wp-content\/uploads\/2025\/12\/harvinaisuus-kuva4-1536x340.jpg 1536w, https:\/\/www.vakavasti.fi\/wp-content\/uploads\/2025\/12\/harvinaisuus-kuva4-2048x454.jpg 2048w\" sizes=\"auto, (max-width: 1024px) 100vw, 1024px\" \/><\/figure>\n\n\n\n<p class=\"has-superbfont-small-font-size\">SREV:ss\u00e4 harvinaisuuden sanotaan olevan riippuvainen muun muassa \u201desitetyn aineiston suhteellisesta harvinaisuudesta ja ennen kaikkea filateelisesta harvinaisuudesta (ei kuitenkaan rahallisesta arvosta).\u201d T\u00e4ll\u00e4 tarkoitetaan sit\u00e4, ett\u00e4 kohde on harvinainen joidenkin asioiden suhteen. Kun n\u00e4it\u00e4 suhteita asetellaan sopivasti, niin kohteen saattaa saada hyvinkin harvinaiseksi. T\u00e4ll\u00f6in puhutaan&nbsp;<strong>\u201dharvinaistamisesta\u201d<\/strong>.<\/p>\n\n\n\n<p class=\"has-superbfont-small-font-size\">Otan esimerkin, jota havainnollistaa yll\u00e4 oleva kaavio. Sit\u00e4 kohteiden m\u00e4\u00e4r\u00e4\u00e4, joka lasketaan mukaan \u2013 eli mihin harvinaisuus suhteutetaan \u2013 voidaan yritt\u00e4\u00e4 rajoittaa ensinn\u00e4kin sen mukaan, ovatko l\u00e4hetykset menneet ulkomaille tai tulleet sielt\u00e4, tarkastellaanko vain tietty\u00e4 reitti\u00e4 kulkeneita l\u00e4hetyksi\u00e4, onko tarkastelussa vain jokin l\u00e4hetyslaji tai taksa tai leimapainanne. Ulkomaille menneen l\u00e4hetyksen tapauksessa tarkastelua on voitu rajata koskemaan vain yht\u00e4 maata.<\/p>\n\n\n\n<p class=\"has-superbfont-small-font-size\">L\u00e4hetyslajin tapauksessa tarkasteltujen l\u00e4hetysten joukkoa on rajoitettu rajaamalla lukum\u00e4\u00e4r\u00e4n laskenta koskemaan esimerkiksi vain tietty\u00e4 taksaa tai jopa tietty\u00e4 painoluokkaa tuon taksan sis\u00e4ll\u00e4.<\/p>\n\n\n\n<p class=\"has-superbfont-small-font-size\">Miss\u00e4 kohden harvinaistamisessa menn\u00e4\u00e4n liiallisuuksiin lienee veteen piirretty viiva. Mutta kovin keinotekosiin virityksiin tuomarit eiv\u00e4t l\u00e4hde mukaan.<\/p>\n\n\n\n<p class=\"has-superbfont-small-font-size\">Mik\u00e4 lopulta on todella harvinainen \u2014 Tarkoituksenmukaisinta on merkit\u00e4 vain todella harvinaiset kohteet. Millainen kohde sitten lopulta on todella harvinainen? Olen n\u00e4hnyt kansainv\u00e4lisess\u00e4 lehdist\u00f6ss\u00e4 mainintoja, ett\u00e4 kohde on \u2019todella harvinainen\u2019, jos samankaltaisia kohteita tiedet\u00e4\u00e4n olevan kattavaan rekister\u00f6intiin perustuen enint\u00e4\u00e4n viisi. Toisaalta Postihistoriallisen yhdistyksen kerhoillassa pari vuotta sitten keskusteltiin k\u00e4sitteest\u00e4 \u2019harvinainen\u2019. Silloin tehdyss\u00e4 gallupissa k\u00e4sitykseksi muodostui, ett\u00e4 kohde on \u2019harvinainen, jos niit\u00e4 tunnetaan enint\u00e4\u00e4n 50. J\u00e4rkev\u00e4 lukum\u00e4\u00e4r\u00e4 k\u00e4sitteelle \u2019todella harvinainen\u2019 lienee noiden edell\u00e4 mainittujen lukujen v\u00e4liss\u00e4 ja l\u00e4hemp\u00e4n\u00e4 viitt\u00e4 kuin viitt\u00e4kymment\u00e4.<\/p>\n\n\n\n<div style=\"height:10px\" aria-hidden=\"true\" class=\"wp-block-spacer\"><\/div>\n\n\n\n<hr class=\"wp-block-separator has-alpha-channel-opacity\"\/>\n\n\n\n<div style=\"height:10px\" aria-hidden=\"true\" class=\"wp-block-spacer\"><\/div>\n\n\n\n<p class=\"has-superbfont-small-font-size\">N\u00e4m\u00e4 esimerkit liittyv\u00e4t tuohon edellisen kalvon \u201charvinaistamiseen\u201d.<\/p>\n\n\n\n<figure class=\"wp-block-image size-large\" style=\"margin-right:var(--wp--preset--spacing--superbspacing-xxlarge);margin-left:var(--wp--preset--spacing--superbspacing-xxlarge)\"><img loading=\"lazy\" decoding=\"async\" width=\"1024\" height=\"640\" src=\"https:\/\/www.vakavasti.fi\/wp-content\/uploads\/2025\/12\/harvinaisuus-kuva5a-1024x640.jpg\" alt=\"\" class=\"wp-image-59\" srcset=\"https:\/\/www.vakavasti.fi\/wp-content\/uploads\/2025\/12\/harvinaisuus-kuva5a-1024x640.jpg 1024w, https:\/\/www.vakavasti.fi\/wp-content\/uploads\/2025\/12\/harvinaisuus-kuva5a-300x187.jpg 300w, https:\/\/www.vakavasti.fi\/wp-content\/uploads\/2025\/12\/harvinaisuus-kuva5a-768x480.jpg 768w, https:\/\/www.vakavasti.fi\/wp-content\/uploads\/2025\/12\/harvinaisuus-kuva5a.jpg 1229w\" sizes=\"auto, (max-width: 1024px) 100vw, 1024px\" \/><\/figure>\n\n\n\n<p class=\"has-superbfont-small-font-size\">Yll\u00e4 oleva kohde on ainoa kirjattu tanskalainen vakuutettu kirje, joka on l\u00e4hetetty Euroopan ulkopuoliseen kohteeseen ennen vuotta 1907. Kyse on maailmaluokan harvinaisuudesta.<\/p>\n\n\n\n<figure class=\"wp-block-image size-large\" style=\"margin-right:var(--wp--preset--spacing--superbspacing-xxlarge);margin-left:var(--wp--preset--spacing--superbspacing-xxlarge)\"><img loading=\"lazy\" decoding=\"async\" width=\"1024\" height=\"658\" src=\"https:\/\/www.vakavasti.fi\/wp-content\/uploads\/2025\/12\/harvinaisuus-kuva5b-1024x658.jpg\" alt=\"\" class=\"wp-image-60\" srcset=\"https:\/\/www.vakavasti.fi\/wp-content\/uploads\/2025\/12\/harvinaisuus-kuva5b-1024x658.jpg 1024w, https:\/\/www.vakavasti.fi\/wp-content\/uploads\/2025\/12\/harvinaisuus-kuva5b-300x193.jpg 300w, https:\/\/www.vakavasti.fi\/wp-content\/uploads\/2025\/12\/harvinaisuus-kuva5b-768x494.jpg 768w, https:\/\/www.vakavasti.fi\/wp-content\/uploads\/2025\/12\/harvinaisuus-kuva5b.jpg 1227w\" sizes=\"auto, (max-width: 1024px) 100vw, 1024px\" \/><\/figure>\n\n\n\n<p class=\"has-superbfont-small-font-size\">Yll\u00e4 oleva kohde on ainoa kirjattu vakuutettu kirje Saksaan, jossa n\u00e4kyy 168 \u00e4yrin taksa. Ylip\u00e4\u00e4ns\u00e4 tanskalaista vakuutettua kirjett\u00e4 Saksaan noilta ajoilta on kuitenkin rekister\u00f6ity yli 100. Kyseess\u00e4 on t\u00e4ll\u00f6in vain paikallinen harvinaisuus.<\/p>\n\n\n\n<div style=\"height:10px\" aria-hidden=\"true\" class=\"wp-block-spacer\"><\/div>\n\n\n\n<hr class=\"wp-block-separator has-alpha-channel-opacity\"\/>\n\n\n\n<div style=\"height:10px\" aria-hidden=\"true\" class=\"wp-block-spacer\"><\/div>\n\n\n\n<p class=\"has-superbfont-small-font-size\">T\u00e4m\u00e4 taulukko havainnollistaa harvinaisuuden suhteellisuutta lis\u00e4\u00e4.<\/p>\n\n\n\n<figure class=\"wp-block-image size-large\"><img loading=\"lazy\" decoding=\"async\" width=\"1024\" height=\"489\" src=\"https:\/\/www.vakavasti.fi\/wp-content\/uploads\/2025\/12\/harvinaisuus-kuva6-1024x489.jpg\" alt=\"\" class=\"wp-image-61\" srcset=\"https:\/\/www.vakavasti.fi\/wp-content\/uploads\/2025\/12\/harvinaisuus-kuva6-1024x489.jpg 1024w, https:\/\/www.vakavasti.fi\/wp-content\/uploads\/2025\/12\/harvinaisuus-kuva6-300x143.jpg 300w, https:\/\/www.vakavasti.fi\/wp-content\/uploads\/2025\/12\/harvinaisuus-kuva6-768x367.jpg 768w, https:\/\/www.vakavasti.fi\/wp-content\/uploads\/2025\/12\/harvinaisuus-kuva6-1536x734.jpg 1536w, https:\/\/www.vakavasti.fi\/wp-content\/uploads\/2025\/12\/harvinaisuus-kuva6.jpg 2000w\" sizes=\"auto, (max-width: 1024px) 100vw, 1024px\" \/><\/figure>\n\n\n\n<p class=\"has-superbfont-small-font-size\"><em>Maailmaluokan harvinaisuus<\/em>&nbsp;\u2013 Harvinainen yksitt\u00e4inen merkki oikein taksoitetulla sellaisella l\u00e4hetyksell\u00e4, jonka frankeeraamiseen kyseinen merkki on julkaistu. Eli jo merkkikin on harvinainen, mutta viel\u00e4 l\u00e4hetyksell\u00e4, joka on viel\u00e4 sellainen, jonka postimaksun maksamiseen merkki on alunperin tarkoitettu.<\/p>\n\n\n\n<p class=\"has-superbfont-small-font-size\"><em>Kansainv\u00e4liset harvinaisuudet<\/em>&nbsp;\u2013 Kansainv\u00e4lisess\u00e4 postissa jonkin postil\u00e4hetyslajin, lis\u00e4palvelun tai innovaation (kuten koneleimauksen) ensik\u00e4ytt\u00f6.<\/p>\n\n\n\n<p class=\"has-superbfont-small-font-size\"><em>Kansallinen harvinaisuus<\/em>&nbsp;\u2013 Asiat, jotka ovat harvinaisia ja t\u00e4rkeit\u00e4 laajasta kansallisesta n\u00e4k\u00f6kulmasta. Esimerkiksi Suomessa yksirivisten kyrillisten leimojen varhaisin k\u00e4ytt\u00f6, kaksirenkaisten samoin.<\/p>\n\n\n\n<p class=\"has-superbfont-small-font-size\"><em>Paikallinen harvinaisuus<\/em>&nbsp;\u2013 Niukasti saatavilla oleva materiaali, joka on harvinaista vain erityistilanteissa. T\u00e4m\u00e4 liittyy paikallishistoriaa k\u00e4sittelevien kokoelmien sudenkuoppaan. Saatetaan esitt\u00e4\u00e4, ett\u00e4 kaikki on hyvin harvinaista, mutta useimmissa t\u00e4llaisissa kokoelmissa kohteet ovat harvinaisia \u200b\u200bvain hyvin kapeasta n\u00e4k\u00f6kulmasta (k\u00e4ytetty kyseisess\u00e4 kyl\u00e4ss\u00e4 tai kaupungissa), mutta eiv\u00e4t ole harvinaisia laajemmasta kansallisesta tai kansainv\u00e4lisest\u00e4. n\u00e4k\u00f6kulmasta. Esimerkiksi pienen paikkakunnan postileimaa voidaan tuntea vain yksi kappale. Mutta jos se edustaa tavallista koko maassa k\u00e4yt\u00f6ss\u00e4 ollutta leimatyyppi\u00e4, se on v\u00e4hemm\u00e4n merkityksellinen kuin leimatyyppi, joka on ollut k\u00e4yt\u00f6ss\u00e4 vain kyseisell\u00e4 paikkakunnalla.<\/p>\n\n\n\n<div style=\"height:10px\" aria-hidden=\"true\" class=\"wp-block-spacer\"><\/div>\n\n\n\n<hr class=\"wp-block-separator has-alpha-channel-opacity\"\/>\n\n\n\n<div style=\"height:10px\" aria-hidden=\"true\" class=\"wp-block-spacer\"><\/div>\n\n\n\n<p class=\"has-superbfont-small-font-size\">Tuomarin on mahdotonta tiet\u00e4\u00e4 kaikkia maailmanlaajuisesti harvinaisia taksoja, reittej\u00e4 ja merkint\u00f6j\u00e4.&nbsp;<strong>N\u00e4ytteilleasettaja on vastuussa<\/strong>&nbsp;tarvittavan henkil\u00f6kohtaisen tutkimuksen tekemisest\u00e4 m\u00e4\u00e4ritt\u00e4\u00e4kseen, kuinka monta tietty\u00e4 kohdetta on tallennettu.<\/p>\n\n\n\n<p class=\"has-superbfont-small-font-size\">On my\u00f6s merkityst\u00e4, ett\u00e4 harvinaiset kohteen on kokoelmassa merkitty \u2014 mutta harvinaisuus perustellen = eli mik\u00e4 tekee kohteesta harvinaisen.<\/p>\n<\/div>\n<\/div>\n","protected":false},"excerpt":{"rendered":"<p>Harvinaisuus on suoraan verrannollinen esitetyn materiaalin suhteelliseen saatavuuteen. Toisin sanoen kohteen harvinaisuuteen vaikuttaa se, kuinka monta vastaavaa kohdetta tunnetaan ja kuinka laajasta n\u00e4k\u00f6kulmasta niit\u00e4 pidet\u00e4\u00e4n harvinaisina. Kohteen harvinaisuutta ei voi perustella sen kalleudella. Kallis kohde ei siis v\u00e4ltt\u00e4m\u00e4tt\u00e4 ole harvinainen ja harvinaisen kohteen ei tarvitse olla hankittaessa kallis. Ajatellaan katseltavan yl\u00e4puolella olevista kuvista vasemmanpuoleisen kuvan [&hellip;]<\/p>\n","protected":false},"author":1,"featured_media":0,"parent":0,"menu_order":0,"comment_status":"closed","ping_status":"closed","template":"","meta":{"footnotes":""},"class_list":["post-214","page","type-page","status-publish","hentry"],"_links":{"self":[{"href":"https:\/\/www.vakavasti.fi\/index.php\/wp-json\/wp\/v2\/pages\/214","targetHints":{"allow":["GET"]}}],"collection":[{"href":"https:\/\/www.vakavasti.fi\/index.php\/wp-json\/wp\/v2\/pages"}],"about":[{"href":"https:\/\/www.vakavasti.fi\/index.php\/wp-json\/wp\/v2\/types\/page"}],"author":[{"embeddable":true,"href":"https:\/\/www.vakavasti.fi\/index.php\/wp-json\/wp\/v2\/users\/1"}],"replies":[{"embeddable":true,"href":"https:\/\/www.vakavasti.fi\/index.php\/wp-json\/wp\/v2\/comments?post=214"}],"version-history":[{"count":3,"href":"https:\/\/www.vakavasti.fi\/index.php\/wp-json\/wp\/v2\/pages\/214\/revisions"}],"predecessor-version":[{"id":274,"href":"https:\/\/www.vakavasti.fi\/index.php\/wp-json\/wp\/v2\/pages\/214\/revisions\/274"}],"wp:attachment":[{"href":"https:\/\/www.vakavasti.fi\/index.php\/wp-json\/wp\/v2\/media?parent=214"}],"curies":[{"name":"wp","href":"https:\/\/api.w.org\/{rel}","templated":true}]}}