{"id":212,"date":"2025-12-21T09:17:27","date_gmt":"2025-12-21T09:17:27","guid":{"rendered":"https:\/\/www.vakavasti.fi\/?page_id=212"},"modified":"2025-12-21T11:52:41","modified_gmt":"2025-12-21T11:52:41","slug":"filateelinen-merkitys-arvostelunakokohta","status":"publish","type":"page","link":"https:\/\/www.vakavasti.fi\/index.php\/filateelinen-merkitys-arvostelunakokohta\/","title":{"rendered":"Filateelinen merkitys -arvostelun\u00e4k\u00f6kohta"},"content":{"rendered":"\n<div class=\"wp-block-group alignfull has-global-padding is-layout-constrained wp-container-core-group-is-layout-4e17e602 wp-block-group-is-layout-constrained\" style=\"padding-top:var(--wp--preset--spacing--superbspacing-medium);padding-right:var(--wp--preset--spacing--superbspacing-small);padding-bottom:var(--wp--preset--spacing--superbspacing-medium);padding-left:var(--wp--preset--spacing--superbspacing-small)\">\n<div class=\"wp-block-group is-layout-flow wp-container-core-group-is-layout-3fbca637 wp-block-group-is-layout-flow\">\n<p class=\"has-superbfont-small-font-size\">Er\u00e4\u00e4ss\u00e4 FIP:n postihistoriakomission j\u00e4rjest\u00e4m\u00e4ss\u00e4 tilaisuudessa esitelm\u00f6itsij\u00e4 listasi seuraavat asiat postihistorian t\u00e4rkeimpin\u00e4 osa-alueina:<br>&#8211; j\u00e4rjestetyn postin k\u00e4ytt\u00f6\u00f6notto<br>&#8211; postiarvokkeiden k\u00e4ytt\u00f6\u00f6notto ja siihen liittyv\u00e4t postimaksujen alennukset<br>&#8211; UPU-taksojen ja -m\u00e4\u00e4r\u00e4ysten k\u00e4ytt\u00f6\u00f6notto<br>&#8211; postin k\u00e4sittely ensimm\u00e4isen tai toisen maailmansodan aikana<br>&#8211; automaattisen postinlajittelun k\u00e4ytt\u00f6\u00f6notto<\/p>\n\n\n\n<p class=\"has-superbfont-small-font-size\">Tiivistetysti kyseess\u00e4 olevat asiat liittyv\u00e4t tilanteisiin, jolloin maailmassa postin toimintaan liittyen tapahtui jotakin aivan oleellista \u2013 joko tyystin uutta tai postij\u00e4rjestelm\u00e4 oli erityisell\u00e4 koetuksella.<\/p>\n\n\n\n<div style=\"height:10px\" aria-hidden=\"true\" class=\"wp-block-spacer\"><\/div>\n\n\n\n<hr class=\"wp-block-separator has-alpha-channel-opacity\"\/>\n\n\n\n<div style=\"height:10px\" aria-hidden=\"true\" class=\"wp-block-spacer\"><\/div>\n\n\n\n<p class=\"has-superbfont-small-font-size\"><strong>Mit\u00e4 laajempi alue, sit\u00e4 t\u00e4rke\u00e4mpi se on!<\/strong><\/p>\n\n\n\n<p class=\"has-superbfont-small-font-size\">P\u00e4\u00e4kaupungin postihistoriaa voidaan yleens\u00e4 pit\u00e4\u00e4 merkitt\u00e4v\u00e4mp\u00e4n\u00e4 kuin maalaiskaupungin tai maaseudun postihistoriaa. Arvioitaessa paikallishistoriallisia kokoelmia tulee pohtia, kuinka suuri osa kyseiselt\u00e4 alueelta esitett\u00e4vist\u00e4 kohteista kelpaisi laajempaa aluetta, esimerkiksi koko maan postihistoriaa, k\u00e4sittelev\u00e4\u00e4n kokoelmaan.<\/p>\n\n\n\n<p class=\"has-superbfont-small-font-size\">Kahden tai useamman valtion v\u00e4lisi\u00e4 postisopimuksia k\u00e4sittelev\u00e4\u00e4 taksakokoelmaa voidaan yleens\u00e4 pit\u00e4\u00e4 merkitt\u00e4v\u00e4mp\u00e4n\u00e4 kuin saman aikajakson yhden valtion kotimaan taksoja k\u00e4sittelev\u00e4\u00e4 kokoelmaa.<\/p>\n\n\n\n<p class=\"has-superbfont-small-font-size\">Kaikkia postil\u00e4hetyslajeja k\u00e4sittelev\u00e4\u00e4 taksakokoelmaa voidaan pit\u00e4\u00e4 merkitt\u00e4v\u00e4mp\u00e4n\u00e4 kuin yht\u00e4 l\u00e4hetyslajia tai palvelua k\u00e4sittelev\u00e4\u00e4 kokoelmaa.<\/p>\n\n\n\n<p class=\"has-superbfont-small-font-size\">Pitk\u00e4t ajanjaksot ovat yleens\u00e4 t\u00e4rke\u00e4mpi\u00e4 kuin lyhyet ajanjaksot.<\/p>\n\n\n\n<p class=\"has-superbfont-small-font-size\">2C: mittavien tapahtumien tarkastelu on merkityksellisemp\u00e4\u00e4 kuin pienten historiallisten tai paikallisten tapahtumien tarkastelu.<\/p>\n\n\n\n<p class=\"has-superbfont-small-font-size\">Keskeisen postaalisen innovaation ensimm\u00e4inen toimeenpano on merkitt\u00e4v\u00e4\u00e4; kuten esimerkiksi:<br>&#8211; ensimm\u00e4isen postimerkin k\u00e4ytt\u00f6\u00f6notto postimaksun suorittamisessa ennakkoon<br>&#8211; ensimm\u00e4isen leimauskoneen k\u00e4ytt\u00f6<br>&#8211; postinumeroinnin k\u00e4ytt\u00f6\u00f6notto<\/p>\n\n\n\n<p class=\"has-superbfont-small-font-size\">Monimutkainen postin j\u00e4rjestely on merkitt\u00e4v\u00e4\u00e4 Esimerkkin\u00e4 St. Thomasin, Aachenin tai Hong Kongin postipalvelut: pieni paikkakuntia, mutta merkitt\u00e4vi\u00e4 solmukohtia kansainv\u00e4lisess\u00e4 postiliikenteessa<\/p>\n\n\n\n<p class=\"has-superbfont-small-font-size\">SREV:ss\u00e4 erityisesti mainitaan, ett\u00e4 merkitt\u00e4vi\u00e4 postihistoriallisia kokoelmia voidaan laatia milt\u00e4 tahansa ajanjaksolta postin historian varhaisista postipalveluista viime aikojen postin koneellistamiseen ja ett\u00e4 t\u00e4rkeit\u00e4 postialan kehityskulkuja on tapahtunut min\u00e4 aikana tahansa ja niit\u00e4 tulisi arvostaa ajasta riippumatta. Esimerkiksi valtion ik\u00e4 ei ole m\u00e4\u00e4r\u00e4\u00e4v\u00e4 tekij\u00e4, kun arvioidaan valtion postihistorian merkityst\u00e4 (kuten Israel ja Vietnam).<\/p>\n\n\n\n<p class=\"has-superbfont-small-font-size\">Esimerkiksi maan tai suurkaupungin postihistoriaa voidaan k\u00e4ytt\u00e4\u00e4 havainnollistamaan maailmanlaajuisen postihistorian eritt\u00e4in t\u00e4rkeit\u00e4 kehityskulkuja kyseisen maan n\u00e4k\u00f6kulmasta katsottuna.<\/p>\n\n\n\n<div style=\"height:10px\" aria-hidden=\"true\" class=\"wp-block-spacer\"><\/div>\n\n\n\n<hr class=\"wp-block-separator has-alpha-channel-opacity\"\/>\n\n\n\n<div style=\"height:10px\" aria-hidden=\"true\" class=\"wp-block-spacer\"><\/div>\n\n\n\n<p class=\"has-superbfont-small-font-size\"><strong>K\u00e4yt\u00e4nn\u00f6ss\u00e4 arvioidaan<\/strong>&nbsp;niin, toisaalta arvioidaan asteikolla 0-5 aiheen merkityst\u00e4 ja asteikolla 0-5 miten merkitt\u00e4v\u00e4sti kokoelma on aiheen k\u00e4sitellyt.<\/p>\n\n\n\n<p class=\"has-superbfont-small-font-size\">Kolme esimerkkitilannetta:<br>1) Kyl\u00e4n ZZZ postihistoria (esifilateliasta vuoteen 19xx), jossa l\u00e4hes kaikki erilaiset merkitykselliset seikat \/ kohteet kyl\u00e4n kannalta on esitetty. Kyl\u00e4 ei alueena ole kovin merkitt\u00e4v\u00e4, mist\u00e4 2p. Sen sijaan kokoelman aihe on k\u00e4sitelty eritt\u00e4in hyvin, mist\u00e4 5p. Eli yhteens\u00e4 7p.<br>2) Kaupungin YYY postihistoria (esifilateliasta vuoteen 19xx), jossa noin puolet merkityksellisist\u00e4 seikoista \/ kohteista on esitetty. Kaupunki, t\u00e4ss\u00e4 esimerkiss\u00e4 ei suurkaupunki, on kyl\u00e4\u00e4 merkitt\u00e4v\u00e4mpi, mist\u00e4 2 tai 3 p. Aiheen k\u00e4sittelyss\u00e4 oleellisia puutteita, mist\u00e4 3p. Eli yhteens\u00e4 5 tai 6p.<br>3) P\u00e4\u00e4kaupungin tai keskeisen satamakaupungin postihistoria (esifilateliasta vuoteen 19xx), jossa iso osa merkityksellisist\u00e4 seikoista \/ kohteista kaupungin kannalta on esitetty. Riippuen p\u00e4\u00e4kaupungin merkitt\u00e4vyydest\u00e4, aiheen merkitt\u00e4vyys on 4 tai 5p. Aihe k\u00e4sitelty hyvin tai eritt\u00e4in hyvin, mist\u00e4 my\u00f6s 4 tai 5p. Eli yhteens\u00e4 8-10p.<\/p>\n\n\n\n<figure class=\"wp-block-image size-large\" style=\"margin-right:var(--wp--preset--spacing--superbspacing-xxlarge);margin-left:var(--wp--preset--spacing--superbspacing-xxlarge)\"><img loading=\"lazy\" decoding=\"async\" width=\"1024\" height=\"519\" src=\"https:\/\/www.vakavasti.fi\/wp-content\/uploads\/2025\/12\/merkitys-kuva1-1024x519.jpg\" alt=\"\" class=\"wp-image-73\" srcset=\"https:\/\/www.vakavasti.fi\/wp-content\/uploads\/2025\/12\/merkitys-kuva1-1024x519.jpg 1024w, https:\/\/www.vakavasti.fi\/wp-content\/uploads\/2025\/12\/merkitys-kuva1-300x152.jpg 300w, https:\/\/www.vakavasti.fi\/wp-content\/uploads\/2025\/12\/merkitys-kuva1-768x389.jpg 768w, https:\/\/www.vakavasti.fi\/wp-content\/uploads\/2025\/12\/merkitys-kuva1-1536x779.jpg 1536w, https:\/\/www.vakavasti.fi\/wp-content\/uploads\/2025\/12\/merkitys-kuva1.jpg 2000w\" sizes=\"auto, (max-width: 1024px) 100vw, 1024px\" \/><\/figure>\n\n\n\n<div style=\"height:10px\" aria-hidden=\"true\" class=\"wp-block-spacer\"><\/div>\n\n\n\n<p class=\"has-superbfont-small-font-size\">Haasteena on maksimoida sek\u00e4 aiheen merkitt\u00e4vyys ett\u00e4 se, miten hyvin aihe on k\u00e4sitelty:<br>&#8211; Kapean eli v\u00e4hemm\u00e4n merkitt\u00e4v\u00e4n aiheen k\u00e4sitteleminen merkitt\u00e4v\u00e4sti on helpompaa kuin laajan aiheen.<br>&#8211; Laajan eli enemm\u00e4n merkitt\u00e4v\u00e4n aiheen kokoelma voi menett\u00e4\u00e4 pisteit\u00e4 k\u00e4sittelyss\u00e4, jos k\u00e4sittely\u00e4 ei ole tehty kattavasti.<\/p>\n\n\n\n<figure class=\"wp-block-image size-large\" style=\"margin-right:var(--wp--preset--spacing--superbspacing-xxlarge);margin-left:var(--wp--preset--spacing--superbspacing-xxlarge)\"><img loading=\"lazy\" decoding=\"async\" width=\"1024\" height=\"620\" src=\"https:\/\/www.vakavasti.fi\/wp-content\/uploads\/2025\/12\/merkitys-kuva2-1024x620.jpg\" alt=\"\" class=\"wp-image-74\" srcset=\"https:\/\/www.vakavasti.fi\/wp-content\/uploads\/2025\/12\/merkitys-kuva2-1024x620.jpg 1024w, https:\/\/www.vakavasti.fi\/wp-content\/uploads\/2025\/12\/merkitys-kuva2-300x182.jpg 300w, https:\/\/www.vakavasti.fi\/wp-content\/uploads\/2025\/12\/merkitys-kuva2-768x465.jpg 768w, https:\/\/www.vakavasti.fi\/wp-content\/uploads\/2025\/12\/merkitys-kuva2-1536x930.jpg 1536w\" sizes=\"auto, (max-width: 1024px) 100vw, 1024px\" \/><\/figure>\n\n\n\n<div style=\"height:10px\" aria-hidden=\"true\" class=\"wp-block-spacer\"><\/div>\n\n\n\n<p class=\"has-superbfont-small-font-size\">Kokoelman merkityst\u00e4 voi parantaa k\u00e4sittelykulman valinnalla:<br>&#8211; k\u00e4yt\u00e4 kapeampaa aluetta kertoaksesi laajemman tarinan eli k\u00e4yt\u00e4 yhden kaupungin postihistoriaa kertomaan koko maan postihistoriaa (ks. esimerkki alla)<br>&#8211; vastaavasti k\u00e4yt\u00e4 yht\u00e4 maata kertoaksesi maailmanlaajuisesti merkitt\u00e4v\u00e4 postihistorian tarina<\/p>\n\n\n\n<figure class=\"wp-block-image aligncenter size-full is-resized\"><img loading=\"lazy\" decoding=\"async\" width=\"1000\" height=\"397\" src=\"https:\/\/www.vakavasti.fi\/wp-content\/uploads\/2025\/12\/merkitys-kuva3.jpg\" alt=\"\" class=\"wp-image-75\" style=\"width:350px\" srcset=\"https:\/\/www.vakavasti.fi\/wp-content\/uploads\/2025\/12\/merkitys-kuva3.jpg 1000w, https:\/\/www.vakavasti.fi\/wp-content\/uploads\/2025\/12\/merkitys-kuva3-300x119.jpg 300w, https:\/\/www.vakavasti.fi\/wp-content\/uploads\/2025\/12\/merkitys-kuva3-768x305.jpg 768w\" sizes=\"auto, (max-width: 1000px) 100vw, 1000px\" \/><\/figure>\n<\/div>\n<\/div>\n","protected":false},"excerpt":{"rendered":"<p>Er\u00e4\u00e4ss\u00e4 FIP:n postihistoriakomission j\u00e4rjest\u00e4m\u00e4ss\u00e4 tilaisuudessa esitelm\u00f6itsij\u00e4 listasi seuraavat asiat postihistorian t\u00e4rkeimpin\u00e4 osa-alueina:&#8211; j\u00e4rjestetyn postin k\u00e4ytt\u00f6\u00f6notto&#8211; postiarvokkeiden k\u00e4ytt\u00f6\u00f6notto ja siihen liittyv\u00e4t postimaksujen alennukset&#8211; UPU-taksojen ja -m\u00e4\u00e4r\u00e4ysten k\u00e4ytt\u00f6\u00f6notto&#8211; postin k\u00e4sittely ensimm\u00e4isen tai toisen maailmansodan aikana&#8211; automaattisen postinlajittelun k\u00e4ytt\u00f6\u00f6notto Tiivistetysti kyseess\u00e4 olevat asiat liittyv\u00e4t tilanteisiin, jolloin maailmassa postin toimintaan liittyen tapahtui jotakin aivan oleellista \u2013 joko tyystin uutta [&hellip;]<\/p>\n","protected":false},"author":1,"featured_media":0,"parent":0,"menu_order":0,"comment_status":"closed","ping_status":"closed","template":"","meta":{"footnotes":""},"class_list":["post-212","page","type-page","status-publish","hentry"],"_links":{"self":[{"href":"https:\/\/www.vakavasti.fi\/index.php\/wp-json\/wp\/v2\/pages\/212","targetHints":{"allow":["GET"]}}],"collection":[{"href":"https:\/\/www.vakavasti.fi\/index.php\/wp-json\/wp\/v2\/pages"}],"about":[{"href":"https:\/\/www.vakavasti.fi\/index.php\/wp-json\/wp\/v2\/types\/page"}],"author":[{"embeddable":true,"href":"https:\/\/www.vakavasti.fi\/index.php\/wp-json\/wp\/v2\/users\/1"}],"replies":[{"embeddable":true,"href":"https:\/\/www.vakavasti.fi\/index.php\/wp-json\/wp\/v2\/comments?post=212"}],"version-history":[{"count":3,"href":"https:\/\/www.vakavasti.fi\/index.php\/wp-json\/wp\/v2\/pages\/212\/revisions"}],"predecessor-version":[{"id":244,"href":"https:\/\/www.vakavasti.fi\/index.php\/wp-json\/wp\/v2\/pages\/212\/revisions\/244"}],"wp:attachment":[{"href":"https:\/\/www.vakavasti.fi\/index.php\/wp-json\/wp\/v2\/media?parent=212"}],"curies":[{"name":"wp","href":"https:\/\/api.w.org\/{rel}","templated":true}]}}