{"id":196,"date":"2025-12-21T08:58:47","date_gmt":"2025-12-21T08:58:47","guid":{"rendered":"https:\/\/www.vakavasti.fi\/?page_id=196"},"modified":"2026-02-13T17:33:42","modified_gmt":"2026-02-13T17:33:42","slug":"kirjoituksia","status":"publish","type":"page","link":"https:\/\/www.vakavasti.fi\/index.php\/kirjoituksia\/","title":{"rendered":"Kirjoituksia"},"content":{"rendered":"\n<div class=\"wp-block-group alignfull has-mono-4-background-color has-background has-global-padding is-layout-constrained wp-container-core-group-is-layout-233780e1 wp-block-group-is-layout-constrained\" style=\"margin-top:0;margin-bottom:0;padding-top:var(--wp--preset--spacing--superbspacing-xlarge);padding-right:var(--wp--preset--spacing--superbspacing-small);padding-bottom:var(--wp--preset--spacing--superbspacing-xlarge);padding-left:var(--wp--preset--spacing--superbspacing-small)\">\n<div class=\"wp-block-group alignwide has-global-padding is-layout-constrained wp-container-core-group-is-layout-71f7e72a wp-block-group-is-layout-constrained\">\n<div class=\"wp-block-group has-mono-3-background-color has-background has-superbfont-medium-font-size has-global-padding is-layout-constrained wp-container-core-group-is-layout-6d33c453 wp-block-group-is-layout-constrained\" style=\"margin-top:var(--wp--preset--spacing--superbspacing-xxsmall);margin-bottom:var(--wp--preset--spacing--superbspacing-xxsmall);padding-top:var(--wp--preset--spacing--superbspacing-small);padding-right:var(--wp--preset--spacing--superbspacing-small);padding-bottom:var(--wp--preset--spacing--superbspacing-small);padding-left:var(--wp--preset--spacing--superbspacing-small)\">\n<p class=\"has-text-align-left has-mono-1-color has-text-color has-link-color wp-elements-2b45a93321628df359b800581ac4477b\" style=\"margin-top:0;margin-bottom:0;font-size:clamp(15.747px, 0.984rem + ((1vw - 3.2px) * 0.938), 24px);\"><strong>Postihistoriakokoelmien arvostelus\u00e4\u00e4nn\u00f6t p\u00e4ivittyv\u00e4t<\/strong><\/p>\n\n\n\n<p class=\"has-mono-1-color has-text-color has-link-color has-superbfont-small-font-size wp-elements-c9daa15c44acfa5c7a1a84f697629bc6\" style=\"margin-top:var(--wp--preset--spacing--superbspacing-xxsmall);font-size:clamp(15.747px, 0.984rem + ((1vw - 3.2px) * 0.938), 24px);\">\ud83d\uddd3 <em>13.2.2026<\/em> \u23ae FIP uudisti postihistorialuokan tulkintaohjeet vuonna 2022, mutta j\u00e4tti SREV:iin koskematta. Kun SREV on per\u00e4ti vuodelta 2008, niin SREV ja tulkintaohjeet eiv\u00e4t parhaimmalla tavalla k\u00e4yneet yhteen. Nyt FIP:n postihistoriakomission ty\u00f6valiokunta on laatinut p\u00e4ivitetyn version molemmista ja ne tulevat voimaan vuoden 2027 alusta. T\u00e4ss\u00e4 esittelen oleelliset muutokset.<\/p>\n\n\n\n<p class=\"has-superbfont-small-font-size\"><a href=\"https:\/\/www.vakavasti.fi\/index.php\/postihistoriakokoelmien-arvostelusaannot-paivittyvat\/\" data-type=\"page\" data-id=\"372\">Lue lis\u00e4\u00e4 \u2192<\/a><\/p>\n<\/div>\n\n\n\n<div class=\"wp-block-group has-mono-3-background-color has-background has-superbfont-medium-font-size has-global-padding is-layout-constrained wp-container-core-group-is-layout-6d33c453 wp-block-group-is-layout-constrained\" style=\"margin-top:var(--wp--preset--spacing--superbspacing-xxsmall);margin-bottom:var(--wp--preset--spacing--superbspacing-xxsmall);padding-top:var(--wp--preset--spacing--superbspacing-small);padding-right:var(--wp--preset--spacing--superbspacing-small);padding-bottom:var(--wp--preset--spacing--superbspacing-small);padding-left:var(--wp--preset--spacing--superbspacing-small)\">\n<p class=\"has-text-align-left has-mono-1-color has-text-color has-link-color wp-elements-0fb3c256e0165994e522d237a15af5d3\" style=\"margin-top:0;margin-bottom:0;font-size:clamp(15.747px, 0.984rem + ((1vw - 3.2px) * 0.938), 24px);\"><strong>Arvioita Tamcollect 2025 -n\u00e4yttelyn postihistoria-luokan kokoelmista<\/strong><\/p>\n\n\n\n<p class=\"has-mono-1-color has-text-color has-link-color has-superbfont-small-font-size wp-elements-4f81a2423ddc9da2127cbb609ddb2471\" style=\"margin-top:var(--wp--preset--spacing--superbspacing-xxsmall);font-size:clamp(15.747px, 0.984rem + ((1vw - 3.2px) * 0.938), 24px);\">\ud83d\uddd3 <em>16.7.2025<\/em> \u23ae Olin vuorostani osanottajana Tamcollect 2025 -n\u00e4yttelyss\u00e4. N\u00e4yttelytuomaritaustan vuoksi kokoelmia tulee v\u00e4\u00e4j\u00e4\u00e4m\u00e4tt\u00e4 katsottua my\u00f6s tuomarin n\u00e4k\u00f6kulmasta. T\u00e4ss\u00e4 keskeisimpi\u00e4 havaintojani.<\/p>\n\n\n\n<p class=\"has-superbfont-small-font-size\"><a href=\"https:\/\/www.vakavasti.fi\/index.php\/arvioita-tamcollect-2025-nayttelyn-postihistoria-luokan-kokoelmista\/\" data-type=\"page\" data-id=\"163\">Lue lis\u00e4\u00e4 \u2192<\/a><\/p>\n<\/div>\n\n\n\n<div class=\"wp-block-group has-mono-3-background-color has-background has-superbfont-medium-font-size has-global-padding is-layout-constrained wp-container-core-group-is-layout-6d33c453 wp-block-group-is-layout-constrained\" style=\"margin-top:var(--wp--preset--spacing--superbspacing-xxsmall);margin-bottom:var(--wp--preset--spacing--superbspacing-xxsmall);padding-top:var(--wp--preset--spacing--superbspacing-small);padding-right:var(--wp--preset--spacing--superbspacing-small);padding-bottom:var(--wp--preset--spacing--superbspacing-small);padding-left:var(--wp--preset--spacing--superbspacing-small)\">\n<p class=\"has-text-align-left has-mono-1-color has-text-color has-link-color wp-elements-8e125416dfe747bcd1b0ebcfc4fa9626\" style=\"margin-top:0;margin-bottom:0;font-size:clamp(15.747px, 0.984rem + ((1vw - 3.2px) * 0.938), 24px);\"><strong>L\u00e4hdekirjallisuuden kartoittaminen<\/strong><\/p>\n\n\n\n<p class=\"has-mono-1-color has-text-color has-link-color has-superbfont-small-font-size wp-elements-ca1f30c0f9171018c1c3cf25442dc5fd\" style=\"margin-top:var(--wp--preset--spacing--superbspacing-xxsmall);font-size:clamp(15.747px, 0.984rem + ((1vw - 3.2px) * 0.938), 24px);\">\ud83d\uddd3 <em>23.12.2024<\/em> \u23ae Aivan aluksi tulee mietti\u00e4, millaisiin kysymyksiin haluat vastauksen, mit\u00e4 sinun pit\u00e4\u00e4 tiet\u00e4\u00e4 kokoelmasi aiheesta ja kohteistasi. T\u00e4m\u00e4 ei ole helppoa!<\/p>\n\n\n\n<p class=\"has-superbfont-small-font-size\"><a href=\"https:\/\/www.vakavasti.fi\/index.php\/lahdekirjallisuuden-kartoittaminen\/\" data-type=\"page\" data-id=\"182\">Lue lis\u00e4\u00e4 \u2192<\/a><\/p>\n<\/div>\n\n\n\n<div class=\"wp-block-group has-mono-3-background-color has-background has-superbfont-medium-font-size has-global-padding is-layout-constrained wp-container-core-group-is-layout-6d33c453 wp-block-group-is-layout-constrained\" style=\"margin-top:var(--wp--preset--spacing--superbspacing-xxsmall);margin-bottom:var(--wp--preset--spacing--superbspacing-xxsmall);padding-top:var(--wp--preset--spacing--superbspacing-small);padding-right:var(--wp--preset--spacing--superbspacing-small);padding-bottom:var(--wp--preset--spacing--superbspacing-small);padding-left:var(--wp--preset--spacing--superbspacing-small)\">\n<p class=\"has-text-align-left has-mono-1-color has-text-color has-link-color wp-elements-4430d2168f68e1bbb5e344385c0417a4\" style=\"margin-top:0;margin-bottom:0;font-size:clamp(15.747px, 0.984rem + ((1vw - 3.2px) * 0.938), 24px);\"><strong>FIP Arvostelun tulkintaohjeet (v. 2022)<\/strong><\/p>\n\n\n\n<p class=\"has-mono-1-color has-text-color has-link-color has-superbfont-small-font-size wp-elements-fa5b352139c0323d7b1341c7fcd044e6\" style=\"margin-top:var(--wp--preset--spacing--superbspacing-xxsmall);font-size:clamp(15.747px, 0.984rem + ((1vw - 3.2px) * 0.938), 24px);\">\ud83d\uddd3 <em>10.8.2022<\/em> \u23ae Postihistoriakokoelmien arvostelus\u00e4\u00e4nt\u00f6jen tulkintaohjeista (Guidelines) on julkaistu uusi versio. Uusissa tulkintaohjeissa on paneuduttu nimenomaan konkretian lis\u00e4\u00e4miseen.<\/p>\n\n\n\n<p class=\"has-superbfont-small-font-size\"><a href=\"https:\/\/www.vakavasti.fi\/index.php\/fip-guidelines-v-2022\/\" data-type=\"page\" data-id=\"191\">Lue lis\u00e4\u00e4 \u2192<\/a><\/p>\n<\/div>\n\n\n\n<div class=\"wp-block-group has-mono-3-background-color has-background has-superbfont-medium-font-size has-global-padding is-layout-constrained wp-container-core-group-is-layout-6d33c453 wp-block-group-is-layout-constrained\" style=\"margin-top:var(--wp--preset--spacing--superbspacing-xxsmall);margin-bottom:var(--wp--preset--spacing--superbspacing-xxsmall);padding-top:var(--wp--preset--spacing--superbspacing-small);padding-right:var(--wp--preset--spacing--superbspacing-small);padding-bottom:var(--wp--preset--spacing--superbspacing-small);padding-left:var(--wp--preset--spacing--superbspacing-small)\">\n<p class=\"has-text-align-left has-mono-1-color has-text-color has-link-color wp-elements-1a920af282da2e1cf3f0451110102590\" style=\"margin-top:0;margin-bottom:0;font-size:clamp(15.747px, 0.984rem + ((1vw - 3.2px) * 0.938), 24px);\"><strong>Suositeltavat lehtien koot<\/strong><\/p>\n\n\n\n<p class=\"has-mono-1-color has-text-color has-link-color has-superbfont-small-font-size wp-elements-542552f2cf91a473951d519597a12981\" style=\"margin-top:var(--wp--preset--spacing--superbspacing-xxsmall);font-size:clamp(15.747px, 0.984rem + ((1vw - 3.2px) * 0.938), 24px);\">\ud83d\uddd3 <em>1.8.2022<\/em> \u23ae FIP on julkaissut suosituksensa siit\u00e4, mink\u00e4 kokoiset lehdet ovat n\u00e4yttelykokoelmille hyv\u00e4ksytt\u00e4v\u00e4t ja suositeltavat.&nbsp; T\u00e4ll\u00e4 on merkityst\u00e4 sik\u00e4li, koska jatkossa kehykset mitoitettaneen tallaisia lehti\u00e4 varten.<\/p>\n\n\n\n<p class=\"has-superbfont-small-font-size\"><a href=\"https:\/\/www.vakavasti.fi\/index.php\/suositeltavat-nayttelykokoelmien-lehtien-koot\/\" data-type=\"page\" data-id=\"189\">Lue lis\u00e4\u00e4 \u2192<\/a><\/p>\n<\/div>\n\n\n\n<div class=\"wp-block-group has-mono-3-background-color has-background has-superbfont-medium-font-size has-global-padding is-layout-constrained wp-container-core-group-is-layout-6d33c453 wp-block-group-is-layout-constrained\" style=\"margin-top:var(--wp--preset--spacing--superbspacing-xxsmall);margin-bottom:var(--wp--preset--spacing--superbspacing-xxsmall);padding-top:var(--wp--preset--spacing--superbspacing-small);padding-right:var(--wp--preset--spacing--superbspacing-small);padding-bottom:var(--wp--preset--spacing--superbspacing-small);padding-left:var(--wp--preset--spacing--superbspacing-small)\">\n<p class=\"has-text-align-left has-mono-1-color has-text-color has-link-color wp-elements-5724f5fed7d2c83c123e3ec8aba6d6da\" style=\"margin-top:0;margin-bottom:0;font-size:clamp(15.747px, 0.984rem + ((1vw - 3.2px) * 0.938), 24px);\"><strong>Kohteen analyysi<\/strong><\/p>\n\n\n\n<p class=\"has-mono-1-color has-text-color has-link-color has-superbfont-small-font-size wp-elements-339be10da5c424b82012df3a54a04fef\" style=\"margin-top:var(--wp--preset--spacing--superbspacing-xxsmall);font-size:clamp(15.747px, 0.984rem + ((1vw - 3.2px) * 0.938), 24px);\">\ud83d\uddd3 <em>1.8.2022<\/em> \u23ae Aivan aluksi tulee mietti\u00e4, millaisiin kysymyksiin haluat vastauksen, mit\u00e4 sinun pit\u00e4\u00e4 tiet\u00e4\u00e4 kokoelmasi aiheesta ja kohteistasi. T\u00e4m\u00e4 ei ole helppoa!<\/p>\n\n\n\n<p class=\"has-superbfont-small-font-size\"><a href=\"https:\/\/www.vakavasti.fi\/index.php\/kohteen-analyysi\/\" data-type=\"page\" data-id=\"185\">Lue lis\u00e4\u00e4 \u2192<\/a><\/p>\n<\/div>\n\n\n\n<div class=\"wp-block-group has-mono-3-background-color has-background has-superbfont-medium-font-size has-global-padding is-layout-constrained wp-container-core-group-is-layout-6d33c453 wp-block-group-is-layout-constrained\" style=\"margin-top:var(--wp--preset--spacing--superbspacing-xxsmall);margin-bottom:var(--wp--preset--spacing--superbspacing-xxsmall);padding-top:var(--wp--preset--spacing--superbspacing-small);padding-right:var(--wp--preset--spacing--superbspacing-small);padding-bottom:var(--wp--preset--spacing--superbspacing-small);padding-left:var(--wp--preset--spacing--superbspacing-small)\">\n<p class=\"has-text-align-left has-mono-1-color has-text-color has-link-color wp-elements-ed81d69163ecfe91e240e4fa4a0764b9\" style=\"margin-top:0;margin-bottom:0;font-size:clamp(15.747px, 0.984rem + ((1vw - 3.2px) * 0.938), 24px);\"><strong>Tarina. Tarina! Tarina?<\/strong><\/p>\n\n\n\n<p class=\"has-mono-1-color has-text-color has-link-color has-superbfont-small-font-size wp-elements-fc78bc10f00ffd10374dcc25e6afead6\" style=\"margin-top:var(--wp--preset--spacing--superbspacing-xxsmall);font-size:clamp(15.747px, 0.984rem + ((1vw - 3.2px) * 0.938), 24px);\">\ud83d\uddd3 <em>1.8.2022<\/em> \u23ae Postihistoriakokoelmat perustuivat vanhastaan kohteiden luokitteluun. Nyky\u00e4\u00e4n kokoelmissa pit\u00e4isi olla tarina. Miten siirty\u00e4 luokittelusta nyky\u00e4\u00e4n arvostetumpaan tarinamaiseen k\u00e4sittelyyn.<\/p>\n\n\n\n<p class=\"has-superbfont-small-font-size\"><a href=\"https:\/\/www.vakavasti.fi\/index.php\/kohteen-analyysi\/\" data-type=\"page\" data-id=\"185\">Lu<\/a><a href=\"https:\/\/www.vakavasti.fi\/index.php\/tarina-tarina-tarina\/\" data-type=\"page\" data-id=\"173\">e lis\u00e4\u00e4 \u2192<\/a><\/p>\n<\/div>\n\n\n\n<div class=\"wp-block-group has-mono-3-background-color has-background has-superbfont-medium-font-size has-global-padding is-layout-constrained wp-container-core-group-is-layout-6d33c453 wp-block-group-is-layout-constrained\" style=\"margin-top:var(--wp--preset--spacing--superbspacing-xxsmall);margin-bottom:var(--wp--preset--spacing--superbspacing-xxsmall);padding-top:var(--wp--preset--spacing--superbspacing-small);padding-right:var(--wp--preset--spacing--superbspacing-small);padding-bottom:var(--wp--preset--spacing--superbspacing-small);padding-left:var(--wp--preset--spacing--superbspacing-small)\">\n<p class=\"has-text-align-left has-mono-1-color has-text-color has-link-color wp-elements-a16d0445e1f2a1113ed9ab252b65162c\" style=\"margin-top:0;margin-bottom:0;font-size:clamp(15.747px, 0.984rem + ((1vw - 3.2px) * 0.938), 24px);\"><strong>Kohteen harvinaistaminen<\/strong><\/p>\n\n\n\n<p class=\"has-mono-1-color has-text-color has-link-color has-superbfont-small-font-size wp-elements-a6e599f4baff083e54080e8ee4e53921\" style=\"margin-top:var(--wp--preset--spacing--superbspacing-xxsmall);font-size:clamp(15.747px, 0.984rem + ((1vw - 3.2px) * 0.938), 24px);\">\ud83d\uddd3 <em>1.8.2022<\/em> \u23ae Kokoelmaan tavoitellaan mahdollisimman harvinaisia kohteita. Harvinaisuuden suhteen on my\u00f6s kikkailtu. Millaisia keinoja on k\u00e4ytetty kokoelmassa olevian kohteiden &#8220;harvinaistamiseen&#8221;?<\/p>\n\n\n\n<p class=\"has-superbfont-small-font-size\"><a href=\"https:\/\/www.vakavasti.fi\/index.php\/kohteen-harvinaistaminen\/\" data-type=\"page\" data-id=\"167\">Lue lis\u00e4\u00e4 \u2192<\/a><\/p>\n<\/div>\n\n\n\n<div class=\"wp-block-group has-mono-3-background-color has-background has-superbfont-medium-font-size has-global-padding is-layout-constrained wp-container-core-group-is-layout-6d33c453 wp-block-group-is-layout-constrained\" style=\"margin-top:var(--wp--preset--spacing--superbspacing-xxsmall);margin-bottom:var(--wp--preset--spacing--superbspacing-xxsmall);padding-top:var(--wp--preset--spacing--superbspacing-small);padding-right:var(--wp--preset--spacing--superbspacing-small);padding-bottom:var(--wp--preset--spacing--superbspacing-small);padding-left:var(--wp--preset--spacing--superbspacing-small)\">\n<p class=\"has-text-align-left has-mono-1-color has-text-color has-link-color wp-elements-01012b15104ad30e1fa1582448417a39\" style=\"margin-top:0;margin-bottom:0;font-size:clamp(15.747px, 0.984rem + ((1vw - 3.2px) * 0.938), 24px);\"><strong>Harvinaisuuden ilmoittaminen<\/strong><\/p>\n\n\n\n<p class=\"has-mono-1-color has-text-color has-link-color has-superbfont-small-font-size wp-elements-a1022bf3ac57514bd493d884ea7184d9\" style=\"margin-top:var(--wp--preset--spacing--superbspacing-xxsmall);font-size:clamp(15.747px, 0.984rem + ((1vw - 3.2px) * 0.938), 24px);\">\ud83d\uddd3 <em>1.8.2022<\/em> \u23ae On tullut tavaksi varustaa kokoelmissa kohteet mit\u00e4 erilaisimmin harvinaisuudenilmaisimin. Jopa siin\u00e4 m\u00e4\u00e4rin, ett\u00e4 tietyt tavat ovat k\u00e4rsineet inflaation. Mitk\u00e4 tavat n\u00e4ist\u00e4 ovat parhaita?<\/p>\n\n\n\n<p class=\"has-superbfont-small-font-size\"><a href=\"https:\/\/www.vakavasti.fi\/index.php\/harvinaisuuden-ilmoittaminen\/\" data-type=\"page\" data-id=\"165\">Lue lis\u00e4\u00e4 \u2192<\/a><\/p>\n<\/div>\n<\/div>\n<\/div>\n","protected":false},"excerpt":{"rendered":"<p>Postihistoriakokoelmien arvostelus\u00e4\u00e4nn\u00f6t p\u00e4ivittyv\u00e4t \ud83d\uddd3 13.2.2026 \u23ae FIP uudisti postihistorialuokan tulkintaohjeet vuonna 2022, mutta j\u00e4tti SREV:iin koskematta. Kun SREV on per\u00e4ti vuodelta 2008, niin SREV ja tulkintaohjeet eiv\u00e4t parhaimmalla tavalla k\u00e4yneet yhteen. Nyt FIP:n postihistoriakomission ty\u00f6valiokunta on laatinut p\u00e4ivitetyn version molemmista ja ne tulevat voimaan vuoden 2027 alusta. T\u00e4ss\u00e4 esittelen oleelliset muutokset. Lue lis\u00e4\u00e4 \u2192 Arvioita [&hellip;]<\/p>\n","protected":false},"author":1,"featured_media":0,"parent":0,"menu_order":0,"comment_status":"closed","ping_status":"closed","template":"","meta":{"footnotes":""},"class_list":["post-196","page","type-page","status-publish","hentry"],"_links":{"self":[{"href":"https:\/\/www.vakavasti.fi\/index.php\/wp-json\/wp\/v2\/pages\/196","targetHints":{"allow":["GET"]}}],"collection":[{"href":"https:\/\/www.vakavasti.fi\/index.php\/wp-json\/wp\/v2\/pages"}],"about":[{"href":"https:\/\/www.vakavasti.fi\/index.php\/wp-json\/wp\/v2\/types\/page"}],"author":[{"embeddable":true,"href":"https:\/\/www.vakavasti.fi\/index.php\/wp-json\/wp\/v2\/users\/1"}],"replies":[{"embeddable":true,"href":"https:\/\/www.vakavasti.fi\/index.php\/wp-json\/wp\/v2\/comments?post=196"}],"version-history":[{"count":4,"href":"https:\/\/www.vakavasti.fi\/index.php\/wp-json\/wp\/v2\/pages\/196\/revisions"}],"predecessor-version":[{"id":382,"href":"https:\/\/www.vakavasti.fi\/index.php\/wp-json\/wp\/v2\/pages\/196\/revisions\/382"}],"wp:attachment":[{"href":"https:\/\/www.vakavasti.fi\/index.php\/wp-json\/wp\/v2\/media?parent=196"}],"curies":[{"name":"wp","href":"https:\/\/api.w.org\/{rel}","templated":true}]}}