{"id":189,"date":"2025-12-21T07:54:30","date_gmt":"2025-12-21T07:54:30","guid":{"rendered":"https:\/\/www.vakavasti.fi\/?page_id=189"},"modified":"2025-12-21T07:54:31","modified_gmt":"2025-12-21T07:54:31","slug":"suositeltavat-nayttelykokoelmien-lehtien-koot","status":"publish","type":"page","link":"https:\/\/www.vakavasti.fi\/index.php\/suositeltavat-nayttelykokoelmien-lehtien-koot\/","title":{"rendered":"Suositeltavat n\u00e4yttelykokoelmien lehtien koot"},"content":{"rendered":"\n<div class=\"wp-block-group alignfull has-global-padding is-layout-constrained wp-container-core-group-is-layout-4e17e602 wp-block-group-is-layout-constrained\" style=\"padding-top:var(--wp--preset--spacing--superbspacing-medium);padding-right:var(--wp--preset--spacing--superbspacing-small);padding-bottom:var(--wp--preset--spacing--superbspacing-medium);padding-left:var(--wp--preset--spacing--superbspacing-small)\">\n<div class=\"wp-block-group is-layout-flow wp-container-core-group-is-layout-3fbca637 wp-block-group-is-layout-flow\">\n<p class=\"has-superbfont-small-font-size\">Kansainv\u00e4lisen Filatelistiliiton, FIP:n, hallitus on julkaissut FIP:n nettisivuilla (www.f-i-p.ch) suosituksensa siit\u00e4, mink\u00e4 kokoiset lehdet ovat n\u00e4yttelykokoelmille hyv\u00e4ksytt\u00e4v\u00e4t ja suositeltavat. T\u00e4m\u00e4 suositus on kokonaisuudessaan alla.<\/p>\n\n\n\n<figure class=\"wp-block-image size-large\" style=\"margin-right:var(--wp--preset--spacing--superbspacing-xxlarge);margin-left:var(--wp--preset--spacing--superbspacing-xxlarge)\"><img loading=\"lazy\" decoding=\"async\" width=\"898\" height=\"1024\" src=\"https:\/\/www.vakavasti.fi\/wp-content\/uploads\/2025\/12\/esitystapa-kuva20-898x1024.jpg\" alt=\"\" class=\"wp-image-29\" srcset=\"https:\/\/www.vakavasti.fi\/wp-content\/uploads\/2025\/12\/esitystapa-kuva20-898x1024.jpg 898w, https:\/\/www.vakavasti.fi\/wp-content\/uploads\/2025\/12\/esitystapa-kuva20-263x300.jpg 263w, https:\/\/www.vakavasti.fi\/wp-content\/uploads\/2025\/12\/esitystapa-kuva20-768x876.jpg 768w, https:\/\/www.vakavasti.fi\/wp-content\/uploads\/2025\/12\/esitystapa-kuva20.jpg 1012w\" sizes=\"auto, (max-width: 898px) 100vw, 898px\" \/><\/figure>\n<\/div>\n<\/div>\n","protected":false},"excerpt":{"rendered":"<p>Kansainv\u00e4lisen Filatelistiliiton, FIP:n, hallitus on julkaissut FIP:n nettisivuilla (www.f-i-p.ch) suosituksensa siit\u00e4, mink\u00e4 kokoiset lehdet ovat n\u00e4yttelykokoelmille hyv\u00e4ksytt\u00e4v\u00e4t ja suositeltavat. T\u00e4m\u00e4 suositus on kokonaisuudessaan alla.<\/p>\n","protected":false},"author":1,"featured_media":0,"parent":0,"menu_order":0,"comment_status":"closed","ping_status":"closed","template":"","meta":{"footnotes":""},"class_list":["post-189","page","type-page","status-publish","hentry"],"_links":{"self":[{"href":"https:\/\/www.vakavasti.fi\/index.php\/wp-json\/wp\/v2\/pages\/189","targetHints":{"allow":["GET"]}}],"collection":[{"href":"https:\/\/www.vakavasti.fi\/index.php\/wp-json\/wp\/v2\/pages"}],"about":[{"href":"https:\/\/www.vakavasti.fi\/index.php\/wp-json\/wp\/v2\/types\/page"}],"author":[{"embeddable":true,"href":"https:\/\/www.vakavasti.fi\/index.php\/wp-json\/wp\/v2\/users\/1"}],"replies":[{"embeddable":true,"href":"https:\/\/www.vakavasti.fi\/index.php\/wp-json\/wp\/v2\/comments?post=189"}],"version-history":[{"count":1,"href":"https:\/\/www.vakavasti.fi\/index.php\/wp-json\/wp\/v2\/pages\/189\/revisions"}],"predecessor-version":[{"id":190,"href":"https:\/\/www.vakavasti.fi\/index.php\/wp-json\/wp\/v2\/pages\/189\/revisions\/190"}],"wp:attachment":[{"href":"https:\/\/www.vakavasti.fi\/index.php\/wp-json\/wp\/v2\/media?parent=189"}],"curies":[{"name":"wp","href":"https:\/\/api.w.org\/{rel}","templated":true}]}}