{"id":185,"date":"2025-12-21T07:48:11","date_gmt":"2025-12-21T07:48:11","guid":{"rendered":"https:\/\/www.vakavasti.fi\/?page_id=185"},"modified":"2025-12-21T07:52:54","modified_gmt":"2025-12-21T07:52:54","slug":"kohteen-analyysi","status":"publish","type":"page","link":"https:\/\/www.vakavasti.fi\/index.php\/kohteen-analyysi\/","title":{"rendered":"Kohteen analyysi"},"content":{"rendered":"\n<div class=\"wp-block-group alignfull has-global-padding is-layout-constrained wp-container-core-group-is-layout-4e17e602 wp-block-group-is-layout-constrained\" style=\"padding-top:var(--wp--preset--spacing--superbspacing-medium);padding-right:var(--wp--preset--spacing--superbspacing-small);padding-bottom:var(--wp--preset--spacing--superbspacing-medium);padding-left:var(--wp--preset--spacing--superbspacing-small)\">\n<div class=\"wp-block-group is-layout-flow wp-container-core-group-is-layout-3fbca637 wp-block-group-is-layout-flow\">\n<p class=\"has-superbfont-small-font-size\">Postihistoriakokoelman arvostelus\u00e4\u00e4nt\u00f6jen tulkintaohjeissa sanotaan: \u201dFilateelisia ja vastaavia tietoja osoitetaan kokoelmaan valitun aineiston ja siihen liitetyn tekstin avulla. Henkil\u00f6kohtainen tutkimus osoitetaan kokoelmaan valitun aineiston asiantuntevan analyysin avulla.\u201d T\u00e4rke\u00e4\u00e4n on siis analyysi, mutta mit\u00e4 analyysin pit\u00e4\u00e4 olla k\u00e4yt\u00e4nn\u00f6ss\u00e4.<\/p>\n\n\n\n<p class=\"has-superbfont-small-font-size\">Korkeita kokonaispistem\u00e4\u00e4ri\u00e4 n\u00e4yttelyiss\u00e4 ansainneiden kokoelmien on t\u00e4ytynyt saada hyvin korkeat pisteet kaikista arvostelun osa-alueista, my\u00f6s filateelisista tiedoista. Toisin sanoen n\u00e4iss\u00e4 kokoelmissa my\u00f6s tuomareiden mielest\u00e4 kohteiden analyysi on t\u00e4ytynyt olla oikein hyvin tehty. Otin tarkasteluun 14 kansanv\u00e4lisess\u00e4 PhilaNippon 2011, kansainv\u00e4lisess\u00e4 Indonesia 2012, kansainv\u00e4lisess\u00e4 Australia 2013 ja pohjoismaisessa Nordia 2013 \u2013n\u00e4yttelyiss\u00e4 erinomaisesti tai jopa huimasti pisteit\u00e4 ker\u00e4nnytt\u00e4 kokoelmaa (kokoelmat on lueteltu kokonaispisteineen taulukossa A) katsoakseni, mit\u00e4 he ovat kohteiden analyysiss\u00e4 k\u00e4sitelleet.<\/p>\n\n\n\n<figure class=\"wp-block-table is-style-stripes has-superbfont-xxsmall-font-size\"><table><tbody><tr><td class=\"has-text-align-center\" data-align=\"center\" colspan=\"6\"><strong>Taulukko A<\/strong><\/td><\/tr><tr><td class=\"has-text-align-center\" data-align=\"center\"><strong>#<\/strong><\/td><td><strong>Kokoelma<\/strong><\/td><td class=\"has-text-align-center\" data-align=\"center\"><strong>Philanippon 2011 (FIP)<\/strong><\/td><td class=\"has-text-align-center\" data-align=\"center\"><strong>Indonesia 2012 (FIP)<\/strong><\/td><td class=\"has-text-align-center\" data-align=\"center\"><strong>Australia 2013 (FIP)<\/strong><\/td><td class=\"has-text-align-center\" data-align=\"center\"><strong>Nordia 2013 (Pohj)<\/strong><\/td><\/tr><tr><td class=\"has-text-align-center\" data-align=\"center\">I<\/td><td>Walske: Heart of the West: San Francisco as a Postal Hub From 1849 to 1869<\/td><td class=\"has-text-align-center\" data-align=\"center\">97<\/td><td class=\"has-text-align-center\" data-align=\"center\">98<\/td><td class=\"has-text-align-center\" data-align=\"center\"><\/td><td class=\"has-text-align-center\" data-align=\"center\"><\/td><\/tr><tr><td class=\"has-text-align-center\" data-align=\"center\">II<\/td><td>J\u00f6rgensen: Danish Mail to Foreign Destination<\/td><td class=\"has-text-align-center\" data-align=\"center\"><\/td><td class=\"has-text-align-center\" data-align=\"center\">96<\/td><td class=\"has-text-align-center\" data-align=\"center\"><\/td><td class=\"has-text-align-center\" data-align=\"center\"><\/td><\/tr><tr><td class=\"has-text-align-center\" data-align=\"center\">III<\/td><td>Larsson: Swedish Postal History<\/td><td class=\"has-text-align-center\" data-align=\"center\"><\/td><td class=\"has-text-align-center\" data-align=\"center\">96<\/td><td class=\"has-text-align-center\" data-align=\"center\"><\/td><td class=\"has-text-align-center\" data-align=\"center\"><\/td><\/tr><tr><td class=\"has-text-align-center\" data-align=\"center\">IV<\/td><td>Brown: Aden Postal History<\/td><td class=\"has-text-align-center\" data-align=\"center\">95<\/td><td class=\"has-text-align-center\" data-align=\"center\">95<\/td><td class=\"has-text-align-center\" data-align=\"center\"><\/td><td class=\"has-text-align-center\" data-align=\"center\"><\/td><\/tr><tr><td class=\"has-text-align-center\" data-align=\"center\">V<\/td><td>Grassi: United States External Mail Routes 1854-75<\/td><td class=\"has-text-align-center\" data-align=\"center\">95<\/td><td class=\"has-text-align-center\" data-align=\"center\"><\/td><td class=\"has-text-align-center\" data-align=\"center\"><\/td><td class=\"has-text-align-center\" data-align=\"center\"><\/td><\/tr><tr><td class=\"has-text-align-center\" data-align=\"center\">VI<\/td><td>P\u00e5hlman: Dutch East Indies: Postal Routes and Rates<\/td><td class=\"has-text-align-center\" data-align=\"center\">93<\/td><td class=\"has-text-align-center\" data-align=\"center\">93<\/td><td class=\"has-text-align-center\" data-align=\"center\">93<\/td><td class=\"has-text-align-center\" data-align=\"center\"><\/td><\/tr><tr><td class=\"has-text-align-center\" data-align=\"center\">VII<\/td><td>Buskum: The Norwegian skilling issues and postal items<\/td><td class=\"has-text-align-center\" data-align=\"center\"><\/td><td class=\"has-text-align-center\" data-align=\"center\"><\/td><td class=\"has-text-align-center\" data-align=\"center\">90<\/td><td class=\"has-text-align-center\" data-align=\"center\">92<\/td><\/tr><tr><td class=\"has-text-align-center\" data-align=\"center\">VIII<\/td><td>Salam: Egypt: Maritime Mail Routes, 19th Century<\/td><td class=\"has-text-align-center\" data-align=\"center\">90<\/td><td class=\"has-text-align-center\" data-align=\"center\">92<\/td><td class=\"has-text-align-center\" data-align=\"center\">90<\/td><td class=\"has-text-align-center\" data-align=\"center\"><\/td><\/tr><tr><td class=\"has-text-align-center\" data-align=\"center\">IX<\/td><td>Lundgren: Bohusl\u00e4n 1692-1910<\/td><td class=\"has-text-align-center\" data-align=\"center\"><\/td><td class=\"has-text-align-center\" data-align=\"center\"><\/td><td class=\"has-text-align-center\" data-align=\"center\"><\/td><td class=\"has-text-align-center\" data-align=\"center\">91<\/td><\/tr><tr><td class=\"has-text-align-center\" data-align=\"center\">X<\/td><td>Moscatelli: Argentina Postal History 1923-45 Definitive Issues<\/td><td class=\"has-text-align-center\" data-align=\"center\"><\/td><td class=\"has-text-align-center\" data-align=\"center\">91<\/td><td class=\"has-text-align-center\" data-align=\"center\"><\/td><td class=\"has-text-align-center\" data-align=\"center\"><\/td><\/tr><tr><td class=\"has-text-align-center\" data-align=\"center\">XI<\/td><td>Putranto: The Develompment of Postal Cancellations Used in Netherlands Indies 1789-1914<\/td><td class=\"has-text-align-center\" data-align=\"center\"><\/td><td class=\"has-text-align-center\" data-align=\"center\">91<\/td><td class=\"has-text-align-center\" data-align=\"center\"><\/td><td class=\"has-text-align-center\" data-align=\"center\"><\/td><\/tr><tr><td class=\"has-text-align-center\" data-align=\"center\">XII<\/td><td>Forssmark: Faroe Island postal conditions during WW II<\/td><td class=\"has-text-align-center\" data-align=\"center\"><\/td><td class=\"has-text-align-center\" data-align=\"center\"><\/td><td class=\"has-text-align-center\" data-align=\"center\"><\/td><td class=\"has-text-align-center\" data-align=\"center\">90<\/td><\/tr><tr><td class=\"has-text-align-center\" data-align=\"center\">XIII<\/td><td>Muhonen: Finland 1918<\/td><td class=\"has-text-align-center\" data-align=\"center\"><\/td><td class=\"has-text-align-center\" data-align=\"center\"><\/td><td class=\"has-text-align-center\" data-align=\"center\"><\/td><td class=\"has-text-align-center\" data-align=\"center\">90<\/td><\/tr><tr><td class=\"has-text-align-center\" data-align=\"center\">XIV<\/td><td>Ore: Carpatho &#8211; Ukraine<\/td><td class=\"has-text-align-center\" data-align=\"center\"><\/td><td class=\"has-text-align-center\" data-align=\"center\">90<\/td><td class=\"has-text-align-center\" data-align=\"center\"><\/td><td class=\"has-text-align-center\" data-align=\"center\"><\/td><\/tr><\/tbody><\/table><\/figure>\n\n\n\n<p class=\"has-superbfont-small-font-size\">Mit\u00e4 kussakin kokoelmassa on kohteesta kerrottu, ilmenee taulukossa B. Mist\u00e4 mihin ja milloin kohde on kulkenut n\u00e4ytet\u00e4\u00e4n kerrottavan, vaikka n\u00e4m\u00e4 tyypillisesti k\u00e4yv\u00e4t ilmi l\u00e4hetykselt\u00e4 katsoenkin. Taksa n\u00e4ytt\u00e4\u00e4 olevan samoin kohteesta aina kerrottavaa tietoa. Suomalaisittain harvemmin n\u00e4kee yksil\u00f6it\u00e4v\u00e4n kohteella olevat leimat, mutta suuressa maailmassa t\u00e4m\u00e4 n\u00e4ytt\u00e4\u00e4 olevan k\u00e4yt\u00e4nt\u00f6.<\/p>\n\n\n\n<p class=\"has-superbfont-small-font-size\">Joissakin kokoelmissa eri etappien v\u00e4liset kuljetustavat on ilmoitettu. N\u00e4in on tehty silloin, kun kokoelmissa l\u00e4hetysten kuljettaminen on keskeinen teema.<\/p>\n\n\n\n<figure class=\"wp-block-table is-style-stripes has-superbfont-xxsmall-font-size\"><table><tbody><tr><td class=\"has-text-align-center\" data-align=\"center\" colspan=\"15\"><strong>Taulukko B<\/strong><\/td><\/tr><tr><td><strong>Kohteen analyysiss\u00e4 kerrottu asia<\/strong><\/td><td class=\"has-text-align-center\" data-align=\"center\" colspan=\"14\"><strong>Kokoelma<\/strong><\/td><\/tr><tr><td><\/td><td class=\"has-text-align-center\" data-align=\"center\">I<\/td><td class=\"has-text-align-center\" data-align=\"center\">II<\/td><td class=\"has-text-align-center\" data-align=\"center\">III<\/td><td class=\"has-text-align-center\" data-align=\"center\">IV<\/td><td class=\"has-text-align-center\" data-align=\"center\">V<\/td><td class=\"has-text-align-center\" data-align=\"center\">VI<\/td><td class=\"has-text-align-center\" data-align=\"center\">VII<\/td><td class=\"has-text-align-center\" data-align=\"center\">VIII<\/td><td class=\"has-text-align-center\" data-align=\"center\">IX<\/td><td class=\"has-text-align-center\" data-align=\"center\">X<\/td><td class=\"has-text-align-center\" data-align=\"center\">XI<\/td><td class=\"has-text-align-center\" data-align=\"center\">XII<\/td><td class=\"has-text-align-center\" data-align=\"center\">XIII<\/td><td class=\"has-text-align-center\" data-align=\"center\">XIV<\/td><\/tr><tr><td>l\u00e4ht\u00f6paikkakunta<\/td><td class=\"has-text-align-center\" data-align=\"center\">X<\/td><td class=\"has-text-align-center\" data-align=\"center\">X<\/td><td class=\"has-text-align-center\" data-align=\"center\">X<\/td><td class=\"has-text-align-center\" data-align=\"center\">{1}<\/td><td class=\"has-text-align-center\" data-align=\"center\">X<\/td><td class=\"has-text-align-center\" data-align=\"center\">X<\/td><td class=\"has-text-align-center\" data-align=\"center\">X<\/td><td class=\"has-text-align-center\" data-align=\"center\">X<\/td><td class=\"has-text-align-center\" data-align=\"center\"><\/td><td class=\"has-text-align-center\" data-align=\"center\">X<\/td><td class=\"has-text-align-center\" data-align=\"center\">X<\/td><td class=\"has-text-align-center\" data-align=\"center\">X<\/td><td class=\"has-text-align-center\" data-align=\"center\">X<\/td><td class=\"has-text-align-center\" data-align=\"center\">X<\/td><\/tr><tr><td>l\u00e4ht\u00f6aika<\/td><td class=\"has-text-align-center\" data-align=\"center\">X<\/td><td class=\"has-text-align-center\" data-align=\"center\">X<\/td><td class=\"has-text-align-center\" data-align=\"center\">X<\/td><td class=\"has-text-align-center\" data-align=\"center\">{2}<\/td><td class=\"has-text-align-center\" data-align=\"center\">X<\/td><td class=\"has-text-align-center\" data-align=\"center\">X<\/td><td class=\"has-text-align-center\" data-align=\"center\">X<\/td><td class=\"has-text-align-center\" data-align=\"center\">X<\/td><td class=\"has-text-align-center\" data-align=\"center\"><\/td><td class=\"has-text-align-center\" data-align=\"center\">{3}<\/td><td class=\"has-text-align-center\" data-align=\"center\">X<\/td><td class=\"has-text-align-center\" data-align=\"center\">X<\/td><td class=\"has-text-align-center\" data-align=\"center\">X<\/td><td class=\"has-text-align-center\" data-align=\"center\">X<\/td><\/tr><tr><td>saapumispaikkakunta<\/td><td class=\"has-text-align-center\" data-align=\"center\">X<\/td><td class=\"has-text-align-center\" data-align=\"center\">X<\/td><td class=\"has-text-align-center\" data-align=\"center\">X<\/td><td class=\"has-text-align-center\" data-align=\"center\"><\/td><td class=\"has-text-align-center\" data-align=\"center\">X<\/td><td class=\"has-text-align-center\" data-align=\"center\">X<\/td><td class=\"has-text-align-center\" data-align=\"center\">X<\/td><td class=\"has-text-align-center\" data-align=\"center\">X<\/td><td class=\"has-text-align-center\" data-align=\"center\"><\/td><td class=\"has-text-align-center\" data-align=\"center\">X<\/td><td class=\"has-text-align-center\" data-align=\"center\">X<\/td><td class=\"has-text-align-center\" data-align=\"center\">X<\/td><td class=\"has-text-align-center\" data-align=\"center\">X<\/td><td class=\"has-text-align-center\" data-align=\"center\">X<\/td><\/tr><tr><td>saapumisaika<\/td><td class=\"has-text-align-center\" data-align=\"center\">X<\/td><td class=\"has-text-align-center\" data-align=\"center\"><\/td><td class=\"has-text-align-center\" data-align=\"center\"><\/td><td class=\"has-text-align-center\" data-align=\"center\"><\/td><td class=\"has-text-align-center\" data-align=\"center\"><\/td><td class=\"has-text-align-center\" data-align=\"center\"><\/td><td class=\"has-text-align-center\" data-align=\"center\"><\/td><td class=\"has-text-align-center\" data-align=\"center\">X<\/td><td class=\"has-text-align-center\" data-align=\"center\"><\/td><td class=\"has-text-align-center\" data-align=\"center\"><\/td><td class=\"has-text-align-center\" data-align=\"center\"><\/td><td class=\"has-text-align-center\" data-align=\"center\"><\/td><td class=\"has-text-align-center\" data-align=\"center\">X<\/td><td class=\"has-text-align-center\" data-align=\"center\">X<\/td><\/tr><tr><td colspan=\"2\">kuljetusetapit\/-reitti<\/td><td class=\"has-text-align-center\" data-align=\"center\">X<\/td><td class=\"has-text-align-center\" data-align=\"center\">X<\/td><td class=\"has-text-align-center\" data-align=\"center\">X<\/td><td class=\"has-text-align-center\" data-align=\"center\">X<\/td><td class=\"has-text-align-center\" data-align=\"center\">X<\/td><td class=\"has-text-align-center\" data-align=\"center\"><\/td><td class=\"has-text-align-center\" data-align=\"center\"><\/td><td class=\"has-text-align-center\" data-align=\"center\">X<\/td><td class=\"has-text-align-center\" data-align=\"center\"><\/td><td class=\"has-text-align-center\" data-align=\"center\">{4}<\/td><td class=\"has-text-align-center\" data-align=\"center\">X<\/td><td class=\"has-text-align-center\" data-align=\"center\"><\/td><td class=\"has-text-align-center\" data-align=\"center\">X<\/td><\/tr><tr><td>leimat sek\u00e4 k\u00e4si- ja muut merkinn\u00e4t<\/td><td class=\"has-text-align-center\" data-align=\"center\">X<\/td><td class=\"has-text-align-center\" data-align=\"center\"><\/td><td class=\"has-text-align-center\" data-align=\"center\">X<\/td><td class=\"has-text-align-center\" data-align=\"center\"><\/td><td class=\"has-text-align-center\" data-align=\"center\"><\/td><td class=\"has-text-align-center\" data-align=\"center\">X<\/td><td class=\"has-text-align-center\" data-align=\"center\">X<\/td><td class=\"has-text-align-center\" data-align=\"center\">X<\/td><td class=\"has-text-align-center\" data-align=\"center\">X<\/td><td class=\"has-text-align-center\" data-align=\"center\"><\/td><td class=\"has-text-align-center\" data-align=\"center\">X<\/td><td class=\"has-text-align-center\" data-align=\"center\">X<\/td><td class=\"has-text-align-center\" data-align=\"center\">{5}<\/td><td class=\"has-text-align-center\" data-align=\"center\">X<\/td><\/tr><tr><td>taksa<\/td><td class=\"has-text-align-center\" data-align=\"center\">X<\/td><td class=\"has-text-align-center\" data-align=\"center\">X<\/td><td class=\"has-text-align-center\" data-align=\"center\"><\/td><td class=\"has-text-align-center\" data-align=\"center\">{4}<\/td><td class=\"has-text-align-center\" data-align=\"center\"><\/td><td class=\"has-text-align-center\" data-align=\"center\">X<\/td><td class=\"has-text-align-center\" data-align=\"center\">X<\/td><td class=\"has-text-align-center\" data-align=\"center\">X<\/td><td class=\"has-text-align-center\" data-align=\"center\">X<\/td><td class=\"has-text-align-center\" data-align=\"center\">X<\/td><td class=\"has-text-align-center\" data-align=\"center\">X<\/td><td class=\"has-text-align-center\" data-align=\"center\"><\/td><td class=\"has-text-align-center\" data-align=\"center\">X<\/td><td class=\"has-text-align-center\" data-align=\"center\">X<\/td><\/tr><tr><td>t\u00e4hdennys, joka liittyy asiaan, jonka kohdalla kohde tarinassa on<\/td><td class=\"has-text-align-center\" data-align=\"center\">X<\/td><td class=\"has-text-align-center\" data-align=\"center\"><\/td><td class=\"has-text-align-center\" data-align=\"center\">X<\/td><td class=\"has-text-align-center\" data-align=\"center\"><\/td><td class=\"has-text-align-center\" data-align=\"center\"><\/td><td class=\"has-text-align-center\" data-align=\"center\"><\/td><td class=\"has-text-align-center\" data-align=\"center\"><\/td><td class=\"has-text-align-center\" data-align=\"center\"><\/td><td class=\"has-text-align-center\" data-align=\"center\"><\/td><td class=\"has-text-align-center\" data-align=\"center\"><\/td><td class=\"has-text-align-center\" data-align=\"center\"><\/td><td class=\"has-text-align-center\" data-align=\"center\"><\/td><td class=\"has-text-align-center\" data-align=\"center\">X<\/td><td class=\"has-text-align-center\" data-align=\"center\"><\/td><\/tr><tr><td>kuljetustapoja eri etappien v\u00e4lill\u00e4<\/td><td class=\"has-text-align-center\" data-align=\"center\">X<\/td><td class=\"has-text-align-center\" data-align=\"center\"><\/td><td class=\"has-text-align-center\" data-align=\"center\"><\/td><td class=\"has-text-align-center\" data-align=\"center\"><\/td><td class=\"has-text-align-center\" data-align=\"center\">{4}<\/td><td class=\"has-text-align-center\" data-align=\"center\">X<\/td><td class=\"has-text-align-center\" data-align=\"center\">X<\/td><td class=\"has-text-align-center\" data-align=\"center\">X<\/td><td class=\"has-text-align-center\" data-align=\"center\"><\/td><td class=\"has-text-align-center\" data-align=\"center\"><\/td><td class=\"has-text-align-center\" data-align=\"center\"><\/td><td class=\"has-text-align-center\" data-align=\"center\"><\/td><td class=\"has-text-align-center\" data-align=\"center\"><\/td><td class=\"has-text-align-center\" data-align=\"center\"><\/td><\/tr><tr><td colspan=\"4\">frankeeraukseen k\u00e4ytetty merkkimalli<\/td><td class=\"has-text-align-center\" data-align=\"center\"><\/td><td class=\"has-text-align-center\" data-align=\"center\"><\/td><td class=\"has-text-align-center\" data-align=\"center\"><\/td><td class=\"has-text-align-center\" data-align=\"center\"><\/td><td class=\"has-text-align-center\" data-align=\"center\"><\/td><td class=\"has-text-align-center\" data-align=\"center\"><\/td><td class=\"has-text-align-center\" data-align=\"center\"><\/td><td class=\"has-text-align-center\" data-align=\"center\"><\/td><td class=\"has-text-align-center\" data-align=\"center\"><\/td><td class=\"has-text-align-center\" data-align=\"center\"><\/td><td class=\"has-text-align-center\" data-align=\"center\">X<\/td><\/tr><\/tbody><\/table><\/figure>\n\n\n\n<p class=\"has-text-align-center has-superbfont-xxsmall-font-size\" style=\"padding-bottom:var(--wp--preset--spacing--superbspacing-xsmall)\">{1} = vain maa.\u00a0\u00a0\u00a0\u00a0\u00a0{2} = vain vuosi.\u00a0\u00a0\u00a0\u00a0\u00a0{3} = kuukausi ja vuosi.\u00a0\u00a0\u00a0\u00a0\u00a0{4} = ei aina.\u00a0\u00a0\u00a0\u00a0\u00a0{5} = sensuuri.<\/p>\n\n\n\n<p class=\"has-superbfont-small-font-size\">Rahialan Karin muistan sanoneen, ett\u00e4 kohteista tulee selitt\u00e4\u00e4 kolme R-asiaa: Rates, Remarks ja Routes. Eli taksa, l\u00e4hetyksell\u00e4 olevat merkinn\u00e4t (leimat, k\u00e4simerkinn\u00e4t ja lipukkeet) ja l\u00e4hetyksen kulkema reitti. N\u00e4ill\u00e4 kolmella R-asialla n\u00e4ytt\u00e4\u00e4 p\u00e4rj\u00e4\u00e4v\u00e4n hyvin.<\/p>\n<\/div>\n<\/div>\n","protected":false},"excerpt":{"rendered":"<p>Postihistoriakokoelman arvostelus\u00e4\u00e4nt\u00f6jen tulkintaohjeissa sanotaan: \u201dFilateelisia ja vastaavia tietoja osoitetaan kokoelmaan valitun aineiston ja siihen liitetyn tekstin avulla. Henkil\u00f6kohtainen tutkimus osoitetaan kokoelmaan valitun aineiston asiantuntevan analyysin avulla.\u201d T\u00e4rke\u00e4\u00e4n on siis analyysi, mutta mit\u00e4 analyysin pit\u00e4\u00e4 olla k\u00e4yt\u00e4nn\u00f6ss\u00e4. Korkeita kokonaispistem\u00e4\u00e4ri\u00e4 n\u00e4yttelyiss\u00e4 ansainneiden kokoelmien on t\u00e4ytynyt saada hyvin korkeat pisteet kaikista arvostelun osa-alueista, my\u00f6s filateelisista tiedoista. Toisin sanoen [&hellip;]<\/p>\n","protected":false},"author":1,"featured_media":0,"parent":0,"menu_order":0,"comment_status":"closed","ping_status":"closed","template":"","meta":{"footnotes":""},"class_list":["post-185","page","type-page","status-publish","hentry"],"_links":{"self":[{"href":"https:\/\/www.vakavasti.fi\/index.php\/wp-json\/wp\/v2\/pages\/185","targetHints":{"allow":["GET"]}}],"collection":[{"href":"https:\/\/www.vakavasti.fi\/index.php\/wp-json\/wp\/v2\/pages"}],"about":[{"href":"https:\/\/www.vakavasti.fi\/index.php\/wp-json\/wp\/v2\/types\/page"}],"author":[{"embeddable":true,"href":"https:\/\/www.vakavasti.fi\/index.php\/wp-json\/wp\/v2\/users\/1"}],"replies":[{"embeddable":true,"href":"https:\/\/www.vakavasti.fi\/index.php\/wp-json\/wp\/v2\/comments?post=185"}],"version-history":[{"count":2,"href":"https:\/\/www.vakavasti.fi\/index.php\/wp-json\/wp\/v2\/pages\/185\/revisions"}],"predecessor-version":[{"id":188,"href":"https:\/\/www.vakavasti.fi\/index.php\/wp-json\/wp\/v2\/pages\/185\/revisions\/188"}],"wp:attachment":[{"href":"https:\/\/www.vakavasti.fi\/index.php\/wp-json\/wp\/v2\/media?parent=185"}],"curies":[{"name":"wp","href":"https:\/\/api.w.org\/{rel}","templated":true}]}}