{"id":173,"date":"2025-12-20T12:50:47","date_gmt":"2025-12-20T12:50:47","guid":{"rendered":"https:\/\/www.vakavasti.fi\/?page_id=173"},"modified":"2025-12-20T12:56:53","modified_gmt":"2025-12-20T12:56:53","slug":"tarina-tarina-tarina","status":"publish","type":"page","link":"https:\/\/www.vakavasti.fi\/index.php\/tarina-tarina-tarina\/","title":{"rendered":"Tarina. Tarina! Tarina?"},"content":{"rendered":"\n<div class=\"wp-block-group alignfull has-global-padding is-layout-constrained wp-container-core-group-is-layout-4e17e602 wp-block-group-is-layout-constrained\" style=\"padding-top:var(--wp--preset--spacing--superbspacing-medium);padding-right:var(--wp--preset--spacing--superbspacing-small);padding-bottom:var(--wp--preset--spacing--superbspacing-medium);padding-left:var(--wp--preset--spacing--superbspacing-small)\">\n<div class=\"wp-block-group is-layout-flow wp-container-core-group-is-layout-3fbca637 wp-block-group-is-layout-flow\">\n<p class=\"has-superbfont-small-font-size\">Ett\u00e4 tarina. SIIS TARINA! Mik\u00e4 tarina? Eik\u00f6 se riit\u00e4, ett\u00e4 hankkii monipuolisen materiaalin, analysoi ne lehdille p\u00e4tev\u00e4sti ja montteeraa siististi?<\/p>\n\n\n\n<p class=\"has-superbfont-small-font-size\">Ei en\u00e4\u00e4. Nyky\u00e4\u00e4n parhaisiin tuloksiin ei en\u00e4\u00e4 p\u00e4\u00e4se vain luokittelemalla kohteita vaan ne pit\u00e4\u00e4 kytke\u00e4 kokonaisuudeksi kertovalla tarinalla. Tarinan vaade ei ole uusi. Se on ollut s\u00e4\u00e4nn\u00f6iss\u00e4 pitk\u00e4\u00e4n, mutta ihan viimevuosina sen merkitys on vain tullut t\u00e4rke\u00e4mm\u00e4ksi.<\/p>\n\n\n\n<p class=\"has-superbfont-small-font-size\">Sin\u00e4ll\u00e4\u00e4n, jos kokoelman laatijalla on noin etev\u00e4 tilanne, kuin alussa h\u00e4mm\u00e4stellen kysyt\u00e4\u00e4n \u2212 Hyv\u00e4t kohteet ja analysoituna sek\u00e4 taito montteerata asiallisesti \u2212 niin tilanne on tavattoman hyv\u00e4. Ei tarvitse kuin j\u00e4rjestell\u00e4 kohteet tietyll\u00e4 tavalla ja v\u00e4liin (tyypillisesti kokoelmalehden yl\u00e4osaan) kirjoittaa virkkeen tai kaksi kullekin lehdelle tuoksi per\u00e4\u00e4nkuulutetuksi tarinaksi.<\/p>\n\n\n\n<p class=\"has-superbfont-small-font-size\">Aihekokoelmien laatijat ovat jo vuosikausia osanneet esitt\u00e4\u00e4 tarinoita. Seuraavassa yksi esimerkki, kuinka luokittelevan tavan voisi saada vaihdettua tarinaksi.<\/p>\n\n\n\n<div style=\"height:10px\" aria-hidden=\"true\" class=\"wp-block-spacer\"><\/div>\n\n\n\n<h4 class=\"wp-block-heading\">ESIMERKKI<\/h4>\n\n\n\n<p class=\"has-superbfont-small-font-size\">Esimerkkin\u00e4 Lahden alueen postileimat 1863-1971 -kokoelma. Johdanto-osuuteen etulehdelle voisi kirjata seuraavan tekstin. \u201dLahden ensimm\u00e4inen postikonttori oli perustettu 1863. Ensimm\u00e4iseksi t\u00e4m\u00e4 konttori varustettiin yksirenkaisella pienell\u00e4 rengasleimalla. Kokoelman k\u00e4sittelem\u00e4 aika p\u00e4\u00e4ttyy vuoteen 1971, kun vuoden 1972 aikana postitoimipaikat j\u00e4rjesteltiin uudelleen postinumerouudistuksen my\u00f6t\u00e4 (nimin\u00e4 otettiin k\u00e4ytt\u00f6\u00f6n Lahti 10, Lahti 11, Lahti 20 jne. -tyyliset nimet).\u201d<\/p>\n\n\n\n<div style=\"height:10px\" aria-hidden=\"true\" class=\"wp-block-spacer\"><\/div>\n\n\n\n<h4 class=\"wp-block-heading\">Vanha tapa, vaihtoehto 1<\/h4>\n\n\n\n<p class=\"has-superbfont-small-font-size\">Kokoelma on ensisijaisesti j\u00e4rjestetty leimatyypeitt\u00e4in. Toimipaikat ovat leimatyypin sis\u00e4ll\u00e4 aakkosj\u00e4rjestyksess\u00e4.<\/p>\n\n\n\n<p class=\"has-superbfont-small-font-size\">T\u00e4ll\u00f6in kokoelman j\u00e4sentely olisi:<\/p>\n\n\n\n<p class=\"has-superbfont-xxsmall-font-size\" style=\"padding-right:var(--wp--preset--spacing--superbspacing-xxlarge);padding-left:var(--wp--preset--spacing--superbspacing-xxlarge)\">1. Yksirenkainen pieni rengasleima Lahtis\n2. Kaksirenkainen Lahtis\n3. Rivileimat\n\tAhtiala\n\tAla-Okeroinen\n\tHiekkanummi\n\tKunnas\n\tK\u00e4rp\u00e4nen\n\tLahti\n\tMerrasj\u00e4rvi\n\tMyllypohja\n\tOkeroinen\n\tRenkom\u00e4ki\n\t\u00c4mm\u00e4l\u00e4\n4. Ven\u00e4l\u00e4isleimat\n\tLahti Asema\n\tLahtis\n\tOkeroinen\n\tVesij\u00e4rvi\n5. Siltaleimat\n\tAhtiala\n\tLahti\n\tLahti Asema\n6. Yksirenkaiset postitorvileimat\n\tAhtiala\n\tHiekkanummi\n\tKasakkam\u00e4ki\n\tKunnas\n\tLahti\n\tLahti 2\n\tLahti 3\n\tLahti 4\n\tLahti 5\n\tLahti 6\n\tLahti 8\n\tLahti 9\n\tLahti Asema\n\tMyllypohja\n\tOkeroinen\n\tPirttiharju\n\tRenkom\u00e4ki<\/p>\n\n\n\n<p class=\"has-superbfont-small-font-size\">Vestibulum pellentesque metus cursus ligula luctus, vel lacinia enim pulvinar. Praesent quis tincidunt ante, non cursus erat. Duis pellentesque bibendum condimentum. Praesent sit amet purus fermentum, semper sem sit amet, tempor ligula. In id pulvinar libero. Etiam odio urna, lobortis non maximus at, convallis sed diam. Aliquam erat volutpat.<\/p>\n\n\n\n<p class=\"has-superbfont-small-font-size\">Sis\u00e4llysluetteloa ei olisi tylsyytens\u00e4 vuoksi tarpeen etulehdell\u00e4 julkaista. Riitt\u00e4isin, ett\u00e4 kertoisi tuon edell\u00e4 mainitun, miss\u00e4 j\u00e4rjestyksess\u00e4 kohteet esitet\u00e4\u00e4n.<\/p>\n\n\n\n<p class=\"has-superbfont-small-font-size\">Muilla lehdill\u00e4 tekstin\u00e4 olisivat leimatyyppi- ja toimipaikkaotsikoiden lis\u00e4ksi l\u00e4hinn\u00e4 vain leimojen tunnetut k\u00e4ytt\u00f6ajat sek\u00e4 l\u00e4hetysten taksatiedot.<\/p>\n\n\n\n<div style=\"height:10px\" aria-hidden=\"true\" class=\"wp-block-spacer\"><\/div>\n\n\n\n<h4 class=\"wp-block-heading\">Vanha tapa, vaihtoehto 2<\/h4>\n\n\n\n<p class=\"has-superbfont-small-font-size\">Kokoelma on ensisijaisesti j\u00e4rjestetty toimipaikoittain aakkosj\u00e4rjestyksess\u00e4. Kunkin toimipaikan sis\u00e4ll\u00e4 toimipaikan leimat on esitetty j\u00e4rjestyksess\u00e4 yksirenkaiset pienet rengasleimat, kaksirenkaiset, rivileimat, ven\u00e4l\u00e4isleimat, siltaleimat ja yksirenkaiset postitorvileimojen.<\/p>\n\n\n\n<p class=\"has-superbfont-small-font-size\">T\u00e4ll\u00f6in kokoelman j\u00e4sentely olisi:<\/p>\n\n\n\n<p class=\"has-superbfont-xxsmall-font-size\" style=\"padding-right:var(--wp--preset--spacing--superbspacing-xxlarge);padding-left:var(--wp--preset--spacing--superbspacing-xxlarge)\">Ahtiala\n\tRivileimat\n\tSiltaleimat\n\tYksirenkaiset postitorvileimat\nAla-Okeroinen\n\tRivileimat\nHiekkanummi\n\tRivileimat\n\tYksirenkaiset postitorvileimat\nKasakkam\u00e4ki\n\tYksirenkaiset postitorvileimat\nKunnas\n\tRivileimat\n\tYksirenkaiset postitorvileimat\nK\u00e4rp\u00e4nen\n\tRivileimat\nLahti\n\tRivileimat\n\tSiltaleimat\n\tYksirenkaiset postitorvileimat\nLahti 2\n\tYksirenkaiset postitorvileimat\nLahti 3\n\tYksirenkaiset postitorvileimat\nLahti 4\n\tYksirenkaiset postitorvileimat\nLahti 5\n\tYksirenkaiset postitorvileimat\nLahti 6\n\tYksirenkaiset postitorvileimat\nLahti 8\n\tYksirenkaiset postitorvileimat\nLahti 9\n\tYksirenkaiset postitorvileimat\nLahti Asema\n\tVen\u00e4l\u00e4isleimat\n\tSiltaleimat\n\tYksirenkaiset postitorvileimat\nLahtis\n\tYksirenkainen pieni rengasleima\n\tKaksirenkainen\n\tVen\u00e4l\u00e4isleimat\nMerrasj\u00e4rvi\n\tRivileimat\nMyllypohja\n\tRivileimat\n\tYksirenkaiset postitorvileimat\nOkeroinen\n\tRivileimat\n\tVen\u00e4l\u00e4isleimat\n\tYksirenkaiset postitorvileimat\nPirttiharju\n\tYksirenkaiset postitorvileimat\nRenkom\u00e4ki\n\tRivileimat\n\tYksirenkaiset postitorvileimat\nVesij\u00e4rvi\n\tVen\u00e4l\u00e4isleimat\n\u00c4mm\u00e4l\u00e4\n\tRivileimat<\/p>\n\n\n\n<p class=\"has-superbfont-small-font-size\">Sis\u00e4llysluetteloa ei olisi t\u00e4ss\u00e4k\u00e4\u00e4n tapauksessa tylsyytens\u00e4 vuoksi tarpeen etulehdell\u00e4 julkaista. Riitt\u00e4isin, ett\u00e4 kertoisi tuon edell\u00e4 mainitun, miss\u00e4 j\u00e4rjestyksess\u00e4 kohteet esitet\u00e4\u00e4n.<\/p>\n\n\n\n<p class=\"has-superbfont-small-font-size\">Muilla lehdill\u00e4 tekstin\u00e4 olisivat leimatyyppi- ja toimipaikkaotsikoiden lis\u00e4ksi toimipaikan perustamis- ja lakkautusajankohdat, leimojen tunnetut k\u00e4ytt\u00f6ajat sek\u00e4 l\u00e4hetysten taksatiedot.<\/p>\n\n\n\n<div style=\"height:10px\" aria-hidden=\"true\" class=\"wp-block-spacer\"><\/div>\n\n\n\n<h4 class=\"wp-block-heading\">Uusi, suositeltavampi tapa<\/h4>\n\n\n\n<p class=\"has-superbfont-small-font-size\">Kokoelman nimeksi vaihdetaan \u201dLahden postiolojen kehittyminen 1863-1971 esitettyn\u00e4 postitoimistojen ja postileimojen v\u00e4lityksell\u00e4\u201d. Etulehden johdanto-osuuteen voisi lis\u00e4ksi kirjata saman tekstin kuin vaihtoehdoissa 2.1 ja 2.2. eli: \u201dLahden ensimm\u00e4inen postikonttori oli perustettu 1863. Ensimm\u00e4iseksi t\u00e4m\u00e4 konttori varustettiin yksirenkaisella pienell\u00e4 rengasleimalla. Kokoelman k\u00e4sittelem\u00e4 aika p\u00e4\u00e4ttyy vuoteen 1971, kun vuoden 1972 aikana postitoimipaikat j\u00e4rjesteltiin uudelleen postinumerouudistuksen my\u00f6t\u00e4 (nimin\u00e4 otettiin k\u00e4ytt\u00f6\u00f6n Lahti 10, Lahti 11, Lahti 20 jne. -tyyliset nimet).\u201d<\/p>\n\n\n\n<p class=\"has-superbfont-small-font-size\">Kohteet sis\u00e4lt\u00e4vill\u00e4 lehdill\u00e4 tarina ja kohteet menisiv\u00e4t seuraavasti.<\/p>\n\n\n\n<figure class=\"wp-block-table is-style-stripes has-superbfont-xxsmall-font-size\" style=\"line-height:1.5\"><table><tbody><tr><td class=\"has-text-align-center\" data-align=\"center\"><strong>Kerronnallinen teksti eli TARINA<\/strong><\/td><td class=\"has-text-align-center\" data-align=\"center\"><strong>Tarinaa kuvittavat kohteet<\/strong><\/td><\/tr><tr><td><strong>ENSIMM\u00c4INEN POSTITOIMIPAIKKA: LAHTIS<\/strong><br>Hollolan kunnan Lahden kyl\u00e4\u00e4n, joka tunnettiin vilkkaana markkinapaikkana ja t\u00e4rke\u00e4n\u00e4 vesi- ja maaliikenteen risteyspaikkana, perustettiin posti loppuvuodesta 1863. Posti toimi aluksi todenn\u00e4k\u00f6isesti Lahden kartanossa, koska ensimm\u00e4isen\u00e4 hoitajana mainitaan kartanonomistaja. Kun posti vuonna 1865 sai oikeuden v\u00e4litt\u00e4\u00e4 my\u00f6s rahapostia, se muutti Juustilan taloon. T\u00e4m\u00e4n j\u00e4lkeen posti on toiminut rautatieaseman l\u00e4hell\u00e4, KOP:n talossa keskell\u00e4 kaupunkia ja nykyisin j\u00e4lleen rautatieaseman vieress\u00e4.<\/td><td>&nbsp;<\/td><\/tr><tr><td>Ensimm\u00e4isen\u00e4 leima oli yksirenkainen pieni rengasleima<\/td><td>Lahtis -yksirenkaisl\u00e4hetyksi\u00e4 (tunnetaan kolmena eri v\u00e4risen\u00e4)<\/td><\/tr><tr><td>Kaksirenkaisen leiman toimipaikka sai 20.5.1886.<\/td><td>Kaksirenkaisl\u00e4hetyksi\u00e4<\/td><\/tr><tr><td>Ven\u00e4l\u00e4ist\u00e4mistoimenpiteiden my\u00f6t\u00e4 ven\u00e4l\u00e4isleimat tulivat k\u00e4ytt\u00f6\u00f6n 31.12.1893. Samalla toimipaikan nimi muuttui muotoon \u201dLahti\u201d.<\/td><td>Ven\u00e4l\u00e4isleimojen eri variaatioita l\u00e4hetyksill\u00e4.<\/td><\/tr><tr><td>Itsen\u00e4isyyden my\u00f6t\u00e4 ven\u00e4j\u00e4n kieli poistettiin.<\/td><td>Ven\u00e4l\u00e4isleimoja ilman ven\u00e4l\u00e4isteksti\u00e4.<\/td><\/tr><tr><td>Olojen vakiinnuttua k\u00e4ytt\u00f6\u00f6n tulivat siltaleimat.<\/td><td>Siltaleimojen eri variaatioita l\u00e4hetyksill\u00e4.<\/td><\/tr><tr><td>Jatkosodan aika yksirenkaiset postitorvileimat tulivat k\u00e4ytt\u00f6\u00f6n.<\/td><td>Yksirenkaisten postitorvileimojen eri variaatioita<\/td><\/tr><tr><td><strong>MUUT VARHAISIMMAT LAHTI-TOIMIPAIKAT<br>Lahti-postipys\u00e4kki<\/strong><br>P\u00e4\u00e4postin siirtyess\u00e4 kauppalan keskustasta rautatieaseman viereen perustettiin postipys\u00e4kki palvelemaan keskustan asukkaita. T\u00e4m\u00e4 pys\u00e4kki on toiminnassa 1895-1898.<\/td><td>Lahti-rivileimaisia l\u00e4hetyksi\u00e4<\/td><\/tr><tr><td><strong>Lahti As. \/ Lahti 1<\/strong><br>Kun Lahden p\u00e4\u00e4posti siirrettiin asemalta takaisin keskustaan, perustettiin 1898 asemalle oma toimipaikka, koska postin sijainti asemalla kulkevaisten vuoksi oli tarpeen. Ensimm\u00e4iset leimat olivat ven\u00e4l\u00e4isleimoja.<\/td><td>Ven\u00e4l\u00e4isleimojen eri variaatioita l\u00e4hetyksill\u00e4.<\/td><\/tr><tr><td>Nimi muutettiin muotoon \u201dLahti 1\u201d 1.3.1923.<\/td><td>Lahti 1 -leimattuja l\u00e4hetyksi\u00e4: ensin siltaleimoilla, sitten yksirenkaisilla postitorvileimoilla.<\/td><\/tr><tr><td><strong>TOIMIPAIKKOJA L\u00c4HISEUDUN KYLIIN<br>Okeroinen<\/strong><br>Ensimm\u00e4inen t\u00e4llainen perustettiin Okeroisten kyl\u00e4\u00e4n 1.3.1899.<\/td><td>Okeroinen-leimattuja l\u00e4hetyksi\u00e4: ensin rivileima sek\u00e4 sitten ven\u00e4l\u00e4isleimat ja yksirenkainen postitorvileima.<\/td><\/tr><tr><td><strong>Vesij\u00e4rvi<\/strong><br>Vesij\u00e4rven satama, huomattava liikennepaikka, sai oman postin 1.7.1904.<\/td><td>Ven\u00e4l\u00e4isleimojen eri variaatioita l\u00e4hetyksill\u00e4.<\/td><\/tr><tr><td><strong>Vesij\u00e4rvi<\/strong><br>Vesij\u00e4rven satama, huomattava liikennepaikka, sai oman postin 1.7.1904.<\/td><td>Ven\u00e4l\u00e4isleimojen eri variaatioita l\u00e4hetyksill\u00e4.<\/td><\/tr><tr><td><strong>Ahtiala<\/strong><br>Ahtialan kyl\u00e4\u00e4n posti perustettiin 1.3.1906.<\/td><td>Ahtiala-leimattuja l\u00e4hetyksi\u00e4: ensin rivileima sek\u00e4 sitten ven\u00e4l\u00e4isleima ja yksirenkainen postitorvileima.<\/td><\/tr><tr><td><strong>\u00c4mm\u00e4l\u00e4<\/strong><br>\u00c4mm\u00e4l\u00e4\u00e4n Loviisaan johtavan rautatien varrelle perustettiin postipys\u00e4kki 1.9.1910.<\/td><td>\u00c4mm\u00e4l\u00e4-leimattuja l\u00e4hetyksi\u00e4.<\/td><\/tr><tr><td><strong>Merrasj\u00e4rvi<\/strong><br>Merrasj\u00e4rven asuntoalueelle postipys\u00e4kki perustettiin 1.7.1928.<\/td><td>Merrasj\u00e4rvi-leimattuja l\u00e4hetyksi\u00e4.<\/td><\/tr><tr><td><strong>KAUPUNKI KASVAA EDELLEEN<\/strong><\/td><td>Edell\u00e4 kuvattuun tapaan k\u00e4sitelt\u00e4isiin toimipaikat (t\u00e4ss\u00e4 perustamisj\u00e4rjestyksess\u00e4) Renkom\u00e4ki, Lahti 2, Lahti 3, Hiekkanummi, Pirttiharju, Lahti 4, Lahti 5, Myllypohja, Kunnas, Lahti 6, Ala-Okeroinen, Lahti 8, Kasakkam\u00e4ki ja Lahti 9.<\/td><\/tr><\/tbody><\/table><\/figure>\n\n\n\n<p class=\"has-superbfont-small-font-size\">T\u00e4ll\u00f6in kokoelmalle saisi ihan kunnollisen sis\u00e4llysluettelon:<\/p>\n\n\n\n<p class=\"has-superbfont-xxsmall-font-size\" style=\"padding-right:var(--wp--preset--spacing--superbspacing-xxlarge);padding-left:var(--wp--preset--spacing--superbspacing-xxlarge)\">1. ENSIMM\u00c4INEN POSTITOIMIPAIKKA: LAHTIS\n2. MUUT VARHAISIMMAT LAHTI-TOIMIPAIKAT\n\t2.1. Lahti-postipys\u00e4kki\n\t2.2. Lahti As. \/ Lahti 1\n3. TOIMIPAIKKOJA L\u00c4HISEUDUN KYLIIN\n\t3.1. Okeroinen\n\t3.2. Vesij\u00e4rvi\n\t3.3. Ahtiala\n\t3.4. \u00c4mm\u00e4l\u00e4\n\t3.5. Merrasj\u00e4rvi\n4. KAUPUNKI KASVAA EDELLEEN\n\t4.1. Renkom\u00e4ki\n\t4.2. Lahti 2\n\t4.3. Lahti 3\n\t4.4. Hiekkanummi\n\t4.5. Pirttiharju\n\t4.6. Lahti 4\n\t4.7. Lahti 5\n\t4.8. Myllypohja\n\t4.9. Kunnas\n\t4.10. Lahti 6\n\t4.11. Ala-Okeroinen\n\t4.12. Lahti 8\n\t4.13. Kasakkam\u00e4ki\n\t4.14. Lahti 9<\/p>\n\n\n\n<p class=\"has-superbfont-small-font-size\">Sis\u00e4llysluettelo laitettaisiin etulehdelle. Toimipaikkatiedot k\u00e4visiv\u00e4t ilmi muille lehdille laitettavista kerronnallisista teksteist\u00e4 eli tarinasta. Kohteiden yhteydess\u00e4 olevissa teksteiss\u00e4 kerrottaisiin leimojen tunnetut k\u00e4ytt\u00f6ajat sek\u00e4 l\u00e4hetysten taksatiedot.<\/p>\n\n\n\n<div style=\"height:10px\" aria-hidden=\"true\" class=\"wp-block-spacer\"><\/div>\n\n\n\n<h4 class=\"wp-block-heading\">YHTEENVETO<\/h4>\n\n\n\n<p class=\"has-superbfont-small-font-size\">Kun vertaa vaihtoehtoja 1 ja 2 uuteen, suositeltavampaan tapaan, niin merkitt\u00e4vint\u00e4 on huomioida, ett\u00e4 kohteet ovat t\u00e4ysin samat, mutta suositeltavammalla tavalla ne j\u00e4rjest\u00e4m\u00e4ll\u00e4 kokoelmaan saadaan pienell\u00e4 vaivalla se kaivattu selke\u00e4 tarina. Kyse on siis j\u00e4lleen viitsimisest\u00e4!<\/p>\n<\/div>\n<\/div>\n","protected":false},"excerpt":{"rendered":"<p>Ett\u00e4 tarina. SIIS TARINA! Mik\u00e4 tarina? Eik\u00f6 se riit\u00e4, ett\u00e4 hankkii monipuolisen materiaalin, analysoi ne lehdille p\u00e4tev\u00e4sti ja montteeraa siististi? Ei en\u00e4\u00e4. Nyky\u00e4\u00e4n parhaisiin tuloksiin ei en\u00e4\u00e4 p\u00e4\u00e4se vain luokittelemalla kohteita vaan ne pit\u00e4\u00e4 kytke\u00e4 kokonaisuudeksi kertovalla tarinalla. Tarinan vaade ei ole uusi. Se on ollut s\u00e4\u00e4nn\u00f6iss\u00e4 pitk\u00e4\u00e4n, mutta ihan viimevuosina sen merkitys on vain [&hellip;]<\/p>\n","protected":false},"author":1,"featured_media":0,"parent":0,"menu_order":0,"comment_status":"closed","ping_status":"closed","template":"","meta":{"footnotes":""},"class_list":["post-173","page","type-page","status-publish","hentry"],"_links":{"self":[{"href":"https:\/\/www.vakavasti.fi\/index.php\/wp-json\/wp\/v2\/pages\/173","targetHints":{"allow":["GET"]}}],"collection":[{"href":"https:\/\/www.vakavasti.fi\/index.php\/wp-json\/wp\/v2\/pages"}],"about":[{"href":"https:\/\/www.vakavasti.fi\/index.php\/wp-json\/wp\/v2\/types\/page"}],"author":[{"embeddable":true,"href":"https:\/\/www.vakavasti.fi\/index.php\/wp-json\/wp\/v2\/users\/1"}],"replies":[{"embeddable":true,"href":"https:\/\/www.vakavasti.fi\/index.php\/wp-json\/wp\/v2\/comments?post=173"}],"version-history":[{"count":7,"href":"https:\/\/www.vakavasti.fi\/index.php\/wp-json\/wp\/v2\/pages\/173\/revisions"}],"predecessor-version":[{"id":181,"href":"https:\/\/www.vakavasti.fi\/index.php\/wp-json\/wp\/v2\/pages\/173\/revisions\/181"}],"wp:attachment":[{"href":"https:\/\/www.vakavasti.fi\/index.php\/wp-json\/wp\/v2\/media?parent=173"}],"curies":[{"name":"wp","href":"https:\/\/api.w.org\/{rel}","templated":true}]}}