{"id":143,"date":"2025-12-20T10:24:27","date_gmt":"2025-12-20T10:24:27","guid":{"rendered":"https:\/\/www.vakavasti.fi\/?page_id=143"},"modified":"2025-12-20T10:24:27","modified_gmt":"2025-12-20T10:24:27","slug":"petterin-filateelinen-cv","status":"publish","type":"page","link":"https:\/\/www.vakavasti.fi\/index.php\/petterin-filateelinen-cv\/","title":{"rendered":"Petterin filateelinen CV"},"content":{"rendered":"\n<div class=\"wp-block-group alignfull has-mono-4-background-color has-background has-global-padding is-layout-constrained wp-container-core-group-is-layout-233780e1 wp-block-group-is-layout-constrained\" style=\"margin-top:0;margin-bottom:0;padding-top:var(--wp--preset--spacing--superbspacing-xlarge);padding-right:var(--wp--preset--spacing--superbspacing-small);padding-bottom:var(--wp--preset--spacing--superbspacing-xlarge);padding-left:var(--wp--preset--spacing--superbspacing-small)\">\n<div class=\"wp-block-group alignwide has-global-padding is-layout-constrained wp-container-core-group-is-layout-71f7e72a wp-block-group-is-layout-constrained\">\n<div class=\"wp-block-group has-mono-3-background-color has-background has-superbfont-medium-font-size has-global-padding is-layout-constrained wp-container-core-group-is-layout-6d33c453 wp-block-group-is-layout-constrained\" style=\"margin-top:var(--wp--preset--spacing--superbspacing-xxsmall);margin-bottom:var(--wp--preset--spacing--superbspacing-xxsmall);padding-top:var(--wp--preset--spacing--superbspacing-small);padding-right:var(--wp--preset--spacing--superbspacing-small);padding-bottom:var(--wp--preset--spacing--superbspacing-small);padding-left:var(--wp--preset--spacing--superbspacing-small)\">\n<p class=\"has-text-align-left has-mono-1-color has-text-color has-link-color wp-elements-60ca66b9e355348bff6d1f603de413e9\" style=\"margin-top:0;margin-bottom:0;font-size:clamp(15.747px, 0.984rem + ((1vw - 3.2px) * 0.938), 24px);\"><strong>Ker\u00e4ilyalueet<\/strong><\/p>\n\n\n\n<p class=\"has-mono-1-color has-text-color has-link-color has-superbfont-small-font-size wp-elements-58b4542aeef63b68636fd44708061779\" style=\"margin-top:var(--wp--preset--spacing--superbspacing-xxsmall);font-size:clamp(15.747px, 0.984rem + ((1vw - 3.2px) * 0.938), 24px);\">Lontoon kirjepostin kehitys ennen UPUa \u2666 Saksa Pfennig 1880 ja Krone\/Adler 1889 -sarjat \u2666 Mannertenv\u00e4liset lentopostipalvelut toinen maailmansodan loppuun \u2666 Karjaan paikallishistoria \u2666 Murrosajan (1882-1923) Suomen postin j\u00e4rjestelyt (aiheena hiipunut) \u2666 Suomen postimaksukoneleimat (aiheena hiipunut)<\/p>\n<\/div>\n\n\n\n<div class=\"wp-block-group has-mono-3-background-color has-background has-superbfont-medium-font-size has-global-padding is-layout-constrained wp-container-core-group-is-layout-6d33c453 wp-block-group-is-layout-constrained\" style=\"margin-top:var(--wp--preset--spacing--superbspacing-xxsmall);margin-bottom:var(--wp--preset--spacing--superbspacing-xxsmall);padding-top:var(--wp--preset--spacing--superbspacing-small);padding-right:var(--wp--preset--spacing--superbspacing-small);padding-bottom:var(--wp--preset--spacing--superbspacing-small);padding-left:var(--wp--preset--spacing--superbspacing-small)\">\n<p class=\"has-text-align-left has-mono-1-color has-text-color has-link-color wp-elements-878a8b821df179c066e7b4df43a8fa2a\" style=\"margin-top:0;margin-bottom:0;font-size:clamp(15.747px, 0.984rem + ((1vw - 3.2px) * 0.938), 24px);\"><strong>Luottamustoimet<\/strong><\/p>\n\n\n\n<p class=\"has-mono-1-color has-text-color has-link-color has-superbfont-small-font-size wp-elements-cb845dab31976f546675650302c09dc0\" style=\"margin-top:var(--wp--preset--spacing--superbspacing-xxsmall);font-size:clamp(15.747px, 0.984rem + ((1vw - 3.2px) * 0.938), 24px);\">Joutj\u00e4rven Postimerkkikerhon puheenjohtaja 1985-89 \u2666 Joutj\u00e4rven Postimerkkikerhon varapuheenjohtaja 1990- \u2666 Suomen Nuorisofilatelistiliiton puheenjohtaja 1989-92, 1996-97 \u2666 Suomen Nuorisofilatelistiliiton hallituksen j\u00e4sen 1998-99 \u2666 Lahden Postimerkkikerhon hallituksen j\u00e4sen 1991-97 \u2666 Lahden Postimerkkikerhon puheenjohtaja 1998 \u2666 Suomen Filatelistiliiton hallituksen j\u00e4sen 2010-2016, 2017-2019 \u2666 Suomen Filatelistiliiton puheenjohtaja 2019-2024 \u2666 Postihistoriallisen yhdistyksen hallituksen j\u00e4sen 2011-2012, 2025- \u2666 Postihistoriallisen yhdistyksen puheenjohtaja 2013-2020 \u2666 Lapoex&#8217;84-, Nordjunex&#8217;91-, Lapoex&#8217;95-, SFEx2020-ja CentEx28-n\u00e4yttelytoimikuntien j\u00e4sen<\/p>\n<\/div>\n\n\n\n<div class=\"wp-block-group has-mono-3-background-color has-background has-superbfont-medium-font-size has-global-padding is-layout-constrained wp-container-core-group-is-layout-6d33c453 wp-block-group-is-layout-constrained\" style=\"margin-top:var(--wp--preset--spacing--superbspacing-xxsmall);margin-bottom:var(--wp--preset--spacing--superbspacing-xxsmall);padding-top:var(--wp--preset--spacing--superbspacing-small);padding-right:var(--wp--preset--spacing--superbspacing-small);padding-bottom:var(--wp--preset--spacing--superbspacing-small);padding-left:var(--wp--preset--spacing--superbspacing-small)\">\n<p class=\"has-text-align-left has-mono-1-color has-text-color has-link-color wp-elements-f49062f7318dfb790226bb308cc68b06\" style=\"margin-top:0;margin-bottom:0;font-size:clamp(15.747px, 0.984rem + ((1vw - 3.2px) * 0.938), 24px);\"><strong>P\u00e4tevyydet<\/strong><\/p>\n\n\n\n<p class=\"has-mono-1-color has-text-color has-link-color has-superbfont-small-font-size wp-elements-ae8315c735868aba047657d2b7cb04b5\" style=\"margin-top:var(--wp--preset--spacing--superbspacing-xxsmall);font-size:clamp(15.747px, 0.984rem + ((1vw - 3.2px) * 0.938), 24px);\">Postihistoria-luokan kansallisen tason tuomarin oikeudet 2006, pohjoismaisen tason oikeudet 2011 \u2666 Kirjallisuus-luokan kansallisen tason tuomarin oikeudet 2010 \u2666 Lentoposti-luokan kansallisen tason tuomarin oikeudet 2025<\/p>\n<\/div>\n\n\n\n<div class=\"wp-block-group has-mono-3-background-color has-background has-superbfont-medium-font-size has-global-padding is-layout-constrained wp-container-core-group-is-layout-6d33c453 wp-block-group-is-layout-constrained\" style=\"margin-top:var(--wp--preset--spacing--superbspacing-xxsmall);margin-bottom:var(--wp--preset--spacing--superbspacing-xxsmall);padding-top:var(--wp--preset--spacing--superbspacing-small);padding-right:var(--wp--preset--spacing--superbspacing-small);padding-bottom:var(--wp--preset--spacing--superbspacing-small);padding-left:var(--wp--preset--spacing--superbspacing-small)\">\n<p class=\"has-text-align-left has-mono-1-color has-text-color has-link-color wp-elements-2eb741dd01e997fd924cf136a3da3411\" style=\"margin-top:0;margin-bottom:0;font-size:clamp(15.747px, 0.984rem + ((1vw - 3.2px) * 0.938), 24px);\"><strong>Tunnustukset<\/strong><\/p>\n\n\n\n<p class=\"has-mono-1-color has-text-color has-link-color has-superbfont-small-font-size wp-elements-44aa14ffc94f6e7aa0a4b3b15fd71b88\" style=\"margin-top:var(--wp--preset--spacing--superbspacing-xxsmall);font-size:clamp(15.747px, 0.984rem + ((1vw - 3.2px) * 0.938), 24px);\">Nordjunex&#8217;91-n\u00e4yttelyn informaatiokiertopalkinto 2005 \u2666 Einar Fieandt -mitali pronssisena 2005 \u2666 Pro Philatelia -mitali pronssisena 1990, hopeoitu pronssi 2005, hopea 2010, iso hopea 2015, kullattu hopea 2017 ja kulta 2024<\/p>\n<\/div>\n\n\n\n<div class=\"wp-block-group has-mono-3-background-color has-background has-superbfont-medium-font-size has-global-padding is-layout-constrained wp-container-core-group-is-layout-6d33c453 wp-block-group-is-layout-constrained\" style=\"margin-top:var(--wp--preset--spacing--superbspacing-xxsmall);margin-bottom:var(--wp--preset--spacing--superbspacing-xxsmall);padding-top:var(--wp--preset--spacing--superbspacing-small);padding-right:var(--wp--preset--spacing--superbspacing-small);padding-bottom:var(--wp--preset--spacing--superbspacing-small);padding-left:var(--wp--preset--spacing--superbspacing-small)\">\n<p class=\"has-text-align-left has-mono-1-color has-text-color has-link-color wp-elements-20ddc88b1c320317d088c13923f65b92\" style=\"margin-top:0;margin-bottom:0;font-size:clamp(15.747px, 0.984rem + ((1vw - 3.2px) * 0.938), 24px);\"><strong>N\u00e4yttelyosanotot<\/strong><\/p>\n\n\n\n<p class=\"has-mono-1-color has-text-color has-link-color has-superbfont-small-font-size wp-elements-3803761c59cb6288083d7c514fb46d00\" style=\"margin-top:var(--wp--preset--spacing--superbspacing-xxsmall);font-size:clamp(15.747px, 0.984rem + ((1vw - 3.2px) * 0.938), 24px);\">T\u00e4h\u00e4n menness\u00e4 kertynyt 131 (henkil\u00f6kohtaisia 113 ja ty\u00f6ryhm\u00e4n j\u00e4senen\u00e4 18) kokoelmina tms.: Suomi Leijonamalli 1930 \u2666 Suomi postitaksat 1887-1945 \u2666 Postisensuuri Suomessa (kirjallisuus) \u2666 Johdatusta maakokoelman rakentamiseen (diasarja) \u2666 Taitomerkki III ja II (kirjallisuus) \u2666 Postimerkkilehti Jo-Fil (kirjallisuus) \u2666 Suomen postimaksukoneleimat \u2666 Suomen postimaksukoneleimat (kirjallisuus) \u2666 Walt Disney Productionin elokuvia \u2666 Datamerkkilij\u00e4modulit (datamerkkeily) \u2666 Suomi k\u00e4ytt\u00f6sarja 1975 \u2666 Suomen postimaksukoneleimojen k\u00e4sikirja (kirjallisuus) \u2666 Modernin filatelian postitaksat (kirjallisuus) \u2666 Kotimaan postin j\u00e4rjestelyt murrosajan Suomessa \u2666 Kotimaan postin j\u00e4rjestelyt murrosajan Suomessa (kirjallisuus) \u2666 Kotimaan postin j\u00e4rjestelyt nuoressa Suomessa (kirjallisuus) \u2666 Suomen ulkomaan kirjepostin j\u00e4rjestelyt 1875-1943 (kirjallisuus) \u2666 Lontoon postin keskeisten j\u00e4rjestelyiden kehittyminen 1840-1899 (1-kehys) \u2666 The development of the London Letter Post until UPU \u2666 Pakettiposti Suomesta ulkomaille 1888 &#8211; 1942, taksat ja keskeisimm\u00e4t m\u00e4\u00e4r\u00e4ykset (kirjallisuus) \u2666 Transpacific Airmail Services 1935-1941 (1-kehys) \u2666 Miten Kusti polki, posti toimi murrosajan ja nuoressa Suomessa (kirjallisuus) \u2666 1880 Pfennig and 1889 Krone\/Adler Issues of the German Empire \u2666 Postimaksukoneiden k\u00e4ytt\u00f6\u00f6n liittyv\u00e4t erityisohjeet Suomessa (1-kehys) \u2666 Miten kusti polki, posti toimi murrosajan ja nuoressa Suomessa (kirjallisuus) \u2666 Postimerkkielij\u00e4n Abckiria (kirjallisuus)<\/p>\n<\/div>\n\n\n\n<div class=\"wp-block-group has-mono-3-background-color has-background has-superbfont-medium-font-size has-global-padding is-layout-constrained wp-container-core-group-is-layout-6d33c453 wp-block-group-is-layout-constrained\" style=\"margin-top:var(--wp--preset--spacing--superbspacing-xxsmall);margin-bottom:var(--wp--preset--spacing--superbspacing-xxsmall);padding-top:var(--wp--preset--spacing--superbspacing-small);padding-right:var(--wp--preset--spacing--superbspacing-small);padding-bottom:var(--wp--preset--spacing--superbspacing-small);padding-left:var(--wp--preset--spacing--superbspacing-small)\">\n<p class=\"has-text-align-left has-mono-1-color has-text-color has-link-color wp-elements-830d261b49224bc8f7ab8a81432cdaae\" style=\"margin-top:0;margin-bottom:0;font-size:clamp(15.747px, 0.984rem + ((1vw - 3.2px) * 0.938), 24px);\"><strong>Julkaisut<\/strong><\/p>\n\n\n\n<p class=\"has-mono-1-color has-text-color has-link-color has-superbfont-small-font-size wp-elements-bd957d16e3895981d5a385e82e7eac3e\" style=\"margin-top:var(--wp--preset--spacing--superbspacing-xxsmall);font-size:clamp(15.747px, 0.984rem + ((1vw - 3.2px) * 0.938), 24px);\">(yhdess\u00e4 Hannu Rasehornin ja Juha Valtosen kanssa) Modernin filatelian postitaksat, Osat I ja II, 2002<br>Suomen postimaksukoneleimojen k\u00e4sikirja, 2004<br>Kotimaan postin j\u00e4rjestelyt nuoressa Suomessa, 2008<br>(yhdess\u00e4 Juha Valtosen kanssa) Suomen ulkomaan kirjepostin j\u00e4rjestelyt 1875-1943; 2010<br>Arvoposti Suomesta ulkomaille 1888-1942 taksat ja keskeisimm\u00e4t m\u00e4\u00e4r\u00e4ykset, 2011<br>Pakettiposti Suomesta ulkomaille 1888-1942: taksat ja keskeisimm\u00e4t m\u00e4\u00e4r\u00e4ykset, 2013<br>(toim.) Suomen postihistoria kolmessa vartissa, 2015<br>(toimittanut yhdess\u00e4 Juha Valtosen kanssa) Postimerkkeilij\u00e4n Abckiria, 2015<br>SCRIBUS n\u00e4yttelykokoelman rakentajalle, 2017<br>Miten Kusti polki, posti toimi murrosajan ja nuoressa Suomessa, 2017<br>(yhdess\u00e4 Juha Valtosen kanssa) Selvit\u00e4 postimerkin julkaisijamaa, 2018<br>N\u00e4yttelykokoelman rakentaminen: Versio 4, 2018<br>Paikallispostihistoiallisen kokoelman laadinta: Versio 2, 2019<br>(yhdess\u00e4 Allan Philin kanssa) 0 askelmaa kuvapostikorttien ker\u00e4\u00e4miseen, 2019<\/p>\n<\/div>\n<\/div>\n<\/div>\n","protected":false},"excerpt":{"rendered":"<p>Ker\u00e4ilyalueet Lontoon kirjepostin kehitys ennen UPUa \u2666 Saksa Pfennig 1880 ja Krone\/Adler 1889 -sarjat \u2666 Mannertenv\u00e4liset lentopostipalvelut toinen maailmansodan loppuun \u2666 Karjaan paikallishistoria \u2666 Murrosajan (1882-1923) Suomen postin j\u00e4rjestelyt (aiheena hiipunut) \u2666 Suomen postimaksukoneleimat (aiheena hiipunut) Luottamustoimet Joutj\u00e4rven Postimerkkikerhon puheenjohtaja 1985-89 \u2666 Joutj\u00e4rven Postimerkkikerhon varapuheenjohtaja 1990- \u2666 Suomen Nuorisofilatelistiliiton puheenjohtaja 1989-92, 1996-97 \u2666 Suomen Nuorisofilatelistiliiton [&hellip;]<\/p>\n","protected":false},"author":1,"featured_media":0,"parent":0,"menu_order":0,"comment_status":"closed","ping_status":"closed","template":"","meta":{"footnotes":""},"class_list":["post-143","page","type-page","status-publish","hentry"],"_links":{"self":[{"href":"https:\/\/www.vakavasti.fi\/index.php\/wp-json\/wp\/v2\/pages\/143","targetHints":{"allow":["GET"]}}],"collection":[{"href":"https:\/\/www.vakavasti.fi\/index.php\/wp-json\/wp\/v2\/pages"}],"about":[{"href":"https:\/\/www.vakavasti.fi\/index.php\/wp-json\/wp\/v2\/types\/page"}],"author":[{"embeddable":true,"href":"https:\/\/www.vakavasti.fi\/index.php\/wp-json\/wp\/v2\/users\/1"}],"replies":[{"embeddable":true,"href":"https:\/\/www.vakavasti.fi\/index.php\/wp-json\/wp\/v2\/comments?post=143"}],"version-history":[{"count":1,"href":"https:\/\/www.vakavasti.fi\/index.php\/wp-json\/wp\/v2\/pages\/143\/revisions"}],"predecessor-version":[{"id":144,"href":"https:\/\/www.vakavasti.fi\/index.php\/wp-json\/wp\/v2\/pages\/143\/revisions\/144"}],"wp:attachment":[{"href":"https:\/\/www.vakavasti.fi\/index.php\/wp-json\/wp\/v2\/media?parent=143"}],"curies":[{"name":"wp","href":"https:\/\/api.w.org\/{rel}","templated":true}]}}