{"id":130,"date":"2025-12-20T09:48:12","date_gmt":"2025-12-20T09:48:12","guid":{"rendered":"https:\/\/www.vakavasti.fi\/?page_id=130"},"modified":"2025-12-21T17:32:17","modified_gmt":"2025-12-21T17:32:17","slug":"petteri-kasikirjasto","status":"publish","type":"page","link":"https:\/\/www.vakavasti.fi\/index.php\/petteri-kasikirjasto\/","title":{"rendered":"Petterin k\u00e4sikirjasto"},"content":{"rendered":"\n<div class=\"wp-block-group alignfull has-global-padding is-layout-constrained wp-container-core-group-is-layout-8bbd0b3b wp-block-group-is-layout-constrained\" style=\"margin-top:0;margin-bottom:0;padding-top:var(--wp--preset--spacing--superbspacing-large);padding-right:var(--wp--preset--spacing--superbspacing-small);padding-bottom:var(--wp--preset--spacing--superbspacing-large);padding-left:var(--wp--preset--spacing--superbspacing-small)\">\n<div class=\"wp-block-group has-global-padding is-layout-constrained wp-container-core-group-is-layout-cbbc2ce9 wp-block-group-is-layout-constrained\" style=\"padding-top:var(--wp--preset--spacing--superbspacing-xsmall);padding-bottom:var(--wp--preset--spacing--superbspacing-xsmall)\">\n<p class=\"has-featured-color has-text-color has-link-color has-superbfont-small-font-size wp-elements-e817094ffa46634585115d7aac50c664\"><em>1.8.2022 \/ luettelointi on viel\u00e4 kesken<\/em><\/p>\n<\/div>\n\n\n\n<div class=\"wp-block-columns alignwide is-layout-flex wp-container-core-columns-is-layout-25593187 wp-block-columns-is-layout-flex\">\n<div class=\"wp-block-column is-vertically-aligned-center is-layout-flow wp-container-core-column-is-layout-a1628350 wp-block-column-is-layout-flow\" style=\"padding-top:0;padding-right:0;padding-bottom:0;padding-left:0\">\n<div class=\"wp-block-group is-layout-flow wp-container-core-group-is-layout-ff697075 wp-block-group-is-layout-flow\">\n<p class=\"has-text-align-left has-mono-2-color has-text-color has-superbfont-small-font-size\">150 tarinaa; Poropudas, L. (toim.). Suomen Posti Oyj. 2006.<br><br>350 years of Anglo-American postal links; De Righi, A.. National Postal Museum London. 1970.<br><br>500 Jahre Post Sammlung Gottfried Kaufmann; Feuser, P. (toim.). Peter Feuser S\u00fcdphila Auktionen.<br><br>A Checklist of the Post Offices of New York State to 1850; Kaiser, L.. Ithaca, 1965.<br><br>Acts of Parliament relating to the Post Office 1710-1837 (reprint); Britannia Stamp Bureau, The. The Britannia Stamp Bureau. Tiverton, 1977.<br><br>Acts of Parliament relating to the Post Office 1838-1844 (reprint); Britannia Stamp Bureau, The. The Britannia Stamp Bureau. Tiverton, 1876.<br><br>Aihefilatelian k\u00e4sikirja; Majander, J.. Aihefilatelistit ry. Riika, 2014.<br><br>Airmail operations during World War II; Boyle Jr., T.. American Air Mail Society. 1998.<br><br>Airmails of Trinidad and Tobago; Wike, R.. British West Indies Study Circle. Lontoo, 1999.<br><br>Altdeutsche Staaten, Deutsche Markenbriefe ins Ausland bis 1875; Wyler S.. Heinrich K\u00f6hler Briefmarkenhandel GmbH. Kassel, 2012.<br><br>American Air Mail Catalogue volume three 6th edition; Reinhard, S.. American Air Mail Society. Ann Arbor, 2004.<br><br>American Stampless Cover Catalog volume I 4th edition; Phillips, D. (toim.). David G. Phillips Publishing Co., Inc.. 1985.<br><br>American Stampless Cover Catalog volume II 4th edition; Phillips, D. (toim.). David G. Phillips Publishing Co., Inc.. 1987.<br><br>American Stampless Cover Catalog volume III 4th edition; Phillips, D. (toim.). David G. Phillips Publishing Co., Inc.. 1993.<br><br>An Introduction to the Postal History of Denmark 1624-1950; Cornelius, David. The Stuart Rossiter Trust Fund. Bath, 2004.<br><br>Arvoposti- ja kirjaamiselimat; Sipari, M.. Finalndia 88 Oy Ab. 1999.<br><br>Auslandstarife f\u00fcr die Brief- und PAketpost 1875-1900; Steven, W.. Braunschweig, 1986.<br><br>Australia New Zealand UK Mails Volume 1 &#8211; to 1880; Tabeart, C.. 2011.<br><br>Barred Numeral Cancelaltions of London; Parmenter, J.. London Postal History Group. Hampshire, 1999.<br><br>Barrie Jay collection of British Postal History 1534-1867, The; Grimwood-Taylor, J. (toim.). Cavendish Philatelic Auctions Ltd. 2000.<br><br>Bridging the Continents in Wartime; Aitink, H. &amp; Hovenkamp, E.. Stichting Luchtpostgeschiedenis Tweede Wereldoorlog. Enschede, 2005.<br><br>Britain&#8217;s Post Office; Robinson, H.. Oxford University Press. Great Britain, 1953.<br><br>British County Catalogue 1, The; Willcocks, R. &amp; Jay, B.. R. M. Willcocks. Perth, 1978.<br><br>British County Catalogue 2, The; Willcocks, R. &amp; Jay, B.. R. M. Willcocks. Perth, 1981.<br><br>British County Catalogue 3, The; Willcocks, R. &amp; Jay, B.. R. M. Willcocks. Perth, 1983.<br><br>British County Catalogue 4, The; Willcocks, R. &amp; Jay, B.. R. M. Willcocks. Burton upon Trent, 1988.<br><br>British County Catalogue 5, The; Willcocks, R. &amp; Jay, B.. R. M. Willcocks. Burton upon Trent, 1990.<br><br>British External Airmails until 1934; Newal, A.. Newal Consultants Ltd. London.<br><br>British Letter Mail to Overseas Destinations 1840-1875; Moubray, J. &amp; M.. The Royal Philateluc Society London. 1992.<br><br>British Post Office Notices 1666-1899 volume 1 pre-1800; Raguin, M.. M. M. Raguin. 1991.<br><br>British Postal Guide &#8211; facsimile reprint; Postings Publishing. England, 1994.<br><br>British Postal Rates to Europe 1836-1876; Oxley, G.. The Postal History Society. Old Woking, 1992.<br><br>British Postmarks A Short History and Guide; Alcock, R. &amp; Holland, F.. R. C. Alcock, Limited. Hereford, 1960.<br><br>Bye Posts and Cross Posts of London, The; Bathe, P.. London Postal History Group. 1992.<br><br>Carrying British Mails Overseas; Robinson, H.. George Allen &amp; Unwin Ltd. 1964.<br><br>Catalogue Marques de Passage 1661-1875; Linden van der, J.. Soluphil. 1993.<br><br>Classic Specialized Catalogue, 14 edition; Kloetzel, James (toim.). Scott Publishing. Sidney, 2007.<br><br>Collect British Postmark; Pipe, B. (toim.). Stanley Gibbons Ltd. Spain, 2011.<br><br>Collecting British Squared Circle Postmarks Part I; Cohen, S. et al.. S.F.Cohen. Herts, 2006.<br><br>Collecting British Squared Circle Postmarks Part II; Cohen, S. et al.. S.F.Cohen. Herts, 2006.<br><br>Connecticut Post Offices and Postmarks; Warmsley, A.. Hartford, 1977.<br><br>Cross-Channel Mail 1583-1853; Janssen, L.. Forschungsgemeinschaft Grossbritannien e.V.. Baunatal, 2011.<br><br>Deutsche Lufthansa South Atlantic Airmail Service 1934-1939; Graue, J. &amp; Duggan, J.. Zeppelin Study Group. 2000.<br><br>Deutsche Vorphilatelie; Feuser, P. &amp; M\u00fcnzberg, W.. Peter Feuser Verlag. Kaiserslautern, 2000.<br><br>Devon &amp; Cornwall A Postal Survey 1500-1791; Cornelius, D.. The Postal History Society. 1973.<br><br>Ecuador Postal History and a Listing of Prephilatelic Postmarks; Harris, L. &amp; al.. The Collectors Club, Inc.. 1984.<br><br>Eesti; Hurt, V. &amp; Ojaste, E.. Estonian Philatelic Society in Sweden. G\u00f6teborg, 1986.<br><br>Englands Postal History to 1840; Willcocks, R.. R. M. Willcocks. Perth, 1975.<br><br>English Provincial Posts; Austen, B.. Phillimore &amp; co, Ltd.. Surrey, 1978.<br><br>European Letters to Finland 1819 to 1873; Lundh, B.. Suomen Filatelistiliitto ry. Lahti, 1990.<br><br>Ever-Cahnging Paradigm of Philatelic Exhibiting &#8211; Philatelic Summit Papers Number 1, The; Gough, J.. Postiljonen AB. 2012.<br><br>FACIT 2011 special; Facit F\u00f6rlags AB. Facit F\u00f6rlags AB. Puola, 2010.<br><br>FACIT Postal VII; Jar\u00e5ker, L. (toim.). Facit F\u00f6rlags AB. Velinge, 2004.<br><br>Filatelian sanasto; Suomen Filatelistiliitto ry. Oy Finlandia 88 Ab. Helsinki, 1989.<br><br>Filatelian taito; Vaarnas, K.. Otava. Helsinki, 1959.<br><br>for the Post &amp; Carriage of Letters; Robinson, D.. David Robinson. 1990.<br><br>Franking System in the Post Office 1652-1840, The; Bottomley, F.. Society of Postal Historians. 1988.<br><br>Freimarkenausgabe PFENNIG Deutsches Reich 1880; Wiegand, M.. Arbeitsgemeinschaft Krone\/Adler e.V.. 2006.<br><br>Getting the Message &#8211; The Story of the British Post Office; Browne, C.. Alan Sutton Publishing Limited. Avon, 1993.<br><br>Grace Dove Collection, The; Forrestier Smith, P. (toim.). London Postal History Group. 1992.<br><br>Great Britain Posto Roads Post Towns and Postal rates 1635-1839; Robertson, A.. Alan W. Robertson. Plymouth, 1961.<br><br>Hamburg \/ Grossbritannien 1750-1853. Arbeitsgemeinschaft f\u00fcr Postgeschichte und Philatelie von Schleswig-Holstein, Hamburg und L\u00fcbeck e.V.. 1985.<br><br>Handbook of Thematic Philately; Bold van den, W.E.J. James Bendon Ltd.. Nicosia, 1990.<br><br>Handbook on Transatlantic Mail; Arnell, J. (toim.). British North America Philatelic Society. Kanada, 1987.<br><br>Handbuch der Soanischen Philatelie, band 1; Schier, O.. Arbeitsgemeinschaft Spanien im Bund Deutscher Philatelisten. Gn\u00f6tzheim, 2002.<br><br>Handbuch der Soanischen Philatelie, band 2; Schier, O.. Arbeitsgemeinschaft Spanien im Bund Deutscher Philatelisten. Scheinfeld, 2003.<br><br>Helsingin postin 350 vuotta; Karhu, J.. Posti- ja telelaitos. Helsinki, 1988.<br><br>Herewith my frank &#8230;.; Lovegrove, J.. Bournemouth, 1989.<br><br>HIBERNIAN Handbook and Catalogue of the Postage Stamps of Ireland 1922-2008; Hamilton-Bowen, R.. Wiesbaden-Nordenstadt, 2008.<br><br>History of the Sailing Packets to the West Indies, The; Britnor, L.. British West Indies Study Circle. 1973.<br><br>Hooded Circle Postmarks of the British Post Office from 1882, The; Fernau, C.. Great Britain &amp; Commonwealth Philatelic Society (Switzerland). Konstanz, 2002.<br><br>Horseshoe Route, The; Chavril Press. Chavril Press. 1992.<br><br>How to evaluate philatelic exhibits, Principles and practice; Tuori, Jussi. Suomen Filatelistiliitto ry.<br><br>Inland Posts 1392-1672, The; Stone, J.. Christie&#8217;s-Robson Lowe. 1987.<br><br>Intercontinental airmails volume one Transatlantic and Pacific; Proud, E.. Proud Publications Ltd..<br><br>Intercontinental airmails volume three Africa; Proud, E.. Proud Publications Ltd..<br><br>Intercontinental airmails volume two Asia and Australia; Proud, E.. Proud Publications Ltd..<br><br>Introduction to British Postmark Collecting; Holland, F.. R. C. Alcock, Limited. Hereford.<br><br>Italian South Atlantic Airline (L.A.T.I.), The; Cusworth, M.. Italy and Colonies Study Circle. 2012.<br><br>Judging Postal History Exhibits of the early Second Period &#8211; Philatelic Summit Papers Number 2; Mouritsen, H.. Postiljonen AB. 2012.<br><br>Ker\u00e4ilij\u00e4n kentt\u00e4posti; Kopsa, Pentti. Oy Finlandia 88 Ab. Forssa, 1996.<br><br>Kirje kautta aikojen; Vaarnas, K.. Suomen Postimerkkilehti. Lahti, 1979.<br><br>Kotimaan postin j\u00e4rjestelyt murrosajan Suomessa; Hannula, P. &amp; Valtonen, J.. Joutj\u00e4rven Postimerkkikerho ry. Espoo, 2004.<br><br>Kotimaan postin j\u00e4rjestelyt nuoressa Suomessa; Hannula, P.. Joutj\u00e4rven Postimerkkikerho ry. Espoo, 2008.<br><br>LAPE 2012 -erikosipostimerkkiluettelo, osa I; Untinen, T. (toim.). Suomen Filateliapalvelu Oy.<br><br>LAPE 2012 -erikosipostimerkkiluettelo, osa II; Untinen, T. (toim.). Suomen Filateliapalvelu Oy.<br><br>LAPE Suomi 1856-2007 -erikoisluettelo; Untinen, T. (toim.). Suomen Filateliapalvelu Oy.<br><br>Les Relations de la France avec L&#8217;Angleterre de 1670 a 1849; Chauvet, M.. Brun &amp; Fils. 2001.<br><br>Letter Mail from and to The Old Italian States 1850-1870; Mentaschi, M. &amp; Math\u00e0, T.. Vaccari s.r.l.. Capri, 2008.<br><br>Letter Receivers of London 1652 to 1857 volume I; Feldman, H.. The Suart Rossiter Trust Fund. Wiltshire, 1998.<br><br>Letter Receivers of London 1652 to 1857 volume II; Feldman, H.. The Suart Rossiter Trust Fund. Wiltshire, 1998.<br><br>Local Posts of London 1680-1840, The; Brumell, G..<br><br>London Coffee Houses, The; Bill Barrell Ltd.<br><br>London District Post Offices; Norris, J.. London Postal History Group. Milton Keynes, 2009.<br><br>London Fancy Geometric Postmarks; Cohen, S.. Harry Hayes.<br><br>London Late Fee and Too Late Mail 1840 to 1930; Parmenter, J.. The Rossiter Trust. Gosport Hants, 2002.<br><br>Luftpostens historia i Norden; L\u00fcning, \u00d6.. Sveriges filatelist-f\u00f6rbund. Stockholm, 1978.<br><br>LuovutetunKarjalan, Petsamon ja Sallan postitoimipaikoissa k\u00e4ytetyt leimat; Mikkola, A. &amp; K\u00f6n\u00f6nen, L.. 2008.<br><br>Maltese Cross Cancellations; Alcock, R. &amp; Holland, F.. R. C. Alcock, Limited. Cheltenham, 1960.<\/p>\n<\/div>\n<\/div>\n\n\n\n<div class=\"wp-block-column is-vertically-aligned-top is-layout-flow wp-container-core-column-is-layout-40a2a7e8 wp-block-column-is-layout-flow\" style=\"padding-right:0;padding-bottom:0;padding-left:0\">\n<p class=\"has-text-align-left has-mono-2-color has-text-color has-superbfont-small-font-size\">Maritime Postal History of London, The; Robertson, A.. Robson Lowe Ltd.. Plymouth, 1960.<br><br>Maritime Postal History of Norwegian Steamships, The; Moldenhauer, F.. Robson Lowe Ltd.. Perth, 1971.<br><br>Master of the Post; Campell-Smith, D.. Penguin Books Ltd.. St Ives, 2011.<br><br>MICHEL Deutschkand-Spezial 2012 Band 1; Schwaneberger Verlag. Schwaneberger Verlag. Fulda, 2012.<br><br>Michel-Atlas zur Deucschland-Philatelie; Gerlach, Hans-Henning. Schwaneberger Verlag. M\u00fcnchen, 1989.<br><br>Modernin filatelian postitaksat, Osa I; Hannula, P., Rasehorn, H. &amp; Valtonen, J.. Joutj\u00e4rven Postimerkkikerho ry. Espoo, 2002.<br><br>Modernin filatelian postitaksat, Osa II; Hannula, P., Rasehorn, H. &amp; Valtonen, J.. Joutj\u00e4rven Postimerkkikerho ry. Espoo, 2002.<br><br>New Zealand and the Universal Postal Union to 1907; Capill, Colin. Royal Philatelic Society of New Zealand. Palmerson North, 1993.<br><br>Norgeskatalogen Postal; \u00c5nensen, Peer-Christian (toim.). Oslo Filatelistklubb. Oslo, 2011.<br><br>Norma 2002 -erikoisluettelo; K\u00e4pyl\u00e4n Merkki Oy. K\u00e4pyl\u00e4n Merkki Oy.<br><br>Numeral and Duplex Cancellations of Great Britain; Harper, R.. Great Britain &amp; Commonwealth Philatelic Society (Switzerland). Konstanz, 2006.<br><br>Old Post Road, The; Holbrook, S.. McGraw-Hill Book Company, Inc.. USA, 1962.<br><br>Optimizing your postal stationery exhibit &#8211; Philatelic Summit Papers Number 4; Engelbrecht, L.. Postiljonen AB. 2013.<br><br>Pakettiposti Suomesta ulkomaille 1888-1942, taksat ja keskeisimm\u00e4t m\u00e4\u00e4r\u00e4ykset; Hannula, P.. Joutj\u00e4rven Postimerkkikerho ry. Espoo, 2013.<br><br>Penny Post 1680-1918, The; Staff, R.. The Lutterworth Press. Great Britain, 1992.<\/p>\n\n\n\n<p class=\"has-text-align-left has-mono-2-color has-text-color has-superbfont-small-font-size\">Perspectives on Exhibiting (Generally) &#8211; Philatelic Summit Papers Number 5; Gough, J.. Postiljonen AB. 2013.<br><br>Pfennige, Pfennig und Krone\/Adler; J\u00e4schke-Lantelme, M.. Berlin, 2004.<br><br>Philatelic terms illustrated; Mackay, J.. Stanley Gibbons Publications Ltd. Warwicks, 1987.<br><br>Pitkin Pohjolan postiteit\u00e4; Karhu, J. et al.. Postimuseo. Roskilde, 2004.<br><br>Post Offices of Massachusetts, The; Merolla, L. &amp; Crowther, F.. Massachusetts Postal Research Society. USA, 1981.<br><br>Postal Cancellations of London 1840-1890, The; Westley, H.C.. H. F. Johnson. 1950.<br><br>Postal history and markings of the forwarding agents, The; Rowe, K.. Leonard H. Hartmann. 1996.<br><br>Postal history of British air mails, The; Proud, E.. Proud-Bailey co. Ltd. 1991.<br><br>Postal History of England, 1635-1840, The; The Society of Postal Historians. Great Britain.<br><br>Postal History of Great Britain and Ireland, The; Willcocks, R. &amp; Jay, B.. Perth, 1980.<br><br>Postal History of the P&amp;O Service to the Peninsula, The; Kirk, R.. Royal Philatelic Society. Surrey, 1987.<br><br>Postal Means, Rates &amp; Markings 1800-1850; Bostwick, A.. U.S. Philatelic Classics Society, Inc.. 1989.<br><br>Postgeschichte London I. Allgemaine Staatspost bis zum 10.1.1840; Hess, W.. 1994.<br><br>Postgeschichte London II. Die Ortspost 1680-1840 ; Hess, W.. 1994.<br><br>Postia junalla; Lehmus, Antti &amp; Helminen, Olavi. Rautatien Filatelistit ry. Helsinki, 2009.<br><br>Postia kaikille; Pieti\u00e4inen, J-P.. Edita Oy. Helsinki, 1998.<br><br>Postihistoriallinen kokoelma; Hirvikoski, K.. Finlandia 88 Oy Ab. 2003.<br><br>Postimaksukoneleimojen mainososatutkimus \/ vaihe 1; Hakoniemi, T.. 1997.<br><br>Postimerkkien ker\u00e4ily &#8211; mielenkiintoinen harrastus; Arvelin, S.. Postimerkkiliike Lauri Peltonen. 1995.<br><br>Postisensuuri Suomenssa 1914-1918 osa 1; Termonen, T. &amp; Keturi, J..<br><br>Postisensuuri Suomenssa 1914-1918 osa 2; Termonen, T. &amp; Keturi, J..<br><br>Postmarks of England and Wales; Mackay, J.. James A. Mackay. 1988.<br><br>Postmarks of the Cape of Good Hope; Goldblatt, R.. Reijger Publisher Ltd.. RSA, 1984.<br><br>Poststeder i M\u00f8re og Romsdal; B\u00f8rseth, D.. Molde, .<br><br>Postvertr\u00e4ge &#8211; Taxen &#8211; Routen Alte Eidgenossenschaft 1609-1798; Sch\u00e4fer, Richard. Multipress Verlag. Reinach, 2000.<br><br>Pre-U.P.U. Rates between teh United States and Germany; Littauer, D.. U.S. Philatelic Classics Society, Inc.. 1988.<br><br>Preussen-England Postvertr\u00e4ge und Poststempel; Bruns, W.<br><br>Prussia &#8211; Great Britain, treaties and markings; Bruns, W.. 1999.<br><br>P\u00e4ij\u00e4t-H\u00e4me Postilaukussa; Taitto, P.. Joutj\u00e4rven Postimerkkikerho ry. Helsinki, 1989.<br><br>Rates to Reform; Clark, R.. Rex Clark. Wakefield, 2009.<br><br>Rhode Island Postal History; Merolla, L., Jackson, A. &amp; Crowther, F.. The Rhode Island Postal History Society. Withman, 1977.<br><br>Secrets of Air Mail Routes and Rates in South America 1928-1941, The; Kurchan, M.. Argentiina, 2001.<br><br>Ship Letters; Hendy, J.. The Postal History Society. Old Woking, 1997.<br><br>Stamp Atlas, The; Rossiter, Stuart &amp; Flower, John. Macdonald &amp; Co. Tzechoslovakia, 1989.<br><br>St\u00e4mpelfakta; Eliasson, \u00c5.. Filatelistf\u00f6rbundets F\u00f6rlags AB. Boden, 1996.<br><br>Suomen filateelisen kirjallisuuden bibliografia 1980-2004; Muhonen, A.. Oy Finlandia 88 Ab. 2005.<br><br>Suomen filateelisen lehdist\u00f6n hakemisto 1894-1983, 1. osa; Anttila, P.. Helsinki, 1983.<br><br>Suomen filateelisen lehdist\u00f6n hakemisto 1894-1983, 2. osa; Anttila, P.. Helsinki, 1985.<br><br>Suomen filateelisen lehdist\u00f6n hakemisto 1984-1988; Anttila, P.. Helsinki, 1990.<br><br>Suomen postileimojen k\u00e4sikirja II; Olamo, J. (toim.). Suomen Filatelistiliitto ry. Rauma, 1978.<br><br>Suomen postileimojen k\u00e4sikirja III; Arvelin, S. (toim.). Finlandia 88 Oy Ab. Lahti, 1991.<br><br>Suomen postileimojen k\u00e4sikirja IV; Arvelin, S. (toim.). Finlandia 88 Oy Ab. 1997.<br><br>Suomen postimaksuja 1881-1985; Mattila, E.. Mansen merkki ja raha. Loimaa, 1985.<br><br>Suomen postimaksuleimojen k\u00e4sikirja; Hannula, P.. Joutj\u00e4rven Postimerkkikerho ry. Espoo, 2000.<br><br>Suomen postimerkkien k\u00e4sikirja, osa IV; Dromberg, D. &amp; Vaarnas, K (toim.). Suomen Filatelistiliitto ry. Mikkeli, 1969.<br><br>Suomen postimerkkien k\u00e4sikirja, osa V; Dromberg, D. &amp; Vaarnas, K (toim.). Suomen Filatelistiliitto ry. Mikkeli, 1970.<br><br>Suomen postimerkkien k\u00e4sikirja, osa V; Larkka, E. (toim.). Suomen Filatelistiliitto ry. Hanko, 1986.<br><br>Suomen Postimerkkilehti, Kirjoituksia postihistoriasta 1975-2005; Johanson, E. &amp; Muhonen, A.. Suomen Filatelistiseura. Helsinki, 2006.<br><br>Suomen postin historia 1; Pieti\u00e4inen, J-P.. Posti- ja telelaitos. Helsinki, 1988.<br><br>Suomen postin historia 2; Pieti\u00e4inen, J-P.. Posti- ja telelaitos. Helsinki, 1988.<br><br>Suomen postitaksat 1900-1985; Rasehorn, H.. 1986.<br><br>Suomen postitaksat 1900-1985 korjauskia ja lis\u00e4yksi\u00e4; Rasehorn, H.. 1987.<br><br>Suomen postitoimipaikat 1638-1985; Hirvikoski K, &amp; al.. Suomen Filatelistiliitto ry. Vammala, 1988.<br><br>Suomen telaleimat; Heimo, P.. Suomen Filatelistiliitto ry. Lahti, 1986.<br><br>Suomen ulkomaan kirjepostin j\u00e4rjestelyt 1875-1943; Hannula, P. &amp; Valtonen, J.. Joutj\u00e4rven Postimerkkikerho ry. Espoo, 2010.<br><br>Suomen vanhimmat paikkakuntaleimat; Gummesson, R. et al.. Postimerkkiliike Lauri Peltonen. Tammisaari, 1974.<br><br>Suspension of United States Mail to Switzerland 1942 to 1944\/1945, The; LaBlonde, C.. The American Helvetia Philatelic Society. 2007.<br><br>Svensk postihistoria 1855-1925; Billgren, J. &amp; Andersson, S.. Filatelisf\u00f6rbundets F\u00f6rlags AB. Boden.<br><br>Thoughts on Treatment &#8211; Philatelic Summit Papers Number 3; Harman, C.. Postiljonen AB. 2013.<br><br>Thurn und Taxis &#8211; Frankaturen in das Ausland (Edition D&#8217;Or); Heinrich K\u00f6hler. Heinrich K\u00f6hler. 2007.<br><br>Trans-Pacific Route 1942-1945, The; Startup. R.M.. Chavril Press. Scotland, 1997.<br><br>Traudl Collection of London Postal History 1661 to 10.1.1840, The; Hess, W.. Society of Postal Historians. 1994.<br><br>Understanding Transatlantic Mail volume 1; Winter, R.. American Philatelic Society. 2006.<br><br>Understanding Transatlantic Mail volume 2; Winter, R.. American Philatelic Society. 2009.<br><br>United Kingdom Letter Rates Inalnd and Overseas 1635 to 1900; Tabeart, C.. HH Sales Limited. 2003.<br><br>Unpaid and unedrpaid mail 1840 to 1921 England and Wales; Johnson, R.. Robson Lowe Ltd.. 1982.<br><br>Uusi Postitaksakirja 1891-1991; Rasehorn, H.. Joutj\u00e4rven Postimerkkikerho ry. Lahti, 1991.<br><br>Ven\u00e4j\u00e4n Postihistoria 1857-1918; Holmsten, M.. Oy Rurik ltd. Vaasa, 1992.<br><br>Weltatlas zur Philatelie; Gerlach, Hans-Henning. Richard Borek Philathek. Braunschweig, 1980.<br><br>Yleismerkit 1930; Kauppi, H.. Oy Finlandia 88 Ab. 2012.<br><br>Zusammenstellung der Portos\u00e4tze f\u00fcr die Correspondenz mit dem Ausland &#8211; Taler W\u00e4hrung 1846-1875; Steven, W.. Philabooks. 2010.<br><br>\u00d6sterreich 1850-1918 ; Ferchenbauer, U.. Selbstverlag. Tulln, 1990.<\/p>\n<\/div>\n<\/div>\n<\/div>\n","protected":false},"excerpt":{"rendered":"<p>1.8.2022 \/ luettelointi on viel\u00e4 kesken 150 tarinaa; Poropudas, L. (toim.). Suomen Posti Oyj. 2006. 350 years of Anglo-American postal links; De Righi, A.. National Postal Museum London. 1970. 500 Jahre Post Sammlung Gottfried Kaufmann; Feuser, P. (toim.). Peter Feuser S\u00fcdphila Auktionen. A Checklist of the Post Offices of New York State to 1850; Kaiser, [&hellip;]<\/p>\n","protected":false},"author":1,"featured_media":0,"parent":0,"menu_order":0,"comment_status":"closed","ping_status":"closed","template":"","meta":{"footnotes":""},"class_list":["post-130","page","type-page","status-publish","hentry"],"_links":{"self":[{"href":"https:\/\/www.vakavasti.fi\/index.php\/wp-json\/wp\/v2\/pages\/130","targetHints":{"allow":["GET"]}}],"collection":[{"href":"https:\/\/www.vakavasti.fi\/index.php\/wp-json\/wp\/v2\/pages"}],"about":[{"href":"https:\/\/www.vakavasti.fi\/index.php\/wp-json\/wp\/v2\/types\/page"}],"author":[{"embeddable":true,"href":"https:\/\/www.vakavasti.fi\/index.php\/wp-json\/wp\/v2\/users\/1"}],"replies":[{"embeddable":true,"href":"https:\/\/www.vakavasti.fi\/index.php\/wp-json\/wp\/v2\/comments?post=130"}],"version-history":[{"count":4,"href":"https:\/\/www.vakavasti.fi\/index.php\/wp-json\/wp\/v2\/pages\/130\/revisions"}],"predecessor-version":[{"id":298,"href":"https:\/\/www.vakavasti.fi\/index.php\/wp-json\/wp\/v2\/pages\/130\/revisions\/298"}],"wp:attachment":[{"href":"https:\/\/www.vakavasti.fi\/index.php\/wp-json\/wp\/v2\/media?parent=130"}],"curies":[{"name":"wp","href":"https:\/\/api.w.org\/{rel}","templated":true}]}}